{"id":4999,"date":"2025-04-09T10:38:48","date_gmt":"2025-04-09T10:38:48","guid":{"rendered":"https:\/\/www.barbierispa.com\/ersetzen-eines-bandebands-mit-problemen-bei-der-ablosung-von-schalen-und-kanten-im-stahlwerk\/"},"modified":"2026-04-09T13:41:18","modified_gmt":"2026-04-09T13:41:18","slug":"ersetzen-eines-bandebands-mit-problemen-bei-der-ablosung-von-schalen-und-kanten-im-stahlwerk","status":"publish","type":"page","link":"https:\/\/www.barbierispa.com\/de\/ersetzen-eines-bandebands-mit-problemen-bei-der-ablosung-von-schalen-und-kanten-im-stahlwerk\/","title":{"rendered":"Ersetzen eines Bandebands mit Problemen bei der Abl\u00f6sung von Schalen und Kanten im Stahlwerk"},"content":{"rendered":"\t\t<div data-elementor-type=\"wp-page\" data-elementor-id=\"4999\" class=\"elementor elementor-4999 elementor-2490\" data-elementor-post-type=\"page\">\n\t\t\t\t<div class=\"elementor-element elementor-element-7c6fa861 e-con-full e-flex e-con e-parent\" data-id=\"7c6fa861\" data-element_type=\"container\" data-e-type=\"container\">\n\t\t<div class=\"elementor-element elementor-element-5a7ce3b5 e-con-full e-flex e-con e-child\" data-id=\"5a7ce3b5\" data-element_type=\"container\" data-e-type=\"container\" data-settings=\"{&quot;background_background&quot;:&quot;classic&quot;}\">\n\t\t\t\t<\/div>\n\t\t<div class=\"elementor-element elementor-element-62037e67 e-con-full e-flex e-con e-child\" data-id=\"62037e67\" data-element_type=\"container\" data-e-type=\"container\" data-settings=\"{&quot;background_background&quot;:&quot;classic&quot;}\">\n\t\t<div class=\"elementor-element elementor-element-3c2dd10 e-con-full e-flex e-con e-child\" data-id=\"3c2dd10\" data-element_type=\"container\" data-e-type=\"container\">\n\t\t\t\t<div class=\"elementor-element elementor-element-39803538 elementor-widget elementor-widget-heading\" data-id=\"39803538\" data-element_type=\"widget\" data-e-type=\"widget\" data-widget_type=\"heading.default\">\n\t\t\t\t<div class=\"elementor-widget-container\">\n\t\t\t\t\t<h2 class=\"elementor-heading-title elementor-size-default\">Fallstudie 2<\/h2>\t\t\t\t<\/div>\n\t\t\t\t<\/div>\n\t\t\t\t<div class=\"elementor-element elementor-element-6f05c93 elementor-widget elementor-widget-heading\" data-id=\"6f05c93\" data-element_type=\"widget\" data-e-type=\"widget\" data-widget_type=\"heading.default\">\n\t\t\t\t<div class=\"elementor-widget-container\">\n\t\t\t\t\t<h6 class=\"elementor-heading-title elementor-size-default\">Ersetzen eines Bandebands mit Problemen bei der Abl\u00f6sung von Schalen und Kanten im Stahlwerk<\/h6>\t\t\t\t<\/div>\n\t\t\t\t<\/div>\n\t\t\t\t<\/div>\n\t\t\t\t<\/div>\n\t\t\t\t<\/div>\n\t\t<div class=\"elementor-element elementor-element-511c827 e-flex e-con-boxed e-con e-parent\" data-id=\"511c827\" data-element_type=\"container\" data-e-type=\"container\">\n\t\t\t\t\t<div class=\"e-con-inner\">\n\t\t\t\t<div class=\"elementor-element elementor-element-5874c45 elementor-widget elementor-widget-text-editor\" data-id=\"5874c45\" data-element_type=\"widget\" data-e-type=\"widget\" data-widget_type=\"text-editor.default\">\n\t\t\t\t<div class=\"elementor-widget-container\">\n\t\t\t\t\t\t\t\t\t<p><strong>Hintergrund:<\/strong><br>Im Januar 2023 gab es in einem gro\u00dfen Stahlwerk ernsthafte Betriebsprobleme mit einem F\u00f6rderband, das von einem unserer Wettbewerber geliefert wurde. Dieses Band, das f\u00fcr den Transport von Metallmaterialien bei hohen Temperaturen verwendet wurde, hatte kalt aufgetragene Kanten und Becher mit Klebstoffen. Dies f\u00fchrte zu zahlreichen Ausf\u00e4llen, bei denen sich Kanten und Becher w\u00e4hrend des Betriebs abl\u00f6sten, was zu Unterbrechungen und Ausfallzeiten im Produktionsbetrieb f\u00fchrte.  <\/p><p><strong>Problem:<\/strong><br>Die mit Klebstoff kalt aufgetragenen Kanten und Schaufeln waren nicht in der Lage, den thermischen und mechanischen Belastungen standzuhalten, die in einer Hochtemperaturumgebung wie einem Stahlwerk typisch sind. Verschlei\u00df und st\u00e4ndige Reibung f\u00fchrten dazu, dass sich die Schaufeln und Kanten vom Band l\u00f6sten, was die Effizienz des Systems beeintr\u00e4chtigte und die Sicherheit der Bediener gef\u00e4hrdete. Dies f\u00fchrte zu h\u00e4ufigen Produktionsunterbrechungen und zus\u00e4tzlichen Reparaturkosten.  <\/p><p><strong>Intervention:<\/strong><br>Einer unserer Techniker f\u00fchrte eine Inspektion im Stahlwerk durch, um die Situation zu analysieren und die Ursache f\u00fcr die Fehlfunktion zu ermitteln. Bei dem Besuch wurde festgestellt, dass die Methode der Kaltanbringung der Kanten und Saugn\u00e4pfe nicht ausreichte, um die erforderliche Dichtheit in einer so anspruchsvollen Betriebsumgebung zu gew\u00e4hrleisten. <\/p><p>L\u00f6sung<strong>:<\/strong><br>Wir haben eine innovative und hocheffektive L\u00f6sung vorgeschlagen, indem wir das defekte Band durch unser <strong>Flexwall-Band<\/strong> ersetzt haben, ein Produkt, das entwickelt wurde, um den mechanischen und thermischen Belastungen in hochintensiven industriellen Umgebungen standzuhalten. Der Hauptunterschied zum vorherigen Produkt besteht darin, dass die Kanten und N\u00e4pfe des <strong>Flexwall-Bandes<\/strong> mit hochmodernen Pressen hei\u00df aufgebracht werden, was eine \u00fcberragende Festigkeit und Haltbarkeit gew\u00e4hrleistet. <\/p><ol><li><strong>Inspektion und technische Analyse:<\/strong><br>Unser technisches Team f\u00fchrte eine gr\u00fcndliche Bewertung des F\u00f6rdersystems und der Arbeitsbedingungen in dem Stahlwerk durch. Es wurde festgestellt, dass das Band mit den kalt aufgetragenen Kanten und Saugn\u00e4pfen den hohen Hitze- und Reibungskr\u00e4ften in der Arbeitsumgebung nicht standhalten konnte. <\/li><li><strong>Vorschlag f\u00fcr Flexwall-Band:<\/strong><br>Nach der Analyse der Anforderungen des Kunden schlugen wir vor, das vorhandene Band durch ein <strong>Flexwall-Band<\/strong> zu ersetzen.<\/li><li><strong>Installation:<\/strong><br>Sobald die L\u00f6sung genehmigt war, entfernte unser Team das alte Klebeband und installierte das <strong>Flexwall-Band<\/strong>. Die Hei\u00dfverklebung sorgte f\u00fcr eine optimale Verklebung der Kanten und Tassen und minimierte das Risiko einer Abl\u00f6sung. <\/li><li><strong>Support und \u00dcberwachung:<\/strong><br>Nach der Installation boten wir kontinuierlichen Support und \u00fcberwachten die Leistung des neuen Systems. Au\u00dferdem schulten wir den Kunden eingehend in der korrekten Nutzung und Wartung des neuen Bandes, um sicherzustellen, dass \u00e4hnliche Probleme nicht noch einmal auftreten w\u00fcrden. <\/li><\/ol><p> <\/p><p><strong>Ergebnis:<\/strong><br>Die Installation des <strong>Flexwall-Bandes<\/strong> l\u00f6ste die Probleme der Kanten- und Schaufelabl\u00f6sung und verbesserte die Zuverl\u00e4ssigkeit und Sicherheit des F\u00f6rdersystems erheblich. Der Kunde konnte eine deutliche Steigerung der Betriebseffizienz feststellen, mit einer Reduzierung der Produktionsunterbrechungen und der Wartungskosten. Dar\u00fcber hinaus hat der Einsatz eines Gurtes mit hei\u00df aufgetragenen Kanten und Bechern eine l\u00e4ngere Lebensdauer als fr\u00fchere Gurte erm\u00f6glicht und eine hohe Leistung auch unter extrem schwierigen Arbeitsbedingungen gew\u00e4hrleistet.  <\/p><p>Abschlie\u00dfend l\u00e4sst sich sagen, dass unser Eingreifen nicht nur die Produktionseffizienz wiederhergestellt, sondern auch zur Verbesserung der Sicherheit und Stabilit\u00e4t des Produktionsprozesses beigetragen und unsere Position als zuverl\u00e4ssiger Partner in der Branche gefestigt hat.<\/p>\t\t\t\t\t\t\t\t<\/div>\n\t\t\t\t<\/div>\n\t\t\t\t\t<\/div>\n\t\t\t\t<\/div>\n\t\t\t\t<\/div>\n\t\t","protected":false},"excerpt":{"rendered":"<p>Fallstudie 2 Ersetzen eines Bandebands mit Problemen bei der Abl\u00f6sung von Schalen und Kanten im Stahlwerk Hintergrund:Im Januar 2023 gab es in einem gro\u00dfen Stahlwerk ernsthafte Betriebsprobleme mit einem F\u00f6rderband, das von einem unserer Wettbewerber geliefert wurde. Dieses Band, das f\u00fcr den Transport von Metallmaterialien bei hohen Temperaturen verwendet wurde, hatte kalt aufgetragene Kanten und [&hellip;]<\/p>\n","protected":false},"author":3,"featured_media":5001,"parent":0,"menu_order":0,"comment_status":"closed","ping_status":"closed","template":"","meta":{"_acf_changed":false,"footnotes":""},"class_list":["post-4999","page","type-page","status-publish","has-post-thumbnail","hentry"],"acf":[],"yoast_head":"<!-- This site is optimized with the Yoast SEO plugin v27.2 - https:\/\/yoast.com\/product\/yoast-seo-wordpress\/ -->\n<title>Ersetzen eines Bandebands mit Problemen bei der Abl\u00f6sung von Schalen und Kanten im Stahlwerk - Barbieri Spa<\/title>\n<meta name=\"description\" content=\"Fallstudie 1: Tunnelbrandintervention mit Installation eines Klasse-A-Bandes mit CR-Verbindung\" \/>\n<meta name=\"robots\" content=\"index, follow, max-snippet:-1, max-image-preview:large, max-video-preview:-1\" \/>\n<link rel=\"canonical\" href=\"https:\/\/www.barbierispa.com\/de\/ersetzen-eines-bandebands-mit-problemen-bei-der-ablosung-von-schalen-und-kanten-im-stahlwerk\/\" \/>\n<meta property=\"og:locale\" content=\"de_DE\" \/>\n<meta property=\"og:type\" content=\"article\" \/>\n<meta property=\"og:title\" content=\"Ersetzen eines Bandebands mit Problemen bei der Abl\u00f6sung von Schalen und Kanten im Stahlwerk - Barbieri Spa\" \/>\n<meta property=\"og:description\" content=\"Fallstudie 1: Tunnelbrandintervention mit Installation eines Klasse-A-Bandes mit CR-Verbindung\" \/>\n<meta property=\"og:url\" content=\"https:\/\/www.barbierispa.com\/de\/ersetzen-eines-bandebands-mit-problemen-bei-der-ablosung-von-schalen-und-kanten-im-stahlwerk\/\" \/>\n<meta property=\"og:site_name\" content=\"Barbieri Spa\" \/>\n<meta property=\"article:modified_time\" content=\"2026-04-09T13:41:18+00:00\" \/>\n<meta property=\"og:image\" content=\"https:\/\/www.barbierispa.com\/wp-content\/uploads\/2025\/06\/ChatGPT-Image-4-giu-2025-15_58_15-1.png\" \/>\n\t<meta property=\"og:image:width\" content=\"1536\" \/>\n\t<meta property=\"og:image:height\" content=\"1024\" \/>\n\t<meta property=\"og:image:type\" content=\"image\/png\" \/>\n<meta name=\"twitter:card\" content=\"summary_large_image\" \/>\n<meta name=\"twitter:label1\" content=\"Gesch\u00e4tzte Lesezeit\" \/>\n\t<meta name=\"twitter:data1\" content=\"3\u00a0Minuten\" \/>\n<script type=\"application\/ld+json\" class=\"yoast-schema-graph\">{\"@context\":\"https:\/\/schema.org\",\"@graph\":[{\"@type\":\"WebPage\",\"@id\":\"https:\/\/www.barbierispa.com\/de\/ersetzen-eines-bandebands-mit-problemen-bei-der-ablosung-von-schalen-und-kanten-im-stahlwerk\/\",\"url\":\"https:\/\/www.barbierispa.com\/de\/ersetzen-eines-bandebands-mit-problemen-bei-der-ablosung-von-schalen-und-kanten-im-stahlwerk\/\",\"name\":\"Ersetzen eines Bandebands mit Problemen bei der Abl\u00f6sung von Schalen und Kanten im Stahlwerk - Barbieri Spa\",\"isPartOf\":{\"@id\":\"https:\/\/www.barbierispa.com\/de\/#website\"},\"primaryImageOfPage\":{\"@id\":\"https:\/\/www.barbierispa.com\/de\/ersetzen-eines-bandebands-mit-problemen-bei-der-ablosung-von-schalen-und-kanten-im-stahlwerk\/#primaryimage\"},\"image\":{\"@id\":\"https:\/\/www.barbierispa.com\/de\/ersetzen-eines-bandebands-mit-problemen-bei-der-ablosung-von-schalen-und-kanten-im-stahlwerk\/#primaryimage\"},\"thumbnailUrl\":\"https:\/\/www.barbierispa.com\/wp-content\/uploads\/2025\/06\/ChatGPT-Image-4-giu-2025-15_58_15-1.png\",\"datePublished\":\"2025-04-09T10:38:48+00:00\",\"dateModified\":\"2026-04-09T13:41:18+00:00\",\"description\":\"Fallstudie 1: Tunnelbrandintervention mit Installation eines Klasse-A-Bandes mit CR-Verbindung\",\"breadcrumb\":{\"@id\":\"https:\/\/www.barbierispa.com\/de\/ersetzen-eines-bandebands-mit-problemen-bei-der-ablosung-von-schalen-und-kanten-im-stahlwerk\/#breadcrumb\"},\"inLanguage\":\"de\",\"potentialAction\":[{\"@type\":\"ReadAction\",\"target\":[\"https:\/\/www.barbierispa.com\/de\/ersetzen-eines-bandebands-mit-problemen-bei-der-ablosung-von-schalen-und-kanten-im-stahlwerk\/\"]}]},{\"@type\":\"ImageObject\",\"inLanguage\":\"de\",\"@id\":\"https:\/\/www.barbierispa.com\/de\/ersetzen-eines-bandebands-mit-problemen-bei-der-ablosung-von-schalen-und-kanten-im-stahlwerk\/#primaryimage\",\"url\":\"https:\/\/www.barbierispa.com\/wp-content\/uploads\/2025\/06\/ChatGPT-Image-4-giu-2025-15_58_15-1.png\",\"contentUrl\":\"https:\/\/www.barbierispa.com\/wp-content\/uploads\/2025\/06\/ChatGPT-Image-4-giu-2025-15_58_15-1.png\",\"width\":1536,\"height\":1024},{\"@type\":\"BreadcrumbList\",\"@id\":\"https:\/\/www.barbierispa.com\/de\/ersetzen-eines-bandebands-mit-problemen-bei-der-ablosung-von-schalen-und-kanten-im-stahlwerk\/#breadcrumb\",\"itemListElement\":[{\"@type\":\"ListItem\",\"position\":1,\"name\":\"Home\",\"item\":\"https:\/\/www.barbierispa.com\/de\/home\/\"},{\"@type\":\"ListItem\",\"position\":2,\"name\":\"Ersetzen eines Bandebands mit Problemen bei der Abl\u00f6sung von Schalen und Kanten im Stahlwerk\"}]},{\"@type\":\"WebSite\",\"@id\":\"https:\/\/www.barbierispa.com\/de\/#website\",\"url\":\"https:\/\/www.barbierispa.com\/de\/\",\"name\":\"Barbieri Spa\",\"description\":\"\",\"publisher\":{\"@id\":\"https:\/\/www.barbierispa.com\/de\/#organization\"},\"potentialAction\":[{\"@type\":\"SearchAction\",\"target\":{\"@type\":\"EntryPoint\",\"urlTemplate\":\"https:\/\/www.barbierispa.com\/de\/?s={search_term_string}\"},\"query-input\":{\"@type\":\"PropertyValueSpecification\",\"valueRequired\":true,\"valueName\":\"search_term_string\"}}],\"inLanguage\":\"de\"},{\"@type\":\"Organization\",\"@id\":\"https:\/\/www.barbierispa.com\/de\/#organization\",\"name\":\"Barbieri Spa\",\"url\":\"https:\/\/www.barbierispa.com\/de\/\",\"logo\":{\"@type\":\"ImageObject\",\"inLanguage\":\"de\",\"@id\":\"https:\/\/www.barbierispa.com\/de\/#\/schema\/logo\/image\/\",\"url\":\"https:\/\/www.barbierispa.com\/wp-content\/uploads\/2025\/01\/barbieri-logo-2x.png\",\"contentUrl\":\"https:\/\/www.barbierispa.com\/wp-content\/uploads\/2025\/01\/barbieri-logo-2x.png\",\"width\":291,\"height\":188,\"caption\":\"Barbieri Spa\"},\"image\":{\"@id\":\"https:\/\/www.barbierispa.com\/de\/#\/schema\/logo\/image\/\"}}]}<\/script>\n<!-- \/ Yoast SEO plugin. -->","yoast_head_json":{"title":"Ersetzen eines Bandebands mit Problemen bei der Abl\u00f6sung von Schalen und Kanten im Stahlwerk - Barbieri Spa","description":"Fallstudie 1: Tunnelbrandintervention mit Installation eines Klasse-A-Bandes mit CR-Verbindung","robots":{"index":"index","follow":"follow","max-snippet":"max-snippet:-1","max-image-preview":"max-image-preview:large","max-video-preview":"max-video-preview:-1"},"canonical":"https:\/\/www.barbierispa.com\/de\/ersetzen-eines-bandebands-mit-problemen-bei-der-ablosung-von-schalen-und-kanten-im-stahlwerk\/","og_locale":"de_DE","og_type":"article","og_title":"Ersetzen eines Bandebands mit Problemen bei der Abl\u00f6sung von Schalen und Kanten im Stahlwerk - Barbieri Spa","og_description":"Fallstudie 1: Tunnelbrandintervention mit Installation eines Klasse-A-Bandes mit CR-Verbindung","og_url":"https:\/\/www.barbierispa.com\/de\/ersetzen-eines-bandebands-mit-problemen-bei-der-ablosung-von-schalen-und-kanten-im-stahlwerk\/","og_site_name":"Barbieri Spa","article_modified_time":"2026-04-09T13:41:18+00:00","og_image":[{"width":1536,"height":1024,"url":"https:\/\/www.barbierispa.com\/wp-content\/uploads\/2025\/06\/ChatGPT-Image-4-giu-2025-15_58_15-1.png","type":"image\/png"}],"twitter_card":"summary_large_image","twitter_misc":{"Gesch\u00e4tzte Lesezeit":"3\u00a0Minuten"},"schema":{"@context":"https:\/\/schema.org","@graph":[{"@type":"WebPage","@id":"https:\/\/www.barbierispa.com\/de\/ersetzen-eines-bandebands-mit-problemen-bei-der-ablosung-von-schalen-und-kanten-im-stahlwerk\/","url":"https:\/\/www.barbierispa.com\/de\/ersetzen-eines-bandebands-mit-problemen-bei-der-ablosung-von-schalen-und-kanten-im-stahlwerk\/","name":"Ersetzen eines Bandebands mit Problemen bei der Abl\u00f6sung von Schalen und Kanten im Stahlwerk - Barbieri Spa","isPartOf":{"@id":"https:\/\/www.barbierispa.com\/de\/#website"},"primaryImageOfPage":{"@id":"https:\/\/www.barbierispa.com\/de\/ersetzen-eines-bandebands-mit-problemen-bei-der-ablosung-von-schalen-und-kanten-im-stahlwerk\/#primaryimage"},"image":{"@id":"https:\/\/www.barbierispa.com\/de\/ersetzen-eines-bandebands-mit-problemen-bei-der-ablosung-von-schalen-und-kanten-im-stahlwerk\/#primaryimage"},"thumbnailUrl":"https:\/\/www.barbierispa.com\/wp-content\/uploads\/2025\/06\/ChatGPT-Image-4-giu-2025-15_58_15-1.png","datePublished":"2025-04-09T10:38:48+00:00","dateModified":"2026-04-09T13:41:18+00:00","description":"Fallstudie 1: Tunnelbrandintervention mit Installation eines Klasse-A-Bandes mit CR-Verbindung","breadcrumb":{"@id":"https:\/\/www.barbierispa.com\/de\/ersetzen-eines-bandebands-mit-problemen-bei-der-ablosung-von-schalen-und-kanten-im-stahlwerk\/#breadcrumb"},"inLanguage":"de","potentialAction":[{"@type":"ReadAction","target":["https:\/\/www.barbierispa.com\/de\/ersetzen-eines-bandebands-mit-problemen-bei-der-ablosung-von-schalen-und-kanten-im-stahlwerk\/"]}]},{"@type":"ImageObject","inLanguage":"de","@id":"https:\/\/www.barbierispa.com\/de\/ersetzen-eines-bandebands-mit-problemen-bei-der-ablosung-von-schalen-und-kanten-im-stahlwerk\/#primaryimage","url":"https:\/\/www.barbierispa.com\/wp-content\/uploads\/2025\/06\/ChatGPT-Image-4-giu-2025-15_58_15-1.png","contentUrl":"https:\/\/www.barbierispa.com\/wp-content\/uploads\/2025\/06\/ChatGPT-Image-4-giu-2025-15_58_15-1.png","width":1536,"height":1024},{"@type":"BreadcrumbList","@id":"https:\/\/www.barbierispa.com\/de\/ersetzen-eines-bandebands-mit-problemen-bei-der-ablosung-von-schalen-und-kanten-im-stahlwerk\/#breadcrumb","itemListElement":[{"@type":"ListItem","position":1,"name":"Home","item":"https:\/\/www.barbierispa.com\/de\/home\/"},{"@type":"ListItem","position":2,"name":"Ersetzen eines Bandebands mit Problemen bei der Abl\u00f6sung von Schalen und Kanten im Stahlwerk"}]},{"@type":"WebSite","@id":"https:\/\/www.barbierispa.com\/de\/#website","url":"https:\/\/www.barbierispa.com\/de\/","name":"Barbieri Spa","description":"","publisher":{"@id":"https:\/\/www.barbierispa.com\/de\/#organization"},"potentialAction":[{"@type":"SearchAction","target":{"@type":"EntryPoint","urlTemplate":"https:\/\/www.barbierispa.com\/de\/?s={search_term_string}"},"query-input":{"@type":"PropertyValueSpecification","valueRequired":true,"valueName":"search_term_string"}}],"inLanguage":"de"},{"@type":"Organization","@id":"https:\/\/www.barbierispa.com\/de\/#organization","name":"Barbieri Spa","url":"https:\/\/www.barbierispa.com\/de\/","logo":{"@type":"ImageObject","inLanguage":"de","@id":"https:\/\/www.barbierispa.com\/de\/#\/schema\/logo\/image\/","url":"https:\/\/www.barbierispa.com\/wp-content\/uploads\/2025\/01\/barbieri-logo-2x.png","contentUrl":"https:\/\/www.barbierispa.com\/wp-content\/uploads\/2025\/01\/barbieri-logo-2x.png","width":291,"height":188,"caption":"Barbieri Spa"},"image":{"@id":"https:\/\/www.barbierispa.com\/de\/#\/schema\/logo\/image\/"}}]}},"_links":{"self":[{"href":"https:\/\/www.barbierispa.com\/de\/wp-json\/wp\/v2\/pages\/4999","targetHints":{"allow":["GET"]}}],"collection":[{"href":"https:\/\/www.barbierispa.com\/de\/wp-json\/wp\/v2\/pages"}],"about":[{"href":"https:\/\/www.barbierispa.com\/de\/wp-json\/wp\/v2\/types\/page"}],"author":[{"embeddable":true,"href":"https:\/\/www.barbierispa.com\/de\/wp-json\/wp\/v2\/users\/3"}],"replies":[{"embeddable":true,"href":"https:\/\/www.barbierispa.com\/de\/wp-json\/wp\/v2\/comments?post=4999"}],"version-history":[{"count":1,"href":"https:\/\/www.barbierispa.com\/de\/wp-json\/wp\/v2\/pages\/4999\/revisions"}],"predecessor-version":[{"id":5002,"href":"https:\/\/www.barbierispa.com\/de\/wp-json\/wp\/v2\/pages\/4999\/revisions\/5002"}],"wp:featuredmedia":[{"embeddable":true,"href":"https:\/\/www.barbierispa.com\/de\/wp-json\/wp\/v2\/media\/5001"}],"wp:attachment":[{"href":"https:\/\/www.barbierispa.com\/de\/wp-json\/wp\/v2\/media?parent=4999"}],"curies":[{"name":"wp","href":"https:\/\/api.w.org\/{rel}","templated":true}]}}