{"id":5030,"date":"2025-04-09T10:35:11","date_gmt":"2025-04-09T10:35:11","guid":{"rendered":"https:\/\/www.barbierispa.com\/feuerhemmende-tunnel-forderband-installation-mit-klasse-a-band-mit-cr-compound\/"},"modified":"2026-04-14T10:04:35","modified_gmt":"2026-04-14T10:04:35","slug":"feuerhemmende-tunnel-forderband-installation-mit-klasse-a-band-mit-cr-compound","status":"publish","type":"page","link":"https:\/\/www.barbierispa.com\/de\/feuerhemmende-tunnel-forderband-installation-mit-klasse-a-band-mit-cr-compound\/","title":{"rendered":"Feuerhemmende Tunnel-F\u00f6rderband-Installation mit Klasse A-Band mit CR-Compound"},"content":{"rendered":"\t\t<div data-elementor-type=\"wp-page\" data-elementor-id=\"5030\" class=\"elementor elementor-5030 elementor-2484\" data-elementor-post-type=\"page\">\n\t\t\t\t<div class=\"elementor-element elementor-element-7c6fa861 e-con-full e-flex e-con e-parent\" data-id=\"7c6fa861\" data-element_type=\"container\" data-e-type=\"container\">\n\t\t<div class=\"elementor-element elementor-element-5a7ce3b5 e-con-full e-flex e-con e-child\" data-id=\"5a7ce3b5\" data-element_type=\"container\" data-e-type=\"container\" data-settings=\"{&quot;background_background&quot;:&quot;classic&quot;}\">\n\t\t\t\t<\/div>\n\t\t<div class=\"elementor-element elementor-element-62037e67 e-con-full e-flex e-con e-child\" data-id=\"62037e67\" data-element_type=\"container\" data-e-type=\"container\" data-settings=\"{&quot;background_background&quot;:&quot;classic&quot;}\">\n\t\t<div class=\"elementor-element elementor-element-3c2dd10 e-con-full e-flex e-con e-child\" data-id=\"3c2dd10\" data-element_type=\"container\" data-e-type=\"container\">\n\t\t\t\t<div class=\"elementor-element elementor-element-39803538 elementor-widget elementor-widget-heading\" data-id=\"39803538\" data-element_type=\"widget\" data-e-type=\"widget\" data-widget_type=\"heading.default\">\n\t\t\t\t<div class=\"elementor-widget-container\">\n\t\t\t\t\t<h3 class=\"elementor-heading-title elementor-size-default\">Fallstudie 1<\/h3>\t\t\t\t<\/div>\n\t\t\t\t<\/div>\n\t\t\t\t<div class=\"elementor-element elementor-element-4953874f elementor-widget elementor-widget-text-editor\" data-id=\"4953874f\" data-element_type=\"widget\" data-e-type=\"widget\" data-widget_type=\"text-editor.default\">\n\t\t\t\t<div class=\"elementor-widget-container\">\n\t\t\t\t\t\t\t\t\t<p>Feuerhemmende Tunnel-F\u00f6rderband-Installation mit Klasse A-Band mit CR-Compound<\/p>\t\t\t\t\t\t\t\t<\/div>\n\t\t\t\t<\/div>\n\t\t\t\t<\/div>\n\t\t\t\t<\/div>\n\t\t\t\t<\/div>\n\t\t<div class=\"elementor-element elementor-element-511c827 e-flex e-con-boxed e-con e-parent\" data-id=\"511c827\" data-element_type=\"container\" data-e-type=\"container\">\n\t\t\t\t\t<div class=\"e-con-inner\">\n\t\t\t\t<div class=\"elementor-element elementor-element-5874c45 elementor-widget elementor-widget-text-editor\" data-id=\"5874c45\" data-element_type=\"widget\" data-e-type=\"widget\" data-widget_type=\"text-editor.default\">\n\t\t\t\t<div class=\"elementor-widget-container\">\n\t\t\t\t\t\t\t\t\t<p><strong>Incipit: <\/strong>Im Dezember 2024 erlitt ein gro\u00dfes Industrieunternehmen schwere Sch\u00e4den durch einen Brand, der das F\u00f6rderband in einem unterirdischen Tunnel zerst\u00f6rte. Dieses Ereignis verursachte erhebliche Ausfallzeiten und gef\u00e4hrdete die Kontinuit\u00e4t der Produktion. Dank unseres rechtzeitigen Eingreifens konnte das System schnell wiederhergestellt und gleichzeitig die Sicherheit und Zuverl\u00e4ssigkeit der gesamten Anlage verbessert werden.  <\/p><p><strong>Hintergrund:<\/strong> Im Dezember 2024 bat ein gro\u00dfes Industrieunternehmen um unseren dringenden Einsatz, nachdem ein Feuer das F\u00f6rderband in einem seiner unterirdischen Tunnel besch\u00e4digt hatte. Das 150 Meter lange und 1 Meter breite Band war v\u00f6llig zerst\u00f6rt und gef\u00e4hrdete die Kontinuit\u00e4t der Produktion. <\/p><p><strong>Problem:<\/strong> Das Feuer, das durch eine elektrische Fehlfunktion verursacht wurde, beeintr\u00e4chtigte das F\u00f6rderband und setzte das Unternehmen erheblichen Ausfallzeiten aus. Au\u00dferdem war die Sicherheit der Mitarbeiter durch Rauch und Verbrennungsr\u00fcckst\u00e4nde gef\u00e4hrdet. <\/p><p><strong>L\u00f6sung:<\/strong> Unser Einsatz umfasste den vollst\u00e4ndigen Ersatz des besch\u00e4digten F\u00f6rderbands durch ein neues Band aus Material der Klasse A, einer feuerfesten und antistatischen Abdeckung, die f\u00fcr den Einsatz in unterirdischen Umgebungen geeignet ist.<\/p><ol><li>Entfernung <strong>des besch\u00e4digten Klebebands:<\/strong> Unser Expertenteam begann mit \u00e4u\u00dferster Sorgfalt mit der Entfernung des verbrannten Klebebands, um die Sicherheit der Mitarbeiter und die Einhaltung der Brandschutzvorschriften zu gew\u00e4hrleisten. Der Bereich wurde gesichert, um das Risiko einer Exposition gegen\u00fcber giftigen D\u00e4mpfen zu vermeiden. <\/li><li><strong>Installation des neuen Bandes:<\/strong> Nach einer gr\u00fcndlichen Bewertung der Tunnelbedingungen installierten wir das neue F\u00f6rderband auf einer L\u00e4nge von 150 Metern. Die Wahl eines Gurtes der Klasse A mit CR-Mischung wurde getroffen, um die Sicherheitsanforderungen des Kunden zu erf\u00fcllen, der ein feuerfestes und antistatisches Material ben\u00f6tigte, das f\u00fcr den Einsatz in unterirdischen Umgebungen geeignet ist. <\/li><li><strong>Schulung und laufender Support:<\/strong> Nach Abschluss der Installation boten wir dem Personal des Kunden eine Schulung an, in der wir erkl\u00e4rten, wie das F\u00f6rderband ordnungsgem\u00e4\u00df gewartet wird und welche Verfahren im Notfall zu befolgen sind. Dar\u00fcber hinaus haben wir ein laufendes Supportprogramm mit regelm\u00e4\u00dfigen Besuchen eingerichtet, um den Zustand des Bandes zu \u00fcberwachen und seinen optimalen Betrieb sicherzustellen. <\/li><\/ol><p><strong>Ergebnis:<\/strong> Das F\u00f6rderband konnte schnell wieder in Betrieb genommen werden, und das Risiko m\u00f6glicher zuk\u00fcnftiger Br\u00e4nde wurde deutlich verringert. Der Kunde sch\u00e4tzte das rechtzeitige Eingreifen und die Wirksamkeit des gew\u00e4hlten Materials, das die Sicherheit und Zuverl\u00e4ssigkeit des Systems verbesserte. Au\u00dferdem konnte das Unternehmen dank der kontinuierlichen Unterst\u00fctzung einen reibungslosen und ununterbrochenen Produktionsfluss aufrechterhalten.  <\/p><p><strong>Fazit:<\/strong> Unser Einsatz hat nicht nur den Betrieb des Kunden wiederhergestellt, sondern auch das Sicherheitsniveau und die Leistungsf\u00e4higkeit des Verkehrssystems erh\u00f6ht. Damit haben wir unsere F\u00e4higkeit unter Beweis gestellt, in Notf\u00e4llen schnell zu reagieren und sichere und nachhaltige L\u00f6sungen zu gew\u00e4hrleisten.<\/p>\t\t\t\t\t\t\t\t<\/div>\n\t\t\t\t<\/div>\n\t\t\t\t\t<\/div>\n\t\t\t\t<\/div>\n\t\t\t\t<\/div>\n\t\t","protected":false},"excerpt":{"rendered":"<p>Fallstudie 1 Feuerhemmende Tunnel-F\u00f6rderband-Installation mit Klasse A-Band mit CR-Compound Incipit: Im Dezember 2024 erlitt ein gro\u00dfes Industrieunternehmen schwere Sch\u00e4den durch einen Brand, der das F\u00f6rderband in einem unterirdischen Tunnel zerst\u00f6rte. Dieses Ereignis verursachte erhebliche Ausfallzeiten und gef\u00e4hrdete die Kontinuit\u00e4t der Produktion. Dank unseres rechtzeitigen Eingreifens konnte das System schnell wiederhergestellt und gleichzeitig die Sicherheit und [&hellip;]<\/p>\n","protected":false},"author":3,"featured_media":5028,"parent":0,"menu_order":0,"comment_status":"closed","ping_status":"closed","template":"","meta":{"_acf_changed":false,"footnotes":""},"class_list":["post-5030","page","type-page","status-publish","has-post-thumbnail","hentry"],"acf":[],"yoast_head":"<!-- This site is optimized with the Yoast SEO plugin v27.2 - https:\/\/yoast.com\/product\/yoast-seo-wordpress\/ -->\n<title>Feuerhemmende Tunnel-F\u00f6rderband-Installation mit Klasse A-Band mit CR-Compound - Barbieri Spa<\/title>\n<meta name=\"description\" content=\"Fallstudie 1: Tunnelbrandintervention mit Installation eines Klasse-A-Bandes mit CR-Verbindung\" \/>\n<meta name=\"robots\" content=\"index, follow, max-snippet:-1, max-image-preview:large, max-video-preview:-1\" \/>\n<link rel=\"canonical\" href=\"https:\/\/www.barbierispa.com\/de\/feuerhemmende-tunnel-forderband-installation-mit-klasse-a-band-mit-cr-compound\/\" \/>\n<meta property=\"og:locale\" content=\"de_DE\" \/>\n<meta property=\"og:type\" content=\"article\" \/>\n<meta property=\"og:title\" content=\"Feuerhemmende Tunnel-F\u00f6rderband-Installation mit Klasse A-Band mit CR-Compound - Barbieri Spa\" \/>\n<meta property=\"og:description\" content=\"Fallstudie 1: Tunnelbrandintervention mit Installation eines Klasse-A-Bandes mit CR-Verbindung\" \/>\n<meta property=\"og:url\" content=\"https:\/\/www.barbierispa.com\/de\/feuerhemmende-tunnel-forderband-installation-mit-klasse-a-band-mit-cr-compound\/\" \/>\n<meta property=\"og:site_name\" content=\"Barbieri Spa\" \/>\n<meta property=\"article:modified_time\" content=\"2026-04-14T10:04:35+00:00\" \/>\n<meta property=\"og:image\" content=\"https:\/\/www.barbierispa.com\/wp-content\/uploads\/2025\/03\/FIRETEX.jpg\" \/>\n\t<meta property=\"og:image:width\" content=\"660\" \/>\n\t<meta property=\"og:image:height\" content=\"440\" \/>\n\t<meta property=\"og:image:type\" content=\"image\/jpeg\" \/>\n<meta name=\"twitter:card\" content=\"summary_large_image\" \/>\n<meta name=\"twitter:label1\" content=\"Gesch\u00e4tzte Lesezeit\" \/>\n\t<meta name=\"twitter:data1\" content=\"2\u00a0Minuten\" \/>\n<script type=\"application\/ld+json\" class=\"yoast-schema-graph\">{\"@context\":\"https:\/\/schema.org\",\"@graph\":[{\"@type\":\"WebPage\",\"@id\":\"https:\/\/www.barbierispa.com\/de\/feuerhemmende-tunnel-forderband-installation-mit-klasse-a-band-mit-cr-compound\/\",\"url\":\"https:\/\/www.barbierispa.com\/de\/feuerhemmende-tunnel-forderband-installation-mit-klasse-a-band-mit-cr-compound\/\",\"name\":\"Feuerhemmende Tunnel-F\u00f6rderband-Installation mit Klasse A-Band mit CR-Compound - Barbieri Spa\",\"isPartOf\":{\"@id\":\"https:\/\/www.barbierispa.com\/de\/#website\"},\"primaryImageOfPage\":{\"@id\":\"https:\/\/www.barbierispa.com\/de\/feuerhemmende-tunnel-forderband-installation-mit-klasse-a-band-mit-cr-compound\/#primaryimage\"},\"image\":{\"@id\":\"https:\/\/www.barbierispa.com\/de\/feuerhemmende-tunnel-forderband-installation-mit-klasse-a-band-mit-cr-compound\/#primaryimage\"},\"thumbnailUrl\":\"https:\/\/www.barbierispa.com\/wp-content\/uploads\/2025\/03\/FIRETEX.jpg\",\"datePublished\":\"2025-04-09T10:35:11+00:00\",\"dateModified\":\"2026-04-14T10:04:35+00:00\",\"description\":\"Fallstudie 1: Tunnelbrandintervention mit Installation eines Klasse-A-Bandes mit CR-Verbindung\",\"breadcrumb\":{\"@id\":\"https:\/\/www.barbierispa.com\/de\/feuerhemmende-tunnel-forderband-installation-mit-klasse-a-band-mit-cr-compound\/#breadcrumb\"},\"inLanguage\":\"de\",\"potentialAction\":[{\"@type\":\"ReadAction\",\"target\":[\"https:\/\/www.barbierispa.com\/de\/feuerhemmende-tunnel-forderband-installation-mit-klasse-a-band-mit-cr-compound\/\"]}]},{\"@type\":\"ImageObject\",\"inLanguage\":\"de\",\"@id\":\"https:\/\/www.barbierispa.com\/de\/feuerhemmende-tunnel-forderband-installation-mit-klasse-a-band-mit-cr-compound\/#primaryimage\",\"url\":\"https:\/\/www.barbierispa.com\/wp-content\/uploads\/2025\/03\/FIRETEX.jpg\",\"contentUrl\":\"https:\/\/www.barbierispa.com\/wp-content\/uploads\/2025\/03\/FIRETEX.jpg\",\"width\":660,\"height\":440},{\"@type\":\"BreadcrumbList\",\"@id\":\"https:\/\/www.barbierispa.com\/de\/feuerhemmende-tunnel-forderband-installation-mit-klasse-a-band-mit-cr-compound\/#breadcrumb\",\"itemListElement\":[{\"@type\":\"ListItem\",\"position\":1,\"name\":\"Home\",\"item\":\"https:\/\/www.barbierispa.com\/de\/home\/\"},{\"@type\":\"ListItem\",\"position\":2,\"name\":\"Feuerhemmende Tunnel-F\u00f6rderband-Installation mit Klasse A-Band mit CR-Compound\"}]},{\"@type\":\"WebSite\",\"@id\":\"https:\/\/www.barbierispa.com\/de\/#website\",\"url\":\"https:\/\/www.barbierispa.com\/de\/\",\"name\":\"Barbieri Spa\",\"description\":\"\",\"publisher\":{\"@id\":\"https:\/\/www.barbierispa.com\/de\/#organization\"},\"potentialAction\":[{\"@type\":\"SearchAction\",\"target\":{\"@type\":\"EntryPoint\",\"urlTemplate\":\"https:\/\/www.barbierispa.com\/de\/?s={search_term_string}\"},\"query-input\":{\"@type\":\"PropertyValueSpecification\",\"valueRequired\":true,\"valueName\":\"search_term_string\"}}],\"inLanguage\":\"de\"},{\"@type\":\"Organization\",\"@id\":\"https:\/\/www.barbierispa.com\/de\/#organization\",\"name\":\"Barbieri Spa\",\"url\":\"https:\/\/www.barbierispa.com\/de\/\",\"logo\":{\"@type\":\"ImageObject\",\"inLanguage\":\"de\",\"@id\":\"https:\/\/www.barbierispa.com\/de\/#\/schema\/logo\/image\/\",\"url\":\"https:\/\/www.barbierispa.com\/wp-content\/uploads\/2025\/01\/barbieri-logo-2x.png\",\"contentUrl\":\"https:\/\/www.barbierispa.com\/wp-content\/uploads\/2025\/01\/barbieri-logo-2x.png\",\"width\":291,\"height\":188,\"caption\":\"Barbieri Spa\"},\"image\":{\"@id\":\"https:\/\/www.barbierispa.com\/de\/#\/schema\/logo\/image\/\"}}]}<\/script>\n<!-- \/ Yoast SEO plugin. -->","yoast_head_json":{"title":"Feuerhemmende Tunnel-F\u00f6rderband-Installation mit Klasse A-Band mit CR-Compound - Barbieri Spa","description":"Fallstudie 1: Tunnelbrandintervention mit Installation eines Klasse-A-Bandes mit CR-Verbindung","robots":{"index":"index","follow":"follow","max-snippet":"max-snippet:-1","max-image-preview":"max-image-preview:large","max-video-preview":"max-video-preview:-1"},"canonical":"https:\/\/www.barbierispa.com\/de\/feuerhemmende-tunnel-forderband-installation-mit-klasse-a-band-mit-cr-compound\/","og_locale":"de_DE","og_type":"article","og_title":"Feuerhemmende Tunnel-F\u00f6rderband-Installation mit Klasse A-Band mit CR-Compound - Barbieri Spa","og_description":"Fallstudie 1: Tunnelbrandintervention mit Installation eines Klasse-A-Bandes mit CR-Verbindung","og_url":"https:\/\/www.barbierispa.com\/de\/feuerhemmende-tunnel-forderband-installation-mit-klasse-a-band-mit-cr-compound\/","og_site_name":"Barbieri Spa","article_modified_time":"2026-04-14T10:04:35+00:00","og_image":[{"width":660,"height":440,"url":"https:\/\/www.barbierispa.com\/wp-content\/uploads\/2025\/03\/FIRETEX.jpg","type":"image\/jpeg"}],"twitter_card":"summary_large_image","twitter_misc":{"Gesch\u00e4tzte Lesezeit":"2\u00a0Minuten"},"schema":{"@context":"https:\/\/schema.org","@graph":[{"@type":"WebPage","@id":"https:\/\/www.barbierispa.com\/de\/feuerhemmende-tunnel-forderband-installation-mit-klasse-a-band-mit-cr-compound\/","url":"https:\/\/www.barbierispa.com\/de\/feuerhemmende-tunnel-forderband-installation-mit-klasse-a-band-mit-cr-compound\/","name":"Feuerhemmende Tunnel-F\u00f6rderband-Installation mit Klasse A-Band mit CR-Compound - Barbieri Spa","isPartOf":{"@id":"https:\/\/www.barbierispa.com\/de\/#website"},"primaryImageOfPage":{"@id":"https:\/\/www.barbierispa.com\/de\/feuerhemmende-tunnel-forderband-installation-mit-klasse-a-band-mit-cr-compound\/#primaryimage"},"image":{"@id":"https:\/\/www.barbierispa.com\/de\/feuerhemmende-tunnel-forderband-installation-mit-klasse-a-band-mit-cr-compound\/#primaryimage"},"thumbnailUrl":"https:\/\/www.barbierispa.com\/wp-content\/uploads\/2025\/03\/FIRETEX.jpg","datePublished":"2025-04-09T10:35:11+00:00","dateModified":"2026-04-14T10:04:35+00:00","description":"Fallstudie 1: Tunnelbrandintervention mit Installation eines Klasse-A-Bandes mit CR-Verbindung","breadcrumb":{"@id":"https:\/\/www.barbierispa.com\/de\/feuerhemmende-tunnel-forderband-installation-mit-klasse-a-band-mit-cr-compound\/#breadcrumb"},"inLanguage":"de","potentialAction":[{"@type":"ReadAction","target":["https:\/\/www.barbierispa.com\/de\/feuerhemmende-tunnel-forderband-installation-mit-klasse-a-band-mit-cr-compound\/"]}]},{"@type":"ImageObject","inLanguage":"de","@id":"https:\/\/www.barbierispa.com\/de\/feuerhemmende-tunnel-forderband-installation-mit-klasse-a-band-mit-cr-compound\/#primaryimage","url":"https:\/\/www.barbierispa.com\/wp-content\/uploads\/2025\/03\/FIRETEX.jpg","contentUrl":"https:\/\/www.barbierispa.com\/wp-content\/uploads\/2025\/03\/FIRETEX.jpg","width":660,"height":440},{"@type":"BreadcrumbList","@id":"https:\/\/www.barbierispa.com\/de\/feuerhemmende-tunnel-forderband-installation-mit-klasse-a-band-mit-cr-compound\/#breadcrumb","itemListElement":[{"@type":"ListItem","position":1,"name":"Home","item":"https:\/\/www.barbierispa.com\/de\/home\/"},{"@type":"ListItem","position":2,"name":"Feuerhemmende Tunnel-F\u00f6rderband-Installation mit Klasse A-Band mit CR-Compound"}]},{"@type":"WebSite","@id":"https:\/\/www.barbierispa.com\/de\/#website","url":"https:\/\/www.barbierispa.com\/de\/","name":"Barbieri Spa","description":"","publisher":{"@id":"https:\/\/www.barbierispa.com\/de\/#organization"},"potentialAction":[{"@type":"SearchAction","target":{"@type":"EntryPoint","urlTemplate":"https:\/\/www.barbierispa.com\/de\/?s={search_term_string}"},"query-input":{"@type":"PropertyValueSpecification","valueRequired":true,"valueName":"search_term_string"}}],"inLanguage":"de"},{"@type":"Organization","@id":"https:\/\/www.barbierispa.com\/de\/#organization","name":"Barbieri Spa","url":"https:\/\/www.barbierispa.com\/de\/","logo":{"@type":"ImageObject","inLanguage":"de","@id":"https:\/\/www.barbierispa.com\/de\/#\/schema\/logo\/image\/","url":"https:\/\/www.barbierispa.com\/wp-content\/uploads\/2025\/01\/barbieri-logo-2x.png","contentUrl":"https:\/\/www.barbierispa.com\/wp-content\/uploads\/2025\/01\/barbieri-logo-2x.png","width":291,"height":188,"caption":"Barbieri Spa"},"image":{"@id":"https:\/\/www.barbierispa.com\/de\/#\/schema\/logo\/image\/"}}]}},"_links":{"self":[{"href":"https:\/\/www.barbierispa.com\/de\/wp-json\/wp\/v2\/pages\/5030","targetHints":{"allow":["GET"]}}],"collection":[{"href":"https:\/\/www.barbierispa.com\/de\/wp-json\/wp\/v2\/pages"}],"about":[{"href":"https:\/\/www.barbierispa.com\/de\/wp-json\/wp\/v2\/types\/page"}],"author":[{"embeddable":true,"href":"https:\/\/www.barbierispa.com\/de\/wp-json\/wp\/v2\/users\/3"}],"replies":[{"embeddable":true,"href":"https:\/\/www.barbierispa.com\/de\/wp-json\/wp\/v2\/comments?post=5030"}],"version-history":[{"count":1,"href":"https:\/\/www.barbierispa.com\/de\/wp-json\/wp\/v2\/pages\/5030\/revisions"}],"predecessor-version":[{"id":5032,"href":"https:\/\/www.barbierispa.com\/de\/wp-json\/wp\/v2\/pages\/5030\/revisions\/5032"}],"wp:featuredmedia":[{"embeddable":true,"href":"https:\/\/www.barbierispa.com\/de\/wp-json\/wp\/v2\/media\/5028"}],"wp:attachment":[{"href":"https:\/\/www.barbierispa.com\/de\/wp-json\/wp\/v2\/media?parent=5030"}],"curies":[{"name":"wp","href":"https:\/\/api.w.org\/{rel}","templated":true}]}}