{"id":5078,"date":"2025-04-01T15:04:47","date_gmt":"2025-04-01T15:04:47","guid":{"rendered":"https:\/\/www.barbierispa.com\/art-der-bedachung\/flammensicher-klasse-a\/"},"modified":"2026-04-14T10:14:28","modified_gmt":"2026-04-14T10:14:28","slug":"flammensicher-klasse-a","status":"publish","type":"page","link":"https:\/\/www.barbierispa.com\/de\/art-der-bedachung\/flammensicher-klasse-a\/","title":{"rendered":"Flammensicher Klasse A"},"content":{"rendered":"\t\t<div data-elementor-type=\"wp-page\" data-elementor-id=\"5078\" class=\"elementor elementor-5078 elementor-2295\" data-elementor-post-type=\"page\">\n\t\t\t\t<div class=\"elementor-element elementor-element-e19e5b8 e-con-full e-flex e-con e-parent\" data-id=\"e19e5b8\" data-element_type=\"container\" data-e-type=\"container\">\n\t\t<div class=\"elementor-element elementor-element-2ea5b55 e-con-full e-flex e-con e-child\" data-id=\"2ea5b55\" data-element_type=\"container\" data-e-type=\"container\" data-settings=\"{&quot;background_background&quot;:&quot;classic&quot;}\">\n\t\t\t\t<\/div>\n\t\t<div class=\"elementor-element elementor-element-92521df e-con-full e-flex e-con e-child\" data-id=\"92521df\" data-element_type=\"container\" data-e-type=\"container\" data-settings=\"{&quot;background_background&quot;:&quot;classic&quot;}\">\n\t\t<div class=\"elementor-element elementor-element-bdb3c5f e-con-full e-flex e-con e-child\" data-id=\"bdb3c5f\" data-element_type=\"container\" data-e-type=\"container\">\n\t\t\t\t<div class=\"elementor-element elementor-element-2a4a97f elementor-widget elementor-widget-heading\" data-id=\"2a4a97f\" data-element_type=\"widget\" data-e-type=\"widget\" data-widget_type=\"heading.default\">\n\t\t\t\t<div class=\"elementor-widget-container\">\n\t\t\t\t\t<h1 class=\"elementor-heading-title elementor-size-default\"> Feuerfest Klasse a<\/h1>\t\t\t\t<\/div>\n\t\t\t\t<\/div>\n\t\t\t\t<div class=\"elementor-element elementor-element-68ac955 elementor-widget elementor-widget-text-editor\" data-id=\"68ac955\" data-element_type=\"widget\" data-e-type=\"widget\" data-widget_type=\"text-editor.default\">\n\t\t\t\t<div class=\"elementor-widget-container\">\n\t\t\t\t\t\t\t\t\t<p>Die <strong data-start=\"292\" data-end=\"304\">Norm EN 14973<\/strong> legt die Anforderungen f\u00fcr die Konstruktion, den Bau, die Installation und den Einsatz von <strong data-start=\"393\" data-end=\"419\">F\u00f6rderb\u00e4ndern<\/strong> in unterirdischen Anwendungen, wie z.B. in Bergwerken oder Tunneln, fest. Diese F\u00f6rderb\u00e4nder m\u00fcssen so konzipiert sein, dass sie sowohl die Sicherheit des Bedieners als auch die Effizienz des F\u00f6rderers gew\u00e4hrleisten. Die Qualit\u00e4t der Materialien und Verbindungen, die in F\u00f6rderb\u00e4ndern verwendet werden, ist entscheidend f\u00fcr den reibungslosen Betrieb und die Langlebigkeit von Untertageanlagen.  <\/p>\t\t\t\t\t\t\t\t<\/div>\n\t\t\t\t<\/div>\n\t\t\t\t<\/div>\n\t\t\t\t<\/div>\n\t\t\t\t<\/div>\n\t\t<div class=\"elementor-element elementor-element-82a2320 e-flex e-con-boxed e-con e-parent\" data-id=\"82a2320\" data-element_type=\"container\" data-e-type=\"container\">\n\t\t\t\t\t<div class=\"e-con-inner\">\n\t\t<div class=\"elementor-element elementor-element-9cb132f e-con-full e-flex e-con e-child\" data-id=\"9cb132f\" data-element_type=\"container\" data-e-type=\"container\">\n\t\t\t\t<div class=\"elementor-element elementor-element-ed0a3c4 elementor-widget elementor-widget-text-editor\" data-id=\"ed0a3c4\" data-element_type=\"widget\" data-e-type=\"widget\" data-widget_type=\"text-editor.default\">\n\t\t\t\t<div class=\"elementor-widget-container\">\n\t\t\t\t\t\t\t\t\t<p class=\"\" data-start=\"753\" data-end=\"1083\">Gurte, die in unterirdischen Umgebungen wie Bergwerken und Tunneln eingesetzt werden, m\u00fcssen eine Reihe von technischen Anforderungen erf\u00fcllen, sowohl in Bezug auf die physische Leistungsf\u00e4higkeit als auch auf die Sicherheitsmerkmale. Zu den wichtigsten Aspekten, die gem\u00e4\u00df <strong data-start=\"1023\" data-end=\"1035\">EN 14973<\/strong> zu ber\u00fccksichtigen sind, geh\u00f6ren: <\/p><ul data-start=\"1085\" data-end=\"2021\"><li class=\"\" data-start=\"1085\" data-end=\"1262\"><p class=\"\" data-start=\"1087\" data-end=\"1262\"><strong data-start=\"1087\" data-end=\"1111\">Verschlei\u00dffestigkeit<\/strong>: Riemen m\u00fcssen einer hohen mechanischen Belastung und st\u00e4ndiger Reibung mit dem F\u00f6rdergut standhalten und ihre Integrit\u00e4t \u00fcber die Zeit hinweg bewahren.<\/p><\/li><li class=\"\" data-start=\"1263\" data-end=\"1602\"><p class=\"\" data-start=\"1265\" data-end=\"1602\"><strong data-start=\"1265\" data-end=\"1288\">Feuerbest\u00e4ndigkeit<\/strong>: Die Norm schreibt vor, dass unterirdische F\u00f6rderanlagen aus <strong data-start=\"1378\" data-end=\"1397\">selbstverl\u00f6schenden<\/strong> Materialien bestehen und feuerbest\u00e4ndig sein m\u00fcssen. Dies ist besonders wichtig, um die Risiken in unterirdischen Umgebungen zu verringern, wo Notfallsituationen besonders gef\u00e4hrlich sein k\u00f6nnen. <\/p><\/li><li class=\"\" data-start=\"1603\" data-end=\"1826\"><p class=\"\" data-start=\"1605\" data-end=\"1826\"><strong data-start=\"1605\" data-end=\"1627\">Rauchentwicklung<\/strong>: Die B\u00e4nder m\u00fcssen selbst im Falle eines Brandes oder einer \u00dcberhitzung nur geringe Mengen an giftigen D\u00e4mpfen abgeben, um die Sicherheit der Bediener und der unterirdischen Bel\u00fcftungssysteme zu gew\u00e4hrleisten.<\/p><\/li><li class=\"\" data-start=\"1827\" data-end=\"2021\"><p class=\"\" data-start=\"1829\" data-end=\"2021\"><strong data-start=\"1829\" data-end=\"1851\">Chemische Best\u00e4ndigkeit<\/strong>: Die Klebebandmaterialien m\u00fcssen in der Lage sein, den in unterirdischen Bereichen vorkommenden chemischen Stoffen und Umgebungsbedingungen, wie Feuchtigkeit und korrosiven Substanzen, zu widerstehen.<\/p><\/li><\/ul><p class=\"\" data-start=\"2023\" data-end=\"2202\"><strong data-start=\"2023\" data-end=\"2061\">Mechanische und strukturelle Eigenschaften<\/strong><br data-start=\"2061\" data-end=\"2064\">Die f\u00fcr unterirdische F\u00f6rderb\u00e4nder verwendeten Mischungen m\u00fcssen bestimmte mechanische Eigenschaften aufweisen, um eine hohe Leistung zu gew\u00e4hrleisten, wie zum Beispiel:<\/p><ul data-start=\"2204\" data-end=\"2718\"><li class=\"\" data-start=\"2204\" data-end=\"2328\"><p class=\"\" data-start=\"2206\" data-end=\"2328\"><strong data-start=\"2206\" data-end=\"2226\">Hohe Zugkraft<\/strong>: G\u00fcrtel m\u00fcssen so konzipiert sein, dass sie hohen Gewichten standhalten, ohne ihre Integrit\u00e4t zu beeintr\u00e4chtigen.<\/p><\/li><li class=\"\" data-start=\"2329\" data-end=\"2546\"><p class=\"\" data-start=\"2331\" data-end=\"2546\"><strong data-start=\"2331\" data-end=\"2347\">Flexibilit\u00e4t<\/strong>: Die F\u00e4higkeit, sich zu biegen, ohne zu rei\u00dfen oder zu brechen, selbst unter kalten Bedingungen, ist von entscheidender Bedeutung, da unterirdische F\u00f6rderanlagen oft engen Kurven und mechanischen Belastungen ausgesetzt sind.<\/p><\/li><li class=\"\" data-start=\"2547\" data-end=\"2718\"><p class=\"\" data-start=\"2549\" data-end=\"2718\"><strong data-start=\"2549\" data-end=\"2575\">Erm\u00fcdungsbest\u00e4ndigkeit<\/strong>: Die Verbindung muss wiederholten Belastungszyklen standhalten, wie sie z.B. beim Transport von schweren oder abrasiven Materialien auftreten.<\/p><\/li><\/ul><p class=\"\" data-start=\"2720\" data-end=\"2923\"><strong data-start=\"2720\" data-end=\"2770\">Sicherheits- und Umweltschutznormen<\/strong><br data-start=\"2770\" data-end=\"2773\"><strong data-start=\"2776\" data-end=\"2788\">EN 14973<\/strong> enth\u00e4lt Richtlinien f\u00fcr die Sicherheit beim Betrieb von Untertagef\u00f6rderern. Zu den wichtigsten Anforderungen geh\u00f6ren: <\/p><ul data-start=\"2925\" data-end=\"3566\"><li class=\"\" data-start=\"2925\" data-end=\"3121\"><p class=\"\" data-start=\"2927\" data-end=\"3121\"><strong data-start=\"2927\" data-end=\"2952\">Brandschutz<\/strong>: Die G\u00fcrtel m\u00fcssen so konstruiert sein, dass das Brandrisiko minimiert wird, indem feuerfeste Materialien verwendet und die Ansammlung von brennbarem Staub begrenzt wird.<\/p><\/li><li class=\"\" data-start=\"3122\" data-end=\"3353\"><p class=\"\" data-start=\"3124\" data-end=\"3353\"><strong data-start=\"3124\" data-end=\"3151\">\u00dcberwachungssysteme<\/strong>: Die Norm schreibt vor, dass F\u00f6rderb\u00e4nder mit Systemen zur \u00dcberwachung der Betriebsbedingungen, wie z.B. der Bandtemperatur, ausgestattet sein m\u00fcssen, um eventuelle Fehlfunktionen oder Gefahren zu erkennen.<\/p><\/li><li class=\"\" data-start=\"3354\" data-end=\"3566\"><p class=\"\" data-start=\"3356\" data-end=\"3566\"><strong data-start=\"3356\" data-end=\"3396\">Minimierung der Umweltrisiken<\/strong>: Die Verwendung von Verbindungen mit geringen Emissionen giftiger Gase und D\u00e4mpfe ist entscheidend f\u00fcr den Schutz der Umwelt und die Sicherheit der Arbeiter im Untergrund.<\/p><\/li><\/ul><p class=\"\" data-start=\"3568\" data-end=\"4134\"><br data-start=\"3583\" data-end=\"3586\">Zusammenfassend l\u00e4sst sich sagen, dass <strong data-start=\"3600\" data-end=\"3636\">unterirdische F\u00f6rderanlagen<\/strong> so konstruiert werden m\u00fcssen, dass sie die Anforderungen der <strong data-start=\"3695\" data-end=\"3707\">EN 14973<\/strong> erf\u00fcllen und eine hohe Leistung in Bezug auf mechanische Festigkeit, Sicherheit gegen Feuer und Rauchemissionen sowie chemische Best\u00e4ndigkeit gew\u00e4hrleisten. Die Wahl der richtigen Mischungen und eine sorgf\u00e4ltige Konstruktion sind f\u00fcr die Sicherheit der Bediener und die Lebensdauer der Anlagen unerl\u00e4sslich. Es ist wichtig, dass die verwendeten B\u00e4nder diese Normen erf\u00fcllen, um Risiken zu vermeiden und die betriebliche Effizienz in unterirdischen Umgebungen zu optimieren.  <\/p>\t\t\t\t\t\t\t\t<\/div>\n\t\t\t\t<\/div>\n\t\t\t\t<\/div>\n\t\t\t\t\t<\/div>\n\t\t\t\t<\/div>\n\t\t\t\t<\/div>\n\t\t","protected":false},"excerpt":{"rendered":"<p>Feuerfest Klasse a Die Norm EN 14973 legt die Anforderungen f\u00fcr die Konstruktion, den Bau, die Installation und den Einsatz von F\u00f6rderb\u00e4ndern in unterirdischen Anwendungen, wie z.B. in Bergwerken oder Tunneln, fest. Diese F\u00f6rderb\u00e4nder m\u00fcssen so konzipiert sein, dass sie sowohl die Sicherheit des Bedieners als auch die Effizienz des F\u00f6rderers gew\u00e4hrleisten. Die Qualit\u00e4t der [&hellip;]<\/p>\n","protected":false},"author":3,"featured_media":5054,"parent":5042,"menu_order":0,"comment_status":"closed","ping_status":"closed","template":"","meta":{"_acf_changed":false,"footnotes":""},"class_list":["post-5078","page","type-page","status-publish","has-post-thumbnail","hentry"],"acf":[],"yoast_head":"<!-- This site is optimized with the Yoast SEO plugin v27.2 - https:\/\/yoast.com\/product\/yoast-seo-wordpress\/ -->\n<title>Flammensicher Klasse A - Barbieri Spa<\/title>\n<meta name=\"robots\" content=\"index, follow, max-snippet:-1, max-image-preview:large, max-video-preview:-1\" \/>\n<link rel=\"canonical\" href=\"https:\/\/www.barbierispa.com\/de\/art-der-bedachung\/flammensicher-klasse-a\/\" \/>\n<meta property=\"og:locale\" content=\"de_DE\" \/>\n<meta property=\"og:type\" content=\"article\" \/>\n<meta property=\"og:title\" content=\"Flammensicher Klasse A - Barbieri Spa\" \/>\n<meta property=\"og:description\" content=\"Feuerfest Klasse a Die Norm EN 14973 legt die Anforderungen f\u00fcr die Konstruktion, den Bau, die Installation und den Einsatz von F\u00f6rderb\u00e4ndern in unterirdischen Anwendungen, wie z.B. in Bergwerken oder Tunneln, fest. Diese F\u00f6rderb\u00e4nder m\u00fcssen so konzipiert sein, dass sie sowohl die Sicherheit des Bedieners als auch die Effizienz des F\u00f6rderers gew\u00e4hrleisten. Die Qualit\u00e4t der [&hellip;]\" \/>\n<meta property=\"og:url\" content=\"https:\/\/www.barbierispa.com\/de\/art-der-bedachung\/flammensicher-klasse-a\/\" \/>\n<meta property=\"og:site_name\" content=\"Barbieri Spa\" \/>\n<meta property=\"article:modified_time\" content=\"2026-04-14T10:14:28+00:00\" \/>\n<meta property=\"og:image\" content=\"https:\/\/www.barbierispa.com\/wp-content\/uploads\/2025\/04\/Antifiamma-Barbieri.jpg\" \/>\n\t<meta property=\"og:image:width\" content=\"1200\" \/>\n\t<meta property=\"og:image:height\" content=\"800\" \/>\n\t<meta property=\"og:image:type\" content=\"image\/jpeg\" \/>\n<meta name=\"twitter:card\" content=\"summary_large_image\" \/>\n<meta name=\"twitter:label1\" content=\"Gesch\u00e4tzte Lesezeit\" \/>\n\t<meta name=\"twitter:data1\" content=\"3\u00a0Minuten\" \/>\n<script type=\"application\/ld+json\" class=\"yoast-schema-graph\">{\"@context\":\"https:\/\/schema.org\",\"@graph\":[{\"@type\":\"WebPage\",\"@id\":\"https:\/\/www.barbierispa.com\/de\/art-der-bedachung\/flammensicher-klasse-a\/\",\"url\":\"https:\/\/www.barbierispa.com\/de\/art-der-bedachung\/flammensicher-klasse-a\/\",\"name\":\"Flammensicher Klasse A - Barbieri Spa\",\"isPartOf\":{\"@id\":\"https:\/\/www.barbierispa.com\/de\/#website\"},\"primaryImageOfPage\":{\"@id\":\"https:\/\/www.barbierispa.com\/de\/art-der-bedachung\/flammensicher-klasse-a\/#primaryimage\"},\"image\":{\"@id\":\"https:\/\/www.barbierispa.com\/de\/art-der-bedachung\/flammensicher-klasse-a\/#primaryimage\"},\"thumbnailUrl\":\"https:\/\/www.barbierispa.com\/wp-content\/uploads\/2025\/04\/Antifiamma-Barbieri.jpg\",\"datePublished\":\"2025-04-01T15:04:47+00:00\",\"dateModified\":\"2026-04-14T10:14:28+00:00\",\"breadcrumb\":{\"@id\":\"https:\/\/www.barbierispa.com\/de\/art-der-bedachung\/flammensicher-klasse-a\/#breadcrumb\"},\"inLanguage\":\"de\",\"potentialAction\":[{\"@type\":\"ReadAction\",\"target\":[\"https:\/\/www.barbierispa.com\/de\/art-der-bedachung\/flammensicher-klasse-a\/\"]}]},{\"@type\":\"ImageObject\",\"inLanguage\":\"de\",\"@id\":\"https:\/\/www.barbierispa.com\/de\/art-der-bedachung\/flammensicher-klasse-a\/#primaryimage\",\"url\":\"https:\/\/www.barbierispa.com\/wp-content\/uploads\/2025\/04\/Antifiamma-Barbieri.jpg\",\"contentUrl\":\"https:\/\/www.barbierispa.com\/wp-content\/uploads\/2025\/04\/Antifiamma-Barbieri.jpg\",\"width\":1200,\"height\":800},{\"@type\":\"BreadcrumbList\",\"@id\":\"https:\/\/www.barbierispa.com\/de\/art-der-bedachung\/flammensicher-klasse-a\/#breadcrumb\",\"itemListElement\":[{\"@type\":\"ListItem\",\"position\":1,\"name\":\"Home\",\"item\":\"https:\/\/www.barbierispa.com\/de\/home\/\"},{\"@type\":\"ListItem\",\"position\":2,\"name\":\"Art der Bedachung\",\"item\":\"https:\/\/www.barbierispa.com\/de\/art-der-bedachung\/\"},{\"@type\":\"ListItem\",\"position\":3,\"name\":\"Flammensicher Klasse A\"}]},{\"@type\":\"WebSite\",\"@id\":\"https:\/\/www.barbierispa.com\/de\/#website\",\"url\":\"https:\/\/www.barbierispa.com\/de\/\",\"name\":\"Barbieri Spa\",\"description\":\"\",\"publisher\":{\"@id\":\"https:\/\/www.barbierispa.com\/de\/#organization\"},\"potentialAction\":[{\"@type\":\"SearchAction\",\"target\":{\"@type\":\"EntryPoint\",\"urlTemplate\":\"https:\/\/www.barbierispa.com\/de\/?s={search_term_string}\"},\"query-input\":{\"@type\":\"PropertyValueSpecification\",\"valueRequired\":true,\"valueName\":\"search_term_string\"}}],\"inLanguage\":\"de\"},{\"@type\":\"Organization\",\"@id\":\"https:\/\/www.barbierispa.com\/de\/#organization\",\"name\":\"Barbieri Spa\",\"url\":\"https:\/\/www.barbierispa.com\/de\/\",\"logo\":{\"@type\":\"ImageObject\",\"inLanguage\":\"de\",\"@id\":\"https:\/\/www.barbierispa.com\/de\/#\/schema\/logo\/image\/\",\"url\":\"https:\/\/www.barbierispa.com\/wp-content\/uploads\/2025\/01\/barbieri-logo-2x.png\",\"contentUrl\":\"https:\/\/www.barbierispa.com\/wp-content\/uploads\/2025\/01\/barbieri-logo-2x.png\",\"width\":291,\"height\":188,\"caption\":\"Barbieri Spa\"},\"image\":{\"@id\":\"https:\/\/www.barbierispa.com\/de\/#\/schema\/logo\/image\/\"}}]}<\/script>\n<!-- \/ Yoast SEO plugin. -->","yoast_head_json":{"title":"Flammensicher Klasse A - Barbieri Spa","robots":{"index":"index","follow":"follow","max-snippet":"max-snippet:-1","max-image-preview":"max-image-preview:large","max-video-preview":"max-video-preview:-1"},"canonical":"https:\/\/www.barbierispa.com\/de\/art-der-bedachung\/flammensicher-klasse-a\/","og_locale":"de_DE","og_type":"article","og_title":"Flammensicher Klasse A - Barbieri Spa","og_description":"Feuerfest Klasse a Die Norm EN 14973 legt die Anforderungen f\u00fcr die Konstruktion, den Bau, die Installation und den Einsatz von F\u00f6rderb\u00e4ndern in unterirdischen Anwendungen, wie z.B. in Bergwerken oder Tunneln, fest. Diese F\u00f6rderb\u00e4nder m\u00fcssen so konzipiert sein, dass sie sowohl die Sicherheit des Bedieners als auch die Effizienz des F\u00f6rderers gew\u00e4hrleisten. Die Qualit\u00e4t der [&hellip;]","og_url":"https:\/\/www.barbierispa.com\/de\/art-der-bedachung\/flammensicher-klasse-a\/","og_site_name":"Barbieri Spa","article_modified_time":"2026-04-14T10:14:28+00:00","og_image":[{"width":1200,"height":800,"url":"https:\/\/www.barbierispa.com\/wp-content\/uploads\/2025\/04\/Antifiamma-Barbieri.jpg","type":"image\/jpeg"}],"twitter_card":"summary_large_image","twitter_misc":{"Gesch\u00e4tzte Lesezeit":"3\u00a0Minuten"},"schema":{"@context":"https:\/\/schema.org","@graph":[{"@type":"WebPage","@id":"https:\/\/www.barbierispa.com\/de\/art-der-bedachung\/flammensicher-klasse-a\/","url":"https:\/\/www.barbierispa.com\/de\/art-der-bedachung\/flammensicher-klasse-a\/","name":"Flammensicher Klasse A - Barbieri Spa","isPartOf":{"@id":"https:\/\/www.barbierispa.com\/de\/#website"},"primaryImageOfPage":{"@id":"https:\/\/www.barbierispa.com\/de\/art-der-bedachung\/flammensicher-klasse-a\/#primaryimage"},"image":{"@id":"https:\/\/www.barbierispa.com\/de\/art-der-bedachung\/flammensicher-klasse-a\/#primaryimage"},"thumbnailUrl":"https:\/\/www.barbierispa.com\/wp-content\/uploads\/2025\/04\/Antifiamma-Barbieri.jpg","datePublished":"2025-04-01T15:04:47+00:00","dateModified":"2026-04-14T10:14:28+00:00","breadcrumb":{"@id":"https:\/\/www.barbierispa.com\/de\/art-der-bedachung\/flammensicher-klasse-a\/#breadcrumb"},"inLanguage":"de","potentialAction":[{"@type":"ReadAction","target":["https:\/\/www.barbierispa.com\/de\/art-der-bedachung\/flammensicher-klasse-a\/"]}]},{"@type":"ImageObject","inLanguage":"de","@id":"https:\/\/www.barbierispa.com\/de\/art-der-bedachung\/flammensicher-klasse-a\/#primaryimage","url":"https:\/\/www.barbierispa.com\/wp-content\/uploads\/2025\/04\/Antifiamma-Barbieri.jpg","contentUrl":"https:\/\/www.barbierispa.com\/wp-content\/uploads\/2025\/04\/Antifiamma-Barbieri.jpg","width":1200,"height":800},{"@type":"BreadcrumbList","@id":"https:\/\/www.barbierispa.com\/de\/art-der-bedachung\/flammensicher-klasse-a\/#breadcrumb","itemListElement":[{"@type":"ListItem","position":1,"name":"Home","item":"https:\/\/www.barbierispa.com\/de\/home\/"},{"@type":"ListItem","position":2,"name":"Art der Bedachung","item":"https:\/\/www.barbierispa.com\/de\/art-der-bedachung\/"},{"@type":"ListItem","position":3,"name":"Flammensicher Klasse A"}]},{"@type":"WebSite","@id":"https:\/\/www.barbierispa.com\/de\/#website","url":"https:\/\/www.barbierispa.com\/de\/","name":"Barbieri Spa","description":"","publisher":{"@id":"https:\/\/www.barbierispa.com\/de\/#organization"},"potentialAction":[{"@type":"SearchAction","target":{"@type":"EntryPoint","urlTemplate":"https:\/\/www.barbierispa.com\/de\/?s={search_term_string}"},"query-input":{"@type":"PropertyValueSpecification","valueRequired":true,"valueName":"search_term_string"}}],"inLanguage":"de"},{"@type":"Organization","@id":"https:\/\/www.barbierispa.com\/de\/#organization","name":"Barbieri Spa","url":"https:\/\/www.barbierispa.com\/de\/","logo":{"@type":"ImageObject","inLanguage":"de","@id":"https:\/\/www.barbierispa.com\/de\/#\/schema\/logo\/image\/","url":"https:\/\/www.barbierispa.com\/wp-content\/uploads\/2025\/01\/barbieri-logo-2x.png","contentUrl":"https:\/\/www.barbierispa.com\/wp-content\/uploads\/2025\/01\/barbieri-logo-2x.png","width":291,"height":188,"caption":"Barbieri Spa"},"image":{"@id":"https:\/\/www.barbierispa.com\/de\/#\/schema\/logo\/image\/"}}]}},"_links":{"self":[{"href":"https:\/\/www.barbierispa.com\/de\/wp-json\/wp\/v2\/pages\/5078","targetHints":{"allow":["GET"]}}],"collection":[{"href":"https:\/\/www.barbierispa.com\/de\/wp-json\/wp\/v2\/pages"}],"about":[{"href":"https:\/\/www.barbierispa.com\/de\/wp-json\/wp\/v2\/types\/page"}],"author":[{"embeddable":true,"href":"https:\/\/www.barbierispa.com\/de\/wp-json\/wp\/v2\/users\/3"}],"replies":[{"embeddable":true,"href":"https:\/\/www.barbierispa.com\/de\/wp-json\/wp\/v2\/comments?post=5078"}],"version-history":[{"count":1,"href":"https:\/\/www.barbierispa.com\/de\/wp-json\/wp\/v2\/pages\/5078\/revisions"}],"predecessor-version":[{"id":5079,"href":"https:\/\/www.barbierispa.com\/de\/wp-json\/wp\/v2\/pages\/5078\/revisions\/5079"}],"up":[{"embeddable":true,"href":"https:\/\/www.barbierispa.com\/de\/wp-json\/wp\/v2\/pages\/5042"}],"wp:featuredmedia":[{"embeddable":true,"href":"https:\/\/www.barbierispa.com\/de\/wp-json\/wp\/v2\/media\/5054"}],"wp:attachment":[{"href":"https:\/\/www.barbierispa.com\/de\/wp-json\/wp\/v2\/media?parent=5078"}],"curies":[{"name":"wp","href":"https:\/\/api.w.org\/{rel}","templated":true}]}}