{"id":5082,"date":"2025-04-01T15:01:53","date_gmt":"2025-04-01T15:01:53","guid":{"rendered":"https:\/\/www.barbierispa.com\/art-der-bedachung\/flammhemmend-und-olbestandig\/"},"modified":"2026-04-14T10:14:51","modified_gmt":"2026-04-14T10:14:51","slug":"flammhemmend-und-olbestandig","status":"publish","type":"page","link":"https:\/\/www.barbierispa.com\/de\/art-der-bedachung\/flammhemmend-und-olbestandig\/","title":{"rendered":"Flammhemmend und \u00f6lbest\u00e4ndig"},"content":{"rendered":"\t\t<div data-elementor-type=\"wp-page\" data-elementor-id=\"5082\" class=\"elementor elementor-5082 elementor-2286\" data-elementor-post-type=\"page\">\n\t\t\t\t<div class=\"elementor-element elementor-element-e19e5b8 e-con-full e-flex e-con e-parent\" data-id=\"e19e5b8\" data-element_type=\"container\" data-e-type=\"container\">\n\t\t<div class=\"elementor-element elementor-element-2ea5b55 e-con-full e-flex e-con e-child\" data-id=\"2ea5b55\" data-element_type=\"container\" data-e-type=\"container\" data-settings=\"{&quot;background_background&quot;:&quot;classic&quot;}\">\n\t\t\t\t<\/div>\n\t\t<div class=\"elementor-element elementor-element-92521df e-con-full e-flex e-con e-child\" data-id=\"92521df\" data-element_type=\"container\" data-e-type=\"container\" data-settings=\"{&quot;background_background&quot;:&quot;classic&quot;}\">\n\t\t<div class=\"elementor-element elementor-element-bdb3c5f e-con-full e-flex e-con e-child\" data-id=\"bdb3c5f\" data-element_type=\"container\" data-e-type=\"container\">\n\t\t\t\t<div class=\"elementor-element elementor-element-2a4a97f elementor-widget elementor-widget-heading\" data-id=\"2a4a97f\" data-element_type=\"widget\" data-e-type=\"widget\" data-widget_type=\"heading.default\">\n\t\t\t\t<div class=\"elementor-widget-container\">\n\t\t\t\t\t<h1 class=\"elementor-heading-title elementor-size-default\">FLAMM- UND \u00d6LFEST<\/h1>\t\t\t\t<\/div>\n\t\t\t\t<\/div>\n\t\t\t\t<div class=\"elementor-element elementor-element-68ac955 elementor-widget elementor-widget-text-editor\" data-id=\"68ac955\" data-element_type=\"widget\" data-e-type=\"widget\" data-widget_type=\"text-editor.default\">\n\t\t\t\t<div class=\"elementor-widget-container\">\n\t\t\t\t\t\t\t\t\t<p>Die <strong data-start=\"11\" data-end=\"20\">MOR-K-Verbindung<\/strong> ist ein fortschrittliches Material, das die \u00f6lbest\u00e4ndigen Eigenschaften der <strong data-start=\"95\" data-end=\"102\">MOR-Abdeckung<\/strong> mit den antistatischen und flammhemmenden Eigenschaften der <strong data-start=\"167\" data-end=\"172\">K-Abdeckung<\/strong> kombiniert. Es ist \u00f6lbest\u00e4ndig und verhindert die Verunreinigung durch \u00f6lige Substanzen, w\u00e4hrend seine antistatischen und flammhemmenden Eigenschaften die Sicherheit und Zuverl\u00e4ssigkeit in risikoreichen Arbeitsumgebungen erh\u00f6hen. <\/p>\t\t\t\t\t\t\t\t<\/div>\n\t\t\t\t<\/div>\n\t\t\t\t<\/div>\n\t\t\t\t<\/div>\n\t\t\t\t<\/div>\n\t\t<div class=\"elementor-element elementor-element-82a2320 e-flex e-con-boxed e-con e-parent\" data-id=\"82a2320\" data-element_type=\"container\" data-e-type=\"container\">\n\t\t\t\t\t<div class=\"e-con-inner\">\n\t\t<div class=\"elementor-element elementor-element-9cb132f e-con-full e-flex e-con e-child\" data-id=\"9cb132f\" data-element_type=\"container\" data-e-type=\"container\">\n\t\t\t\t<div class=\"elementor-element elementor-element-ed0a3c4 elementor-widget elementor-widget-text-editor\" data-id=\"ed0a3c4\" data-element_type=\"widget\" data-e-type=\"widget\" data-widget_type=\"text-editor.default\">\n\t\t\t\t<div class=\"elementor-widget-container\">\n\t\t\t\t\t\t\t\t\t<article class=\"w-full text-token-text-primary\" dir=\"auto\" data-testid=\"conversation-turn-22\" data-scroll-anchor=\"true\"><div class=\"text-base my-auto mx-auto py-5 px-6\"><div class=\"mx-auto flex flex-1 text-base gap-4 md:gap-5 lg:gap-6 md:max-w-3xl lg:max-w-[40rem] xl:max-w-[48rem] group\/turn-messages focus-visible:outline-none\" tabindex=\"-1\"><div class=\"group\/conversation-turn relative flex w-full min-w-0 flex-col agent-turn @xs\/thread:px-0 @sm\/thread:px-1.5 @md\/thread:px-4\"><div class=\"relative flex-col gap-1 md:gap-3\"><div class=\"flex max-w-full flex-col flex-grow\"><div class=\"min-h-8 text-message relative flex w-full flex-col items-end gap-2 whitespace-normal break-words text-start [.text-message+&amp;]:mt-5\" dir=\"auto\" data-message-author-role=\"assistant\" data-message-id=\"ee419ca8-3b00-4102-a2d8-07e228a30c59\" data-message-model-slug=\"gpt-4o\"><div class=\"flex w-full flex-col gap-1 empty:hidden first:pt-[3px]\"><div class=\"markdown prose w-full break-words dark:prose-invert light\"><p class=\"\" data-start=\"0\" data-end=\"165\">Die <strong data-start=\"3\" data-end=\"20\">MOR-K-Verbindung<\/strong> ist eine fortschrittliche Art von Verbundmaterial, das die besten Eigenschaften von zwei verschiedenen Abdecktechnologien kombiniert: <strong data-start=\"146\" data-end=\"153\">MOR<\/strong> und <strong data-start=\"159\" data-end=\"164\">K.<\/strong><\/p><p data-start=\"0\" data-end=\"165\"><strong>Anti-\u00d6l-Eigenschaften (MOR)<\/strong><\/p><p class=\"\" data-start=\"197\" data-end=\"741\">Die MOR-K-Verbindung ist nach der MOR-Technologie benannt, die sich durch ihre F\u00e4higkeit auszeichnet, \u00d6len zu widerstehen. Dank der spezifischen Struktur seiner Oberfl\u00e4che ist dieses Material so konzipiert, dass es die Absorption und das Eindringen von \u00d6len verhindert. Dadurch ist es besonders f\u00fcr Arbeitsumgebungen geeignet, in denen \u00f6lige Substanzen oder fl\u00fcssige Verunreinigungen vorhanden sind. Diese Eigenschaft gew\u00e4hrleistet eine lange Lebensdauer, reduziert den Wartungsbedarf und bewahrt die Integrit\u00e4t des Materials auch unter rauen Bedingungen.  <\/p><p data-start=\"197\" data-end=\"741\"><strong>Antistatische und flammhemmende Eigenschaften (K):  <\/strong><\/p><p class=\"\" data-start=\"787\" data-end=\"1361\">Der besondere Aspekt der MOR-K-Verbindung ist die Integration von <strong data-start=\"877\" data-end=\"882\">K-Deckungseigenschaften<\/strong>. Zu diesen Eigenschaften geh\u00f6rt die antistatische F\u00e4higkeit, die den Aufbau elektrischer Ladungen verhindert und so das Risiko elektrischer Entladungen oder der Besch\u00e4digung empfindlicher elektronischer Ger\u00e4te verringert. Dar\u00fcber hinaus ist die Verbindung <strong data-start=\"1100\" data-end=\"1112\">feuerhemmend<\/strong>, d.h. sie widersteht der Ausbreitung von Feuer, was die Sicherheit in brandgef\u00e4hrdeten Umgebungen erh\u00f6ht. Die Kombination dieser beiden Eigenschaften macht MOR-K Compound ideal f\u00fcr Industrie-, Arbeits- und Hochsicherheitsumgebungen.   <\/p><p data-start=\"787\" data-end=\"1361\"><strong>Vorteile der MOR-K Verbindung<\/strong><\/p><ul data-start=\"1397\" data-end=\"1765\"><li class=\"\" data-start=\"1397\" data-end=\"1520\"><p class=\"\" data-start=\"1399\" data-end=\"1520\"><strong data-start=\"1399\" data-end=\"1422\">\u00d6lbest\u00e4ndigkeit<\/strong>: Schutz gegen \u00f6lige Verunreinigungen, um Langlebigkeit und Best\u00e4ndigkeit gegen korrosive Substanzen zu gew\u00e4hrleisten.<\/p><\/li><li class=\"\" data-start=\"1521\" data-end=\"1645\"><p class=\"\" data-start=\"1523\" data-end=\"1645\"><strong data-start=\"1523\" data-end=\"1549\">Antistatische Eigenschaften<\/strong>: Verhinderung statischer elektrischer Aufladung, unerl\u00e4sslich f\u00fcr elektronikempfindliche Umgebungen.<\/p><\/li><li class=\"\" data-start=\"1646\" data-end=\"1765\"><p class=\"\" data-start=\"1648\" data-end=\"1765\"><strong data-start=\"1648\" data-end=\"1671\">Feuerhemmende Eigenschaften<\/strong>: Schutz vor Feuergefahren, Gew\u00e4hrleistung der Sicherheit in risikoreichen Umgebungen.<\/p><\/li><\/ul><p class=\"\" data-start=\"1767\" data-end=\"2030\">Diese Verbindung stellt eine vielseitige L\u00f6sung dar, die den Sicherheits- und Haltbarkeitsanforderungen verschiedener Sektoren gerecht wird, einschlie\u00dflich der Chemie-, Lebensmittel- und Elektronikindustrie und in all jenen Bereichen, in denen die Arbeitsbedingungen besonders schwierig sind.<\/p><\/div><\/div><\/div><\/div><\/div><\/div><\/div><\/div><\/article>\t\t\t\t\t\t\t\t<\/div>\n\t\t\t\t<\/div>\n\t\t\t\t<\/div>\n\t\t\t\t\t<\/div>\n\t\t\t\t<\/div>\n\t\t\t\t<\/div>\n\t\t","protected":false},"excerpt":{"rendered":"<p>FLAMM- UND \u00d6LFEST Die MOR-K-Verbindung ist ein fortschrittliches Material, das die \u00f6lbest\u00e4ndigen Eigenschaften der MOR-Abdeckung mit den antistatischen und flammhemmenden Eigenschaften der K-Abdeckung kombiniert. Es ist \u00f6lbest\u00e4ndig und verhindert die Verunreinigung durch \u00f6lige Substanzen, w\u00e4hrend seine antistatischen und flammhemmenden Eigenschaften die Sicherheit und Zuverl\u00e4ssigkeit in risikoreichen Arbeitsumgebungen erh\u00f6hen. Die MOR-K-Verbindung ist eine fortschrittliche Art von [&hellip;]<\/p>\n","protected":false},"author":3,"featured_media":5081,"parent":5042,"menu_order":0,"comment_status":"closed","ping_status":"closed","template":"","meta":{"_acf_changed":false,"footnotes":""},"class_list":["post-5082","page","type-page","status-publish","has-post-thumbnail","hentry"],"acf":[],"yoast_head":"<!-- This site is optimized with the Yoast SEO plugin v27.2 - https:\/\/yoast.com\/product\/yoast-seo-wordpress\/ -->\n<title>Flammen- und \u00f6lbest\u00e4ndige G\u00fcrtelmischung<\/title>\n<meta name=\"description\" content=\"Gummih\u00fclle mit doppelter Best\u00e4ndigkeit: gegen Flammen und \u00d6le. F\u00fcr komplexe und risikoreiche Umgebungen.\" \/>\n<meta name=\"robots\" content=\"index, follow, max-snippet:-1, max-image-preview:large, max-video-preview:-1\" \/>\n<link rel=\"canonical\" href=\"https:\/\/www.barbierispa.com\/de\/art-der-bedachung\/flammhemmend-und-olbestandig\/\" \/>\n<meta property=\"og:locale\" content=\"de_DE\" \/>\n<meta property=\"og:type\" content=\"article\" \/>\n<meta property=\"og:title\" content=\"Flammen- und \u00f6lbest\u00e4ndige G\u00fcrtelmischung\" \/>\n<meta property=\"og:description\" content=\"Gummih\u00fclle mit doppelter Best\u00e4ndigkeit: gegen Flammen und \u00d6le. F\u00fcr komplexe und risikoreiche Umgebungen.\" \/>\n<meta property=\"og:url\" content=\"https:\/\/www.barbierispa.com\/de\/art-der-bedachung\/flammhemmend-und-olbestandig\/\" \/>\n<meta property=\"og:site_name\" content=\"Barbieri Spa\" \/>\n<meta property=\"article:modified_time\" content=\"2026-04-14T10:14:51+00:00\" \/>\n<meta property=\"og:image\" content=\"https:\/\/www.barbierispa.com\/wp-content\/uploads\/2025\/04\/Antifiamma-e-antiolio-Barbieri.jpg\" \/>\n\t<meta property=\"og:image:width\" content=\"1200\" \/>\n\t<meta property=\"og:image:height\" content=\"800\" \/>\n\t<meta property=\"og:image:type\" content=\"image\/jpeg\" \/>\n<meta name=\"twitter:card\" content=\"summary_large_image\" \/>\n<meta name=\"twitter:label1\" content=\"Gesch\u00e4tzte Lesezeit\" \/>\n\t<meta name=\"twitter:data1\" content=\"2\u00a0Minuten\" \/>\n<script type=\"application\/ld+json\" class=\"yoast-schema-graph\">{\"@context\":\"https:\/\/schema.org\",\"@graph\":[{\"@type\":\"WebPage\",\"@id\":\"https:\/\/www.barbierispa.com\/de\/art-der-bedachung\/flammhemmend-und-olbestandig\/\",\"url\":\"https:\/\/www.barbierispa.com\/de\/art-der-bedachung\/flammhemmend-und-olbestandig\/\",\"name\":\"Flammen- und \u00f6lbest\u00e4ndige G\u00fcrtelmischung\",\"isPartOf\":{\"@id\":\"https:\/\/www.barbierispa.com\/de\/#website\"},\"primaryImageOfPage\":{\"@id\":\"https:\/\/www.barbierispa.com\/de\/art-der-bedachung\/flammhemmend-und-olbestandig\/#primaryimage\"},\"image\":{\"@id\":\"https:\/\/www.barbierispa.com\/de\/art-der-bedachung\/flammhemmend-und-olbestandig\/#primaryimage\"},\"thumbnailUrl\":\"https:\/\/www.barbierispa.com\/wp-content\/uploads\/2025\/04\/Antifiamma-e-antiolio-Barbieri.jpg\",\"datePublished\":\"2025-04-01T15:01:53+00:00\",\"dateModified\":\"2026-04-14T10:14:51+00:00\",\"description\":\"Gummih\u00fclle mit doppelter Best\u00e4ndigkeit: gegen Flammen und \u00d6le. F\u00fcr komplexe und risikoreiche Umgebungen.\",\"breadcrumb\":{\"@id\":\"https:\/\/www.barbierispa.com\/de\/art-der-bedachung\/flammhemmend-und-olbestandig\/#breadcrumb\"},\"inLanguage\":\"de\",\"potentialAction\":[{\"@type\":\"ReadAction\",\"target\":[\"https:\/\/www.barbierispa.com\/de\/art-der-bedachung\/flammhemmend-und-olbestandig\/\"]}]},{\"@type\":\"ImageObject\",\"inLanguage\":\"de\",\"@id\":\"https:\/\/www.barbierispa.com\/de\/art-der-bedachung\/flammhemmend-und-olbestandig\/#primaryimage\",\"url\":\"https:\/\/www.barbierispa.com\/wp-content\/uploads\/2025\/04\/Antifiamma-e-antiolio-Barbieri.jpg\",\"contentUrl\":\"https:\/\/www.barbierispa.com\/wp-content\/uploads\/2025\/04\/Antifiamma-e-antiolio-Barbieri.jpg\",\"width\":1200,\"height\":800},{\"@type\":\"BreadcrumbList\",\"@id\":\"https:\/\/www.barbierispa.com\/de\/art-der-bedachung\/flammhemmend-und-olbestandig\/#breadcrumb\",\"itemListElement\":[{\"@type\":\"ListItem\",\"position\":1,\"name\":\"Home\",\"item\":\"https:\/\/www.barbierispa.com\/de\/home\/\"},{\"@type\":\"ListItem\",\"position\":2,\"name\":\"Art der Bedachung\",\"item\":\"https:\/\/www.barbierispa.com\/de\/art-der-bedachung\/\"},{\"@type\":\"ListItem\",\"position\":3,\"name\":\"Flammhemmend und \u00f6lbest\u00e4ndig\"}]},{\"@type\":\"WebSite\",\"@id\":\"https:\/\/www.barbierispa.com\/de\/#website\",\"url\":\"https:\/\/www.barbierispa.com\/de\/\",\"name\":\"Barbieri Spa\",\"description\":\"\",\"publisher\":{\"@id\":\"https:\/\/www.barbierispa.com\/de\/#organization\"},\"potentialAction\":[{\"@type\":\"SearchAction\",\"target\":{\"@type\":\"EntryPoint\",\"urlTemplate\":\"https:\/\/www.barbierispa.com\/de\/?s={search_term_string}\"},\"query-input\":{\"@type\":\"PropertyValueSpecification\",\"valueRequired\":true,\"valueName\":\"search_term_string\"}}],\"inLanguage\":\"de\"},{\"@type\":\"Organization\",\"@id\":\"https:\/\/www.barbierispa.com\/de\/#organization\",\"name\":\"Barbieri Spa\",\"url\":\"https:\/\/www.barbierispa.com\/de\/\",\"logo\":{\"@type\":\"ImageObject\",\"inLanguage\":\"de\",\"@id\":\"https:\/\/www.barbierispa.com\/de\/#\/schema\/logo\/image\/\",\"url\":\"https:\/\/www.barbierispa.com\/wp-content\/uploads\/2025\/01\/barbieri-logo-2x.png\",\"contentUrl\":\"https:\/\/www.barbierispa.com\/wp-content\/uploads\/2025\/01\/barbieri-logo-2x.png\",\"width\":291,\"height\":188,\"caption\":\"Barbieri Spa\"},\"image\":{\"@id\":\"https:\/\/www.barbierispa.com\/de\/#\/schema\/logo\/image\/\"}}]}<\/script>\n<!-- \/ Yoast SEO plugin. -->","yoast_head_json":{"title":"Flammen- und \u00f6lbest\u00e4ndige G\u00fcrtelmischung","description":"Gummih\u00fclle mit doppelter Best\u00e4ndigkeit: gegen Flammen und \u00d6le. F\u00fcr komplexe und risikoreiche Umgebungen.","robots":{"index":"index","follow":"follow","max-snippet":"max-snippet:-1","max-image-preview":"max-image-preview:large","max-video-preview":"max-video-preview:-1"},"canonical":"https:\/\/www.barbierispa.com\/de\/art-der-bedachung\/flammhemmend-und-olbestandig\/","og_locale":"de_DE","og_type":"article","og_title":"Flammen- und \u00f6lbest\u00e4ndige G\u00fcrtelmischung","og_description":"Gummih\u00fclle mit doppelter Best\u00e4ndigkeit: gegen Flammen und \u00d6le. F\u00fcr komplexe und risikoreiche Umgebungen.","og_url":"https:\/\/www.barbierispa.com\/de\/art-der-bedachung\/flammhemmend-und-olbestandig\/","og_site_name":"Barbieri Spa","article_modified_time":"2026-04-14T10:14:51+00:00","og_image":[{"width":1200,"height":800,"url":"https:\/\/www.barbierispa.com\/wp-content\/uploads\/2025\/04\/Antifiamma-e-antiolio-Barbieri.jpg","type":"image\/jpeg"}],"twitter_card":"summary_large_image","twitter_misc":{"Gesch\u00e4tzte Lesezeit":"2\u00a0Minuten"},"schema":{"@context":"https:\/\/schema.org","@graph":[{"@type":"WebPage","@id":"https:\/\/www.barbierispa.com\/de\/art-der-bedachung\/flammhemmend-und-olbestandig\/","url":"https:\/\/www.barbierispa.com\/de\/art-der-bedachung\/flammhemmend-und-olbestandig\/","name":"Flammen- und \u00f6lbest\u00e4ndige G\u00fcrtelmischung","isPartOf":{"@id":"https:\/\/www.barbierispa.com\/de\/#website"},"primaryImageOfPage":{"@id":"https:\/\/www.barbierispa.com\/de\/art-der-bedachung\/flammhemmend-und-olbestandig\/#primaryimage"},"image":{"@id":"https:\/\/www.barbierispa.com\/de\/art-der-bedachung\/flammhemmend-und-olbestandig\/#primaryimage"},"thumbnailUrl":"https:\/\/www.barbierispa.com\/wp-content\/uploads\/2025\/04\/Antifiamma-e-antiolio-Barbieri.jpg","datePublished":"2025-04-01T15:01:53+00:00","dateModified":"2026-04-14T10:14:51+00:00","description":"Gummih\u00fclle mit doppelter Best\u00e4ndigkeit: gegen Flammen und \u00d6le. F\u00fcr komplexe und risikoreiche Umgebungen.","breadcrumb":{"@id":"https:\/\/www.barbierispa.com\/de\/art-der-bedachung\/flammhemmend-und-olbestandig\/#breadcrumb"},"inLanguage":"de","potentialAction":[{"@type":"ReadAction","target":["https:\/\/www.barbierispa.com\/de\/art-der-bedachung\/flammhemmend-und-olbestandig\/"]}]},{"@type":"ImageObject","inLanguage":"de","@id":"https:\/\/www.barbierispa.com\/de\/art-der-bedachung\/flammhemmend-und-olbestandig\/#primaryimage","url":"https:\/\/www.barbierispa.com\/wp-content\/uploads\/2025\/04\/Antifiamma-e-antiolio-Barbieri.jpg","contentUrl":"https:\/\/www.barbierispa.com\/wp-content\/uploads\/2025\/04\/Antifiamma-e-antiolio-Barbieri.jpg","width":1200,"height":800},{"@type":"BreadcrumbList","@id":"https:\/\/www.barbierispa.com\/de\/art-der-bedachung\/flammhemmend-und-olbestandig\/#breadcrumb","itemListElement":[{"@type":"ListItem","position":1,"name":"Home","item":"https:\/\/www.barbierispa.com\/de\/home\/"},{"@type":"ListItem","position":2,"name":"Art der Bedachung","item":"https:\/\/www.barbierispa.com\/de\/art-der-bedachung\/"},{"@type":"ListItem","position":3,"name":"Flammhemmend und \u00f6lbest\u00e4ndig"}]},{"@type":"WebSite","@id":"https:\/\/www.barbierispa.com\/de\/#website","url":"https:\/\/www.barbierispa.com\/de\/","name":"Barbieri Spa","description":"","publisher":{"@id":"https:\/\/www.barbierispa.com\/de\/#organization"},"potentialAction":[{"@type":"SearchAction","target":{"@type":"EntryPoint","urlTemplate":"https:\/\/www.barbierispa.com\/de\/?s={search_term_string}"},"query-input":{"@type":"PropertyValueSpecification","valueRequired":true,"valueName":"search_term_string"}}],"inLanguage":"de"},{"@type":"Organization","@id":"https:\/\/www.barbierispa.com\/de\/#organization","name":"Barbieri Spa","url":"https:\/\/www.barbierispa.com\/de\/","logo":{"@type":"ImageObject","inLanguage":"de","@id":"https:\/\/www.barbierispa.com\/de\/#\/schema\/logo\/image\/","url":"https:\/\/www.barbierispa.com\/wp-content\/uploads\/2025\/01\/barbieri-logo-2x.png","contentUrl":"https:\/\/www.barbierispa.com\/wp-content\/uploads\/2025\/01\/barbieri-logo-2x.png","width":291,"height":188,"caption":"Barbieri Spa"},"image":{"@id":"https:\/\/www.barbierispa.com\/de\/#\/schema\/logo\/image\/"}}]}},"_links":{"self":[{"href":"https:\/\/www.barbierispa.com\/de\/wp-json\/wp\/v2\/pages\/5082","targetHints":{"allow":["GET"]}}],"collection":[{"href":"https:\/\/www.barbierispa.com\/de\/wp-json\/wp\/v2\/pages"}],"about":[{"href":"https:\/\/www.barbierispa.com\/de\/wp-json\/wp\/v2\/types\/page"}],"author":[{"embeddable":true,"href":"https:\/\/www.barbierispa.com\/de\/wp-json\/wp\/v2\/users\/3"}],"replies":[{"embeddable":true,"href":"https:\/\/www.barbierispa.com\/de\/wp-json\/wp\/v2\/comments?post=5082"}],"version-history":[{"count":1,"href":"https:\/\/www.barbierispa.com\/de\/wp-json\/wp\/v2\/pages\/5082\/revisions"}],"predecessor-version":[{"id":5083,"href":"https:\/\/www.barbierispa.com\/de\/wp-json\/wp\/v2\/pages\/5082\/revisions\/5083"}],"up":[{"embeddable":true,"href":"https:\/\/www.barbierispa.com\/de\/wp-json\/wp\/v2\/pages\/5042"}],"wp:featuredmedia":[{"embeddable":true,"href":"https:\/\/www.barbierispa.com\/de\/wp-json\/wp\/v2\/media\/5081"}],"wp:attachment":[{"href":"https:\/\/www.barbierispa.com\/de\/wp-json\/wp\/v2\/media?parent=5082"}],"curies":[{"name":"wp","href":"https:\/\/api.w.org\/{rel}","templated":true}]}}