{"id":5091,"date":"2025-04-01T10:06:22","date_gmt":"2025-04-01T10:06:22","guid":{"rendered":"https:\/\/www.barbierispa.com\/art-der-bedachung\/antistatisch\/"},"modified":"2026-04-15T16:04:22","modified_gmt":"2026-04-15T16:04:22","slug":"antistatisch","status":"publish","type":"page","link":"https:\/\/www.barbierispa.com\/de\/art-der-bedachung\/antistatisch\/","title":{"rendered":"Antistatisch"},"content":{"rendered":"\t\t<div data-elementor-type=\"wp-page\" data-elementor-id=\"5091\" class=\"elementor elementor-5091 elementor-2152\" data-elementor-post-type=\"page\">\n\t\t\t\t<div class=\"elementor-element elementor-element-e19e5b8 e-con-full e-flex e-con e-parent\" data-id=\"e19e5b8\" data-element_type=\"container\" data-e-type=\"container\">\n\t\t<div class=\"elementor-element elementor-element-2ea5b55 e-con-full e-flex e-con e-child\" data-id=\"2ea5b55\" data-element_type=\"container\" data-e-type=\"container\" data-settings=\"{&quot;background_background&quot;:&quot;classic&quot;}\">\n\t\t\t\t<\/div>\n\t\t<div class=\"elementor-element elementor-element-92521df e-con-full e-flex e-con e-child\" data-id=\"92521df\" data-element_type=\"container\" data-e-type=\"container\" data-settings=\"{&quot;background_background&quot;:&quot;classic&quot;}\">\n\t\t<div class=\"elementor-element elementor-element-bdb3c5f e-con-full e-flex e-con e-child\" data-id=\"bdb3c5f\" data-element_type=\"container\" data-e-type=\"container\">\n\t\t\t\t<div class=\"elementor-element elementor-element-2a4a97f elementor-widget elementor-widget-heading\" data-id=\"2a4a97f\" data-element_type=\"widget\" data-e-type=\"widget\" data-widget_type=\"heading.default\">\n\t\t\t\t<div class=\"elementor-widget-container\">\n\t\t\t\t\t<h1 class=\"elementor-heading-title elementor-size-default\">Antistatik<\/h1>\t\t\t\t<\/div>\n\t\t\t\t<\/div>\n\t\t\t\t<div class=\"elementor-element elementor-element-68ac955 elementor-widget elementor-widget-text-editor\" data-id=\"68ac955\" data-element_type=\"widget\" data-e-type=\"widget\" data-widget_type=\"text-editor.default\">\n\t\t\t\t<div class=\"elementor-widget-container\">\n\t\t\t\t\t\t\t\t\t<p><span style=\"font-weight: 400;\">Antistatische F\u00f6rderb\u00e4nder sind zwar keine echte Klasse von Abdeckungen, aber in Umgebungen, die durch das Vorhandensein von Staub beim Transport von Materialien wie Kohle, Getreide, Biomasse, D\u00fcngemitteln oder anderen potenziell brennbaren Stoffen gekennzeichnet sind, sind ihre elektrostatischen Ableitungseigenschaften f\u00fcr die Gew\u00e4hrleistung der Sicherheit unerl\u00e4sslich. Solche B\u00e4nder werden in Bereichen eingesetzt, in denen statische Elektrizit\u00e4t transportierte Materialien besch\u00e4digen oder Explosions- und Brandgefahren darstellen kann. <\/span><\/p>\t\t\t\t\t\t\t\t<\/div>\n\t\t\t\t<\/div>\n\t\t\t\t<\/div>\n\t\t\t\t<\/div>\n\t\t\t\t<\/div>\n\t\t<div class=\"elementor-element elementor-element-82a2320 e-flex e-con-boxed e-con e-parent\" data-id=\"82a2320\" data-element_type=\"container\" data-e-type=\"container\">\n\t\t\t\t\t<div class=\"e-con-inner\">\n\t\t<div class=\"elementor-element elementor-element-9cb132f e-con-full e-flex e-con e-child\" data-id=\"9cb132f\" data-element_type=\"container\" data-e-type=\"container\">\n\t\t\t\t<div class=\"elementor-element elementor-element-ed0a3c4 elementor-widget elementor-widget-text-editor\" data-id=\"ed0a3c4\" data-element_type=\"widget\" data-e-type=\"widget\" data-widget_type=\"text-editor.default\">\n\t\t\t\t<div class=\"elementor-widget-container\">\n\t\t\t\t\t\t\t\t\t<p><strong>Typische Anwendungen:<\/strong><\/p><ul><li><strong>Elektronikindustrie:<\/strong> zum Schutz elektronischer Komponenten vor elektrostatischer Entladung.<\/li><li data-start=\"530\" data-end=\"595\"><strong>Chemische Industrie<\/strong>: um die Bildung von Funken zu verhindern, die Explosionen oder Br\u00e4nde verursachen k\u00f6nnten.<\/li><li data-start=\"598\" data-end=\"667\"><strong>Unterirdische Umgebungen:<\/strong> um Funken zu vermeiden, die Explosionen oder Br\u00e4nde ausl\u00f6sen k\u00f6nnen, die durch die Verringerung des Sauerstoffs unter der Erde noch verst\u00e4rkt werden k\u00f6nnen<\/li><\/ul><p> <\/p><p><span style=\"font-weight: 400;\">Die <\/span><b>EN 12882-Norm<\/b><span style=\"font-weight: 400;\">  ist eine europ\u00e4ische Norm f\u00fcr antistatische Transportb\u00e4nder. Sie legt Anforderungen f\u00fcr F\u00f6rderb\u00e4nder fest, die f\u00fcr den Transport von Materialien in Umgebungen verwendet werden, in denen statische Elektrizit\u00e4t ein erhebliches Risiko darstellt. Die Norm ist von entscheidender Bedeutung, um sicherzustellen, dass F\u00f6rderb\u00e4nder mit den notwendigen Merkmalen ausgestattet sind, um Sch\u00e4den durch elektrostatische Entladungen zu verhindern, die in einigen industriellen Anwendungen, wie z.B. in der Elektronik- oder Chemieindustrie, gef\u00e4hrlich sein k\u00f6nnen.  <\/span><\/p><p><span style=\"font-weight: 400;\">La <\/span><b>EN 12882<\/b><span style=\"font-weight: 400;\">  definiert die Methode zur Messung des Oberfl\u00e4chenwiderstands von F\u00f6rderb\u00e4ndern, einem Schl\u00fcsselparameter zur Beurteilung der Wirksamkeit der Ableitung statischer Elektrizit\u00e4t. Die Widerstandswerte, ausgedr\u00fcckt in Ohm (\u03a9), m\u00fcssen bestimmte Grenzwerte einhalten, um sicherzustellen, dass das F\u00f6rderband in Umgebungen, in denen das Risiko einer elektrostatischen Aufladung besteht, sicher ist. <\/span><\/p><p><span style=\"font-weight: 400;\">Zusammenfassend l\u00e4sst sich sagen, dass die <\/span><b>EN 12882<\/b><span style=\"font-weight: 400;\"> ist eine wichtige Norm, die sicherstellt, dass antistatische F\u00f6rderb\u00e4nder so konstruiert sind, dass sie die Risiken elektrostatischer Entladungen in sensiblen Umgebungen verringern oder ausschlie\u00dfen, indem sie bestimmte Anforderungen an den Oberfl\u00e4chenwiderstand und die Leitf\u00e4higkeit erf\u00fcllen, um einen sicheren Betrieb in kritischen industriellen Umgebungen zu gew\u00e4hrleisten.<\/span><\/p><p><b>ANTISTATISCHE VERBINDUNGEN:<\/b><\/p><table><tbody><tr><td><b>MIX<\/b><\/td><td><b>KATEGORIE<\/b><\/td><td><b>TESTWERT <\/b><\/td> <\/tr><tr><td><span style=\"font-weight: 400;\">K<\/span><\/td><td><span style=\"font-weight: 400;\">ANTI-FIRM und ANTI-STATIC<\/span><\/td><td><span style=\"font-weight: 400;\">3&#215;10<\/span><span style=\"font-weight: 400;\">8<br><\/span><\/td><\/tr><tr><td><span style=\"font-weight: 400;\">S<\/span><\/td><td><span style=\"font-weight: 400;\">ANTI-FIRM und ANTI-STATIC<\/span><\/td><td><span style=\"font-weight: 400;\">3&#215;10<\/span><span style=\"font-weight: 400;\">8<\/span><\/td><\/tr><tr><td><span style=\"font-weight: 400;\">KLASSE A<\/span><\/td><td><span style=\"font-weight: 400;\">ANTI-FLAME und ANTI-STATIC<\/span><\/td><td><span style=\"font-weight: 400;\">3&#215;10<\/span><span style=\"font-weight: 400;\">8<\/span><\/td><\/tr><tr><td><span style=\"font-weight: 400;\">MOR-K<\/span><\/td><td><span style=\"font-weight: 400;\">ANTI-\u00d6L &amp; ANTI-PHYMA und ANTI-STATIC<\/span><\/td><td><span style=\"font-weight: 400;\">3&#215;10<\/span><span style=\"font-weight: 400;\">8<\/span><\/td><\/tr><\/tbody><\/table>\t\t\t\t\t\t\t\t<\/div>\n\t\t\t\t<\/div>\n\t\t\t\t<\/div>\n\t\t\t\t\t<\/div>\n\t\t\t\t<\/div>\n\t\t\t\t<\/div>\n\t\t","protected":false},"excerpt":{"rendered":"<p>Antistatik Antistatische F\u00f6rderb\u00e4nder sind zwar keine echte Klasse von Abdeckungen, aber in Umgebungen, die durch das Vorhandensein von Staub beim Transport von Materialien wie Kohle, Getreide, Biomasse, D\u00fcngemitteln oder anderen potenziell brennbaren Stoffen gekennzeichnet sind, sind ihre elektrostatischen Ableitungseigenschaften f\u00fcr die Gew\u00e4hrleistung der Sicherheit unerl\u00e4sslich. Solche B\u00e4nder werden in Bereichen eingesetzt, in denen statische Elektrizit\u00e4t [&hellip;]<\/p>\n","protected":false},"author":3,"featured_media":5052,"parent":5042,"menu_order":0,"comment_status":"closed","ping_status":"closed","template":"","meta":{"_acf_changed":false,"footnotes":""},"class_list":["post-5091","page","type-page","status-publish","has-post-thumbnail","hentry"],"acf":[],"yoast_head":"<!-- This site is optimized with the Yoast SEO plugin v27.2 - https:\/\/yoast.com\/product\/yoast-seo-wordpress\/ -->\n<title>Sicheres antistatisches F\u00f6rderband<\/title>\n<meta name=\"description\" content=\"Abdeckung mit antistatischen Eigenschaften f\u00fcr explosionsgef\u00e4hrdete Staubumgebungen. Sicherheit und Kontrolle.\" \/>\n<meta name=\"robots\" content=\"index, follow, max-snippet:-1, max-image-preview:large, max-video-preview:-1\" \/>\n<link rel=\"canonical\" href=\"https:\/\/www.barbierispa.com\/de\/art-der-bedachung\/antistatisch\/\" \/>\n<meta property=\"og:locale\" content=\"de_DE\" \/>\n<meta property=\"og:type\" content=\"article\" \/>\n<meta property=\"og:title\" content=\"Sicheres antistatisches F\u00f6rderband\" \/>\n<meta property=\"og:description\" content=\"Abdeckung mit antistatischen Eigenschaften f\u00fcr explosionsgef\u00e4hrdete Staubumgebungen. Sicherheit und Kontrolle.\" \/>\n<meta property=\"og:url\" content=\"https:\/\/www.barbierispa.com\/de\/art-der-bedachung\/antistatisch\/\" \/>\n<meta property=\"og:site_name\" content=\"Barbieri Spa\" \/>\n<meta property=\"article:modified_time\" content=\"2026-04-15T16:04:22+00:00\" \/>\n<meta property=\"og:image\" content=\"https:\/\/www.barbierispa.com\/wp-content\/uploads\/2025\/04\/Antistatica-Barbieri-1.jpg\" \/>\n\t<meta property=\"og:image:width\" content=\"1200\" \/>\n\t<meta property=\"og:image:height\" content=\"800\" \/>\n\t<meta property=\"og:image:type\" content=\"image\/jpeg\" \/>\n<meta name=\"twitter:card\" content=\"summary_large_image\" \/>\n<meta name=\"twitter:label1\" content=\"Gesch\u00e4tzte Lesezeit\" \/>\n\t<meta name=\"twitter:data1\" content=\"2\u00a0Minuten\" \/>\n<script type=\"application\/ld+json\" class=\"yoast-schema-graph\">{\"@context\":\"https:\/\/schema.org\",\"@graph\":[{\"@type\":\"WebPage\",\"@id\":\"https:\/\/www.barbierispa.com\/de\/art-der-bedachung\/antistatisch\/\",\"url\":\"https:\/\/www.barbierispa.com\/de\/art-der-bedachung\/antistatisch\/\",\"name\":\"Sicheres antistatisches F\u00f6rderband\",\"isPartOf\":{\"@id\":\"https:\/\/www.barbierispa.com\/de\/#website\"},\"primaryImageOfPage\":{\"@id\":\"https:\/\/www.barbierispa.com\/de\/art-der-bedachung\/antistatisch\/#primaryimage\"},\"image\":{\"@id\":\"https:\/\/www.barbierispa.com\/de\/art-der-bedachung\/antistatisch\/#primaryimage\"},\"thumbnailUrl\":\"https:\/\/www.barbierispa.com\/wp-content\/uploads\/2025\/04\/Antistatica-Barbieri-1.jpg\",\"datePublished\":\"2025-04-01T10:06:22+00:00\",\"dateModified\":\"2026-04-15T16:04:22+00:00\",\"description\":\"Abdeckung mit antistatischen Eigenschaften f\u00fcr explosionsgef\u00e4hrdete Staubumgebungen. Sicherheit und Kontrolle.\",\"breadcrumb\":{\"@id\":\"https:\/\/www.barbierispa.com\/de\/art-der-bedachung\/antistatisch\/#breadcrumb\"},\"inLanguage\":\"de\",\"potentialAction\":[{\"@type\":\"ReadAction\",\"target\":[\"https:\/\/www.barbierispa.com\/de\/art-der-bedachung\/antistatisch\/\"]}]},{\"@type\":\"ImageObject\",\"inLanguage\":\"de\",\"@id\":\"https:\/\/www.barbierispa.com\/de\/art-der-bedachung\/antistatisch\/#primaryimage\",\"url\":\"https:\/\/www.barbierispa.com\/wp-content\/uploads\/2025\/04\/Antistatica-Barbieri-1.jpg\",\"contentUrl\":\"https:\/\/www.barbierispa.com\/wp-content\/uploads\/2025\/04\/Antistatica-Barbieri-1.jpg\",\"width\":1200,\"height\":800},{\"@type\":\"BreadcrumbList\",\"@id\":\"https:\/\/www.barbierispa.com\/de\/art-der-bedachung\/antistatisch\/#breadcrumb\",\"itemListElement\":[{\"@type\":\"ListItem\",\"position\":1,\"name\":\"Home\",\"item\":\"https:\/\/www.barbierispa.com\/de\/home\/\"},{\"@type\":\"ListItem\",\"position\":2,\"name\":\"Art der Bedachung\",\"item\":\"https:\/\/www.barbierispa.com\/de\/art-der-bedachung\/\"},{\"@type\":\"ListItem\",\"position\":3,\"name\":\"Antistatisch\"}]},{\"@type\":\"WebSite\",\"@id\":\"https:\/\/www.barbierispa.com\/de\/#website\",\"url\":\"https:\/\/www.barbierispa.com\/de\/\",\"name\":\"Barbieri Spa\",\"description\":\"\",\"publisher\":{\"@id\":\"https:\/\/www.barbierispa.com\/de\/#organization\"},\"potentialAction\":[{\"@type\":\"SearchAction\",\"target\":{\"@type\":\"EntryPoint\",\"urlTemplate\":\"https:\/\/www.barbierispa.com\/de\/?s={search_term_string}\"},\"query-input\":{\"@type\":\"PropertyValueSpecification\",\"valueRequired\":true,\"valueName\":\"search_term_string\"}}],\"inLanguage\":\"de\"},{\"@type\":\"Organization\",\"@id\":\"https:\/\/www.barbierispa.com\/de\/#organization\",\"name\":\"Barbieri Spa\",\"url\":\"https:\/\/www.barbierispa.com\/de\/\",\"logo\":{\"@type\":\"ImageObject\",\"inLanguage\":\"de\",\"@id\":\"https:\/\/www.barbierispa.com\/de\/#\/schema\/logo\/image\/\",\"url\":\"https:\/\/www.barbierispa.com\/wp-content\/uploads\/2025\/01\/barbieri-logo-2x.png\",\"contentUrl\":\"https:\/\/www.barbierispa.com\/wp-content\/uploads\/2025\/01\/barbieri-logo-2x.png\",\"width\":291,\"height\":188,\"caption\":\"Barbieri Spa\"},\"image\":{\"@id\":\"https:\/\/www.barbierispa.com\/de\/#\/schema\/logo\/image\/\"}}]}<\/script>\n<!-- \/ Yoast SEO plugin. -->","yoast_head_json":{"title":"Sicheres antistatisches F\u00f6rderband","description":"Abdeckung mit antistatischen Eigenschaften f\u00fcr explosionsgef\u00e4hrdete Staubumgebungen. Sicherheit und Kontrolle.","robots":{"index":"index","follow":"follow","max-snippet":"max-snippet:-1","max-image-preview":"max-image-preview:large","max-video-preview":"max-video-preview:-1"},"canonical":"https:\/\/www.barbierispa.com\/de\/art-der-bedachung\/antistatisch\/","og_locale":"de_DE","og_type":"article","og_title":"Sicheres antistatisches F\u00f6rderband","og_description":"Abdeckung mit antistatischen Eigenschaften f\u00fcr explosionsgef\u00e4hrdete Staubumgebungen. Sicherheit und Kontrolle.","og_url":"https:\/\/www.barbierispa.com\/de\/art-der-bedachung\/antistatisch\/","og_site_name":"Barbieri Spa","article_modified_time":"2026-04-15T16:04:22+00:00","og_image":[{"width":1200,"height":800,"url":"https:\/\/www.barbierispa.com\/wp-content\/uploads\/2025\/04\/Antistatica-Barbieri-1.jpg","type":"image\/jpeg"}],"twitter_card":"summary_large_image","twitter_misc":{"Gesch\u00e4tzte Lesezeit":"2\u00a0Minuten"},"schema":{"@context":"https:\/\/schema.org","@graph":[{"@type":"WebPage","@id":"https:\/\/www.barbierispa.com\/de\/art-der-bedachung\/antistatisch\/","url":"https:\/\/www.barbierispa.com\/de\/art-der-bedachung\/antistatisch\/","name":"Sicheres antistatisches F\u00f6rderband","isPartOf":{"@id":"https:\/\/www.barbierispa.com\/de\/#website"},"primaryImageOfPage":{"@id":"https:\/\/www.barbierispa.com\/de\/art-der-bedachung\/antistatisch\/#primaryimage"},"image":{"@id":"https:\/\/www.barbierispa.com\/de\/art-der-bedachung\/antistatisch\/#primaryimage"},"thumbnailUrl":"https:\/\/www.barbierispa.com\/wp-content\/uploads\/2025\/04\/Antistatica-Barbieri-1.jpg","datePublished":"2025-04-01T10:06:22+00:00","dateModified":"2026-04-15T16:04:22+00:00","description":"Abdeckung mit antistatischen Eigenschaften f\u00fcr explosionsgef\u00e4hrdete Staubumgebungen. Sicherheit und Kontrolle.","breadcrumb":{"@id":"https:\/\/www.barbierispa.com\/de\/art-der-bedachung\/antistatisch\/#breadcrumb"},"inLanguage":"de","potentialAction":[{"@type":"ReadAction","target":["https:\/\/www.barbierispa.com\/de\/art-der-bedachung\/antistatisch\/"]}]},{"@type":"ImageObject","inLanguage":"de","@id":"https:\/\/www.barbierispa.com\/de\/art-der-bedachung\/antistatisch\/#primaryimage","url":"https:\/\/www.barbierispa.com\/wp-content\/uploads\/2025\/04\/Antistatica-Barbieri-1.jpg","contentUrl":"https:\/\/www.barbierispa.com\/wp-content\/uploads\/2025\/04\/Antistatica-Barbieri-1.jpg","width":1200,"height":800},{"@type":"BreadcrumbList","@id":"https:\/\/www.barbierispa.com\/de\/art-der-bedachung\/antistatisch\/#breadcrumb","itemListElement":[{"@type":"ListItem","position":1,"name":"Home","item":"https:\/\/www.barbierispa.com\/de\/home\/"},{"@type":"ListItem","position":2,"name":"Art der Bedachung","item":"https:\/\/www.barbierispa.com\/de\/art-der-bedachung\/"},{"@type":"ListItem","position":3,"name":"Antistatisch"}]},{"@type":"WebSite","@id":"https:\/\/www.barbierispa.com\/de\/#website","url":"https:\/\/www.barbierispa.com\/de\/","name":"Barbieri Spa","description":"","publisher":{"@id":"https:\/\/www.barbierispa.com\/de\/#organization"},"potentialAction":[{"@type":"SearchAction","target":{"@type":"EntryPoint","urlTemplate":"https:\/\/www.barbierispa.com\/de\/?s={search_term_string}"},"query-input":{"@type":"PropertyValueSpecification","valueRequired":true,"valueName":"search_term_string"}}],"inLanguage":"de"},{"@type":"Organization","@id":"https:\/\/www.barbierispa.com\/de\/#organization","name":"Barbieri Spa","url":"https:\/\/www.barbierispa.com\/de\/","logo":{"@type":"ImageObject","inLanguage":"de","@id":"https:\/\/www.barbierispa.com\/de\/#\/schema\/logo\/image\/","url":"https:\/\/www.barbierispa.com\/wp-content\/uploads\/2025\/01\/barbieri-logo-2x.png","contentUrl":"https:\/\/www.barbierispa.com\/wp-content\/uploads\/2025\/01\/barbieri-logo-2x.png","width":291,"height":188,"caption":"Barbieri Spa"},"image":{"@id":"https:\/\/www.barbierispa.com\/de\/#\/schema\/logo\/image\/"}}]}},"_links":{"self":[{"href":"https:\/\/www.barbierispa.com\/de\/wp-json\/wp\/v2\/pages\/5091","targetHints":{"allow":["GET"]}}],"collection":[{"href":"https:\/\/www.barbierispa.com\/de\/wp-json\/wp\/v2\/pages"}],"about":[{"href":"https:\/\/www.barbierispa.com\/de\/wp-json\/wp\/v2\/types\/page"}],"author":[{"embeddable":true,"href":"https:\/\/www.barbierispa.com\/de\/wp-json\/wp\/v2\/users\/3"}],"replies":[{"embeddable":true,"href":"https:\/\/www.barbierispa.com\/de\/wp-json\/wp\/v2\/comments?post=5091"}],"version-history":[{"count":1,"href":"https:\/\/www.barbierispa.com\/de\/wp-json\/wp\/v2\/pages\/5091\/revisions"}],"predecessor-version":[{"id":5092,"href":"https:\/\/www.barbierispa.com\/de\/wp-json\/wp\/v2\/pages\/5091\/revisions\/5092"}],"up":[{"embeddable":true,"href":"https:\/\/www.barbierispa.com\/de\/wp-json\/wp\/v2\/pages\/5042"}],"wp:featuredmedia":[{"embeddable":true,"href":"https:\/\/www.barbierispa.com\/de\/wp-json\/wp\/v2\/media\/5052"}],"wp:attachment":[{"href":"https:\/\/www.barbierispa.com\/de\/wp-json\/wp\/v2\/media?parent=5091"}],"curies":[{"name":"wp","href":"https:\/\/api.w.org\/{rel}","templated":true}]}}