{"id":5094,"date":"2025-04-01T10:03:28","date_gmt":"2025-04-01T10:03:28","guid":{"rendered":"https:\/\/www.barbierispa.com\/art-der-bedachung\/anti-abrasiv\/"},"modified":"2026-04-15T16:05:17","modified_gmt":"2026-04-15T16:05:17","slug":"anti-abrasiv","status":"publish","type":"page","link":"https:\/\/www.barbierispa.com\/de\/art-der-bedachung\/anti-abrasiv\/","title":{"rendered":"Anti-abrasiv"},"content":{"rendered":"\t\t<div data-elementor-type=\"wp-page\" data-elementor-id=\"5094\" class=\"elementor elementor-5094 elementor-2147\" data-elementor-post-type=\"page\">\n\t\t\t\t<div class=\"elementor-element elementor-element-e19e5b8 e-con-full e-flex e-con e-parent\" data-id=\"e19e5b8\" data-element_type=\"container\" data-e-type=\"container\">\n\t\t<div class=\"elementor-element elementor-element-2ea5b55 e-con-full e-flex e-con e-child\" data-id=\"2ea5b55\" data-element_type=\"container\" data-e-type=\"container\" data-settings=\"{&quot;background_background&quot;:&quot;classic&quot;}\">\n\t\t\t\t<\/div>\n\t\t<div class=\"elementor-element elementor-element-92521df e-con-full e-flex e-con e-child\" data-id=\"92521df\" data-element_type=\"container\" data-e-type=\"container\" data-settings=\"{&quot;background_background&quot;:&quot;classic&quot;}\">\n\t\t<div class=\"elementor-element elementor-element-bdb3c5f e-con-full e-flex e-con e-child\" data-id=\"bdb3c5f\" data-element_type=\"container\" data-e-type=\"container\">\n\t\t\t\t<div class=\"elementor-element elementor-element-2a4a97f elementor-widget elementor-widget-heading\" data-id=\"2a4a97f\" data-element_type=\"widget\" data-e-type=\"widget\" data-widget_type=\"heading.default\">\n\t\t\t\t<div class=\"elementor-widget-container\">\n\t\t\t\t\t<h1 class=\"elementor-heading-title elementor-size-default\">ABRIEBFESTIGKEIT<\/h1>\t\t\t\t<\/div>\n\t\t\t\t<\/div>\n\t\t\t\t<div class=\"elementor-element elementor-element-68ac955 elementor-widget elementor-widget-text-editor\" data-id=\"68ac955\" data-element_type=\"widget\" data-e-type=\"widget\" data-widget_type=\"text-editor.default\">\n\t\t\t\t<div class=\"elementor-widget-container\">\n\t\t\t\t\t\t\t\t\t<p>Ein abriebfester Compound wurde entwickelt, um eine lange Lebensdauer zu gew\u00e4hrleisten, indem er dem Verschlei\u00df durch abrasive Materialien in F\u00f6rderb\u00e4ndern standh\u00e4lt. In Arbeitsumgebungen, in denen abrasive Materialien in st\u00e4ndiger Bewegung sind, bieten diese Compounds effektiven Schutz, reduzieren Sch\u00e4den und verbessern die Gesch\u00e4ftskontinuit\u00e4t. Aufgrund ihrer Langlebigkeit sind sie ideal f\u00fcr industrielle Anwendungen, die dauerhafte und robuste L\u00f6sungen erfordern.  <\/p>\t\t\t\t\t\t\t\t<\/div>\n\t\t\t\t<\/div>\n\t\t\t\t<\/div>\n\t\t\t\t<\/div>\n\t\t\t\t<\/div>\n\t\t<div class=\"elementor-element elementor-element-82a2320 e-flex e-con-boxed e-con e-parent\" data-id=\"82a2320\" data-element_type=\"container\" data-e-type=\"container\">\n\t\t\t\t\t<div class=\"e-con-inner\">\n\t\t<div class=\"elementor-element elementor-element-9cb132f e-con-full e-flex e-con e-child\" data-id=\"9cb132f\" data-element_type=\"container\" data-e-type=\"container\">\n\t\t\t\t<div class=\"elementor-element elementor-element-ed0a3c4 elementor-widget elementor-widget-text-editor\" data-id=\"ed0a3c4\" data-element_type=\"widget\" data-e-type=\"widget\" data-widget_type=\"text-editor.default\">\n\t\t\t\t<div class=\"elementor-widget-container\">\n\t\t\t\t\t\t\t\t\t<article class=\"w-full text-token-text-primary\" dir=\"auto\" data-testid=\"conversation-turn-22\" data-scroll-anchor=\"true\"><div class=\"text-base my-auto mx-auto py-5 px-6\"><div class=\"mx-auto flex flex-1 text-base gap-4 md:gap-5 lg:gap-6 md:max-w-3xl lg:max-w-[40rem] xl:max-w-[48rem] group\/turn-messages focus-visible:outline-none\" tabindex=\"-1\"><div class=\"group\/conversation-turn relative flex w-full min-w-0 flex-col agent-turn @xs\/thread:px-0 @sm\/thread:px-1.5 @md\/thread:px-4\"><div class=\"relative flex-col gap-1 md:gap-3\"><div class=\"flex max-w-full flex-col flex-grow\"><div class=\"min-h-8 text-message relative flex w-full flex-col items-end gap-2 whitespace-normal break-words text-start [.text-message+&amp;]:mt-5\" dir=\"auto\" data-message-author-role=\"assistant\" data-message-id=\"ee419ca8-3b00-4102-a2d8-07e228a30c59\" data-message-model-slug=\"gpt-4o\"><div class=\"flex w-full flex-col gap-1 empty:hidden first:pt-[3px]\"><div class=\"markdown prose w-full break-words dark:prose-invert light\"><p class=\"\" data-start=\"427\" data-end=\"452\"><strong data-start=\"427\" data-end=\"452\">Typische Anwendungen:<\/strong><\/p><ul data-start=\"453\" data-end=\"667\"><li class=\"\" data-start=\"453\" data-end=\"527\"><p class=\"\" data-start=\"455\" data-end=\"527\"><strong>Bergbau<\/strong>: Transport von Mineralien und abrasiven Materialien.<\/p><\/li><li class=\"\" data-start=\"528\" data-end=\"595\"><p class=\"\" data-start=\"530\" data-end=\"595\"><strong>Baugewerbe<\/strong>: Transport von Sand, Kies und Baumaterialien.<\/p><\/li><li class=\"\" data-start=\"596\" data-end=\"667\"><p class=\"\" data-start=\"598\" data-end=\"667\"><strong>Chemische Industrie<\/strong>: Transport von Materialien, die mechanisch widerstandsf\u00e4hig sein m\u00fcssen und nicht besonders abrasiv sind, aber dennoch verschlei\u00dffest sein m\u00fcssen.<\/p><\/li><\/ul><p class=\"\" data-start=\"669\" data-end=\"1094\">Die DIN-Referenz f\u00fcr die Abriebfestigkeit von F\u00f6rdergurten bezieht sich im Allgemeinen auf die DIN 22102, die die Eigenschaften und Anforderungen f\u00fcr F\u00f6rdergurte aus Gummi umfasst. Die spezifische Abriebpr\u00fcfung wird jedoch in der Regel nach anderen technischen Normen durchgef\u00fchrt, wie z.B. DIN 53516 zur Bestimmung der Abriebfestigkeit von Gummi. <\/p><p class=\"\" data-start=\"1096\" data-end=\"1412\">Bei dem Test misst der Abriebwert die Menge an Material, die von der Gummioberfl\u00e4che abgetragen wird (mm3 ), w\u00e4hrend sie einer abrasiven Bewegung ausgesetzt ist.<\/p><ul data-start=\"1540\" data-end=\"1779\" data-is-last-node=\"\" data-is-only-node=\"\"><li class=\"\" data-start=\"1540\" data-end=\"1665\"><p class=\"\" data-start=\"1542\" data-end=\"1665\"><strong data-start=\"1542\" data-end=\"1561\">H\u00f6here Werte <\/strong>im Abriebtest deuten darauf hin, dass w\u00e4hrend des Tests mehr Gummi von der Gummioberfl\u00e4che entfernt wurde.<\/p><\/li><li class=\"\" data-start=\"1666\" data-end=\"1779\"><p class=\"\" data-start=\"1668\" data-end=\"1779\"><strong data-start=\"1668\" data-end=\"1688\">Niedrigere Werte <\/strong>im Abriebtest deuten hingegen darauf hin, dass der Gummi weniger abgenutzt wurde und daher eine bessere Abriebfestigkeit aufweist.<\/p><\/li><\/ul><p><b>VERBINDUNGEN UND ABRIEB:<\/b><\/p><table><tbody><tr><td><b>MIX<\/b><\/td><td><b>KATEGORIE<\/b><\/td><td><b>ABRIEBTESTWERT<\/b><\/td><\/tr><tr><td><span style=\"font-weight: 400;\">P<\/span><\/td><td><span style=\"font-weight: 400;\">STANDARD<\/span><\/td><td><span style=\"font-weight: 400;\">250<\/span><\/td><\/tr><tr><td><span style=\"font-weight: 400;\">N<\/span><\/td><td><span style=\"font-weight: 400;\">STANDARD<\/span><\/td><td><span style=\"font-weight: 400;\">150<\/span><\/td><\/tr><tr><td><span style=\"font-weight: 400;\">W<\/span><\/td><td><span style=\"font-weight: 400;\">STANDARD<\/span><\/td><td><span style=\"font-weight: 400;\">80<\/span><\/td><\/tr><tr><td><span style=\"font-weight: 400;\">Y<\/span><\/td><td><span style=\"font-weight: 400;\">STANDARD<\/span><\/td><td><span style=\"font-weight: 400;\">150<\/span><\/td><\/tr><tr><td><span style=\"font-weight: 400;\">X<\/span><\/td><td><span style=\"font-weight: 400;\">STANDARD<\/span><\/td><td><span style=\"font-weight: 400;\">120<\/span><\/td><\/tr><tr><td><span style=\"font-weight: 400;\">HR-130<\/span><\/td><td><span style=\"font-weight: 400;\">ANTICALORE<\/span><\/td><td><span style=\"font-weight: 400;\">120<\/span><\/td><\/tr><tr><td><span style=\"font-weight: 400;\">HR-150<\/span><\/td><td><span style=\"font-weight: 400;\">ANTICALORE<\/span><\/td><td><span style=\"font-weight: 400;\">150<\/span><\/td><\/tr><tr><td><span style=\"font-weight: 400;\">HR-180<\/span><\/td><td><span style=\"font-weight: 400;\">ANTICALORE<\/span><\/td><td><span style=\"font-weight: 400;\">200<\/span><\/td><\/tr><tr><td><span style=\"font-weight: 400;\">HR-220<\/span><\/td><td><span style=\"font-weight: 400;\">ANTICALORE<\/span><\/td><td><span style=\"font-weight: 400;\">150<\/span><\/td><\/tr><tr><td><span style=\"font-weight: 400;\">HR-300<\/span><\/td><td><span style=\"font-weight: 400;\">ANTICALORE<\/span><\/td><td><span style=\"font-weight: 400;\">155<\/span><\/td><\/tr><tr><td><span style=\"font-weight: 400;\">K<\/span><\/td><td><span style=\"font-weight: 400;\">ANTI-FLAME<\/span><\/td><td><span style=\"font-weight: 400;\">150<\/span><\/td><\/tr><tr><td><span style=\"font-weight: 400;\">S<\/span><\/td><td><span style=\"font-weight: 400;\">ANTIFIAM<\/span><\/td><td><span style=\"font-weight: 400;\">150<\/span><\/td><\/tr><tr><td><span style=\"font-weight: 400;\">MOR-K<\/span><\/td><td><span style=\"font-weight: 400;\">ANTI-\u00d6L und ANTI-PHYMA<\/span><\/td><td><span style=\"font-weight: 400;\">200<\/span><\/td><\/tr><tr><td><span style=\"font-weight: 400;\">MOR<\/span><\/td><td><span style=\"font-weight: 400;\">ANTIOLIO<\/span><\/td><td><span style=\"font-weight: 400;\">200<\/span><\/td><\/tr><tr><td><span style=\"font-weight: 400;\">OR<\/span><\/td><td><span style=\"font-weight: 400;\">ANTIOLIO<\/span><\/td><td><span style=\"font-weight: 400;\">200<\/span><\/td><\/tr><\/tbody><\/table><\/div><\/div><\/div><\/div><\/div><\/div><\/div><\/div><\/article>\t\t\t\t\t\t\t\t<\/div>\n\t\t\t\t<\/div>\n\t\t\t\t<\/div>\n\t\t\t\t\t<\/div>\n\t\t\t\t<\/div>\n\t\t\t\t<\/div>\n\t\t","protected":false},"excerpt":{"rendered":"<p>ABRIEBFESTIGKEIT Ein abriebfester Compound wurde entwickelt, um eine lange Lebensdauer zu gew\u00e4hrleisten, indem er dem Verschlei\u00df durch abrasive Materialien in F\u00f6rderb\u00e4ndern standh\u00e4lt. In Arbeitsumgebungen, in denen abrasive Materialien in st\u00e4ndiger Bewegung sind, bieten diese Compounds effektiven Schutz, reduzieren Sch\u00e4den und verbessern die Gesch\u00e4ftskontinuit\u00e4t. Aufgrund ihrer Langlebigkeit sind sie ideal f\u00fcr industrielle Anwendungen, die dauerhafte und [&hellip;]<\/p>\n","protected":false},"author":3,"featured_media":5048,"parent":5042,"menu_order":0,"comment_status":"closed","ping_status":"closed","template":"","meta":{"_acf_changed":false,"footnotes":""},"class_list":["post-5094","page","type-page","status-publish","has-post-thumbnail","hentry"],"acf":[],"yoast_head":"<!-- This site is optimized with the Yoast SEO plugin v27.2 - https:\/\/yoast.com\/product\/yoast-seo-wordpress\/ -->\n<title>Abriebfeste Verbindung f\u00fcr raue Umgebungen<\/title>\n<meta name=\"description\" content=\"Eine Bandmischung, die dem Abrieb von rauen Materialien widersteht. Ideal f\u00fcr raue Umgebungen.\" \/>\n<meta name=\"robots\" content=\"index, follow, max-snippet:-1, max-image-preview:large, max-video-preview:-1\" \/>\n<link rel=\"canonical\" href=\"https:\/\/www.barbierispa.com\/de\/art-der-bedachung\/anti-abrasiv\/\" \/>\n<meta property=\"og:locale\" content=\"de_DE\" \/>\n<meta property=\"og:type\" content=\"article\" \/>\n<meta property=\"og:title\" content=\"Abriebfeste Verbindung f\u00fcr raue Umgebungen\" \/>\n<meta property=\"og:description\" content=\"Eine Bandmischung, die dem Abrieb von rauen Materialien widersteht. Ideal f\u00fcr raue Umgebungen.\" \/>\n<meta property=\"og:url\" content=\"https:\/\/www.barbierispa.com\/de\/art-der-bedachung\/anti-abrasiv\/\" \/>\n<meta property=\"og:site_name\" content=\"Barbieri Spa\" \/>\n<meta property=\"article:modified_time\" content=\"2026-04-15T16:05:17+00:00\" \/>\n<meta property=\"og:image\" content=\"https:\/\/www.barbierispa.com\/wp-content\/uploads\/2025\/04\/Antiabrasiva-Barbieri-1.jpg\" \/>\n\t<meta property=\"og:image:width\" content=\"1200\" \/>\n\t<meta property=\"og:image:height\" content=\"800\" \/>\n\t<meta property=\"og:image:type\" content=\"image\/jpeg\" \/>\n<meta name=\"twitter:card\" content=\"summary_large_image\" \/>\n<meta name=\"twitter:label1\" content=\"Gesch\u00e4tzte Lesezeit\" \/>\n\t<meta name=\"twitter:data1\" content=\"1\u00a0Minute\" \/>\n<script type=\"application\/ld+json\" class=\"yoast-schema-graph\">{\"@context\":\"https:\/\/schema.org\",\"@graph\":[{\"@type\":\"WebPage\",\"@id\":\"https:\/\/www.barbierispa.com\/de\/art-der-bedachung\/anti-abrasiv\/\",\"url\":\"https:\/\/www.barbierispa.com\/de\/art-der-bedachung\/anti-abrasiv\/\",\"name\":\"Abriebfeste Verbindung f\u00fcr raue Umgebungen\",\"isPartOf\":{\"@id\":\"https:\/\/www.barbierispa.com\/de\/#website\"},\"primaryImageOfPage\":{\"@id\":\"https:\/\/www.barbierispa.com\/de\/art-der-bedachung\/anti-abrasiv\/#primaryimage\"},\"image\":{\"@id\":\"https:\/\/www.barbierispa.com\/de\/art-der-bedachung\/anti-abrasiv\/#primaryimage\"},\"thumbnailUrl\":\"https:\/\/www.barbierispa.com\/wp-content\/uploads\/2025\/04\/Antiabrasiva-Barbieri-1.jpg\",\"datePublished\":\"2025-04-01T10:03:28+00:00\",\"dateModified\":\"2026-04-15T16:05:17+00:00\",\"description\":\"Eine Bandmischung, die dem Abrieb von rauen Materialien widersteht. Ideal f\u00fcr raue Umgebungen.\",\"breadcrumb\":{\"@id\":\"https:\/\/www.barbierispa.com\/de\/art-der-bedachung\/anti-abrasiv\/#breadcrumb\"},\"inLanguage\":\"de\",\"potentialAction\":[{\"@type\":\"ReadAction\",\"target\":[\"https:\/\/www.barbierispa.com\/de\/art-der-bedachung\/anti-abrasiv\/\"]}]},{\"@type\":\"ImageObject\",\"inLanguage\":\"de\",\"@id\":\"https:\/\/www.barbierispa.com\/de\/art-der-bedachung\/anti-abrasiv\/#primaryimage\",\"url\":\"https:\/\/www.barbierispa.com\/wp-content\/uploads\/2025\/04\/Antiabrasiva-Barbieri-1.jpg\",\"contentUrl\":\"https:\/\/www.barbierispa.com\/wp-content\/uploads\/2025\/04\/Antiabrasiva-Barbieri-1.jpg\",\"width\":1200,\"height\":800},{\"@type\":\"BreadcrumbList\",\"@id\":\"https:\/\/www.barbierispa.com\/de\/art-der-bedachung\/anti-abrasiv\/#breadcrumb\",\"itemListElement\":[{\"@type\":\"ListItem\",\"position\":1,\"name\":\"Home\",\"item\":\"https:\/\/www.barbierispa.com\/de\/home\/\"},{\"@type\":\"ListItem\",\"position\":2,\"name\":\"Art der Bedachung\",\"item\":\"https:\/\/www.barbierispa.com\/de\/art-der-bedachung\/\"},{\"@type\":\"ListItem\",\"position\":3,\"name\":\"Anti-abrasiv\"}]},{\"@type\":\"WebSite\",\"@id\":\"https:\/\/www.barbierispa.com\/de\/#website\",\"url\":\"https:\/\/www.barbierispa.com\/de\/\",\"name\":\"Barbieri Spa\",\"description\":\"\",\"publisher\":{\"@id\":\"https:\/\/www.barbierispa.com\/de\/#organization\"},\"potentialAction\":[{\"@type\":\"SearchAction\",\"target\":{\"@type\":\"EntryPoint\",\"urlTemplate\":\"https:\/\/www.barbierispa.com\/de\/?s={search_term_string}\"},\"query-input\":{\"@type\":\"PropertyValueSpecification\",\"valueRequired\":true,\"valueName\":\"search_term_string\"}}],\"inLanguage\":\"de\"},{\"@type\":\"Organization\",\"@id\":\"https:\/\/www.barbierispa.com\/de\/#organization\",\"name\":\"Barbieri Spa\",\"url\":\"https:\/\/www.barbierispa.com\/de\/\",\"logo\":{\"@type\":\"ImageObject\",\"inLanguage\":\"de\",\"@id\":\"https:\/\/www.barbierispa.com\/de\/#\/schema\/logo\/image\/\",\"url\":\"https:\/\/www.barbierispa.com\/wp-content\/uploads\/2025\/01\/barbieri-logo-2x.png\",\"contentUrl\":\"https:\/\/www.barbierispa.com\/wp-content\/uploads\/2025\/01\/barbieri-logo-2x.png\",\"width\":291,\"height\":188,\"caption\":\"Barbieri Spa\"},\"image\":{\"@id\":\"https:\/\/www.barbierispa.com\/de\/#\/schema\/logo\/image\/\"}}]}<\/script>\n<!-- \/ Yoast SEO plugin. -->","yoast_head_json":{"title":"Abriebfeste Verbindung f\u00fcr raue Umgebungen","description":"Eine Bandmischung, die dem Abrieb von rauen Materialien widersteht. Ideal f\u00fcr raue Umgebungen.","robots":{"index":"index","follow":"follow","max-snippet":"max-snippet:-1","max-image-preview":"max-image-preview:large","max-video-preview":"max-video-preview:-1"},"canonical":"https:\/\/www.barbierispa.com\/de\/art-der-bedachung\/anti-abrasiv\/","og_locale":"de_DE","og_type":"article","og_title":"Abriebfeste Verbindung f\u00fcr raue Umgebungen","og_description":"Eine Bandmischung, die dem Abrieb von rauen Materialien widersteht. Ideal f\u00fcr raue Umgebungen.","og_url":"https:\/\/www.barbierispa.com\/de\/art-der-bedachung\/anti-abrasiv\/","og_site_name":"Barbieri Spa","article_modified_time":"2026-04-15T16:05:17+00:00","og_image":[{"width":1200,"height":800,"url":"https:\/\/www.barbierispa.com\/wp-content\/uploads\/2025\/04\/Antiabrasiva-Barbieri-1.jpg","type":"image\/jpeg"}],"twitter_card":"summary_large_image","twitter_misc":{"Gesch\u00e4tzte Lesezeit":"1\u00a0Minute"},"schema":{"@context":"https:\/\/schema.org","@graph":[{"@type":"WebPage","@id":"https:\/\/www.barbierispa.com\/de\/art-der-bedachung\/anti-abrasiv\/","url":"https:\/\/www.barbierispa.com\/de\/art-der-bedachung\/anti-abrasiv\/","name":"Abriebfeste Verbindung f\u00fcr raue Umgebungen","isPartOf":{"@id":"https:\/\/www.barbierispa.com\/de\/#website"},"primaryImageOfPage":{"@id":"https:\/\/www.barbierispa.com\/de\/art-der-bedachung\/anti-abrasiv\/#primaryimage"},"image":{"@id":"https:\/\/www.barbierispa.com\/de\/art-der-bedachung\/anti-abrasiv\/#primaryimage"},"thumbnailUrl":"https:\/\/www.barbierispa.com\/wp-content\/uploads\/2025\/04\/Antiabrasiva-Barbieri-1.jpg","datePublished":"2025-04-01T10:03:28+00:00","dateModified":"2026-04-15T16:05:17+00:00","description":"Eine Bandmischung, die dem Abrieb von rauen Materialien widersteht. Ideal f\u00fcr raue Umgebungen.","breadcrumb":{"@id":"https:\/\/www.barbierispa.com\/de\/art-der-bedachung\/anti-abrasiv\/#breadcrumb"},"inLanguage":"de","potentialAction":[{"@type":"ReadAction","target":["https:\/\/www.barbierispa.com\/de\/art-der-bedachung\/anti-abrasiv\/"]}]},{"@type":"ImageObject","inLanguage":"de","@id":"https:\/\/www.barbierispa.com\/de\/art-der-bedachung\/anti-abrasiv\/#primaryimage","url":"https:\/\/www.barbierispa.com\/wp-content\/uploads\/2025\/04\/Antiabrasiva-Barbieri-1.jpg","contentUrl":"https:\/\/www.barbierispa.com\/wp-content\/uploads\/2025\/04\/Antiabrasiva-Barbieri-1.jpg","width":1200,"height":800},{"@type":"BreadcrumbList","@id":"https:\/\/www.barbierispa.com\/de\/art-der-bedachung\/anti-abrasiv\/#breadcrumb","itemListElement":[{"@type":"ListItem","position":1,"name":"Home","item":"https:\/\/www.barbierispa.com\/de\/home\/"},{"@type":"ListItem","position":2,"name":"Art der Bedachung","item":"https:\/\/www.barbierispa.com\/de\/art-der-bedachung\/"},{"@type":"ListItem","position":3,"name":"Anti-abrasiv"}]},{"@type":"WebSite","@id":"https:\/\/www.barbierispa.com\/de\/#website","url":"https:\/\/www.barbierispa.com\/de\/","name":"Barbieri Spa","description":"","publisher":{"@id":"https:\/\/www.barbierispa.com\/de\/#organization"},"potentialAction":[{"@type":"SearchAction","target":{"@type":"EntryPoint","urlTemplate":"https:\/\/www.barbierispa.com\/de\/?s={search_term_string}"},"query-input":{"@type":"PropertyValueSpecification","valueRequired":true,"valueName":"search_term_string"}}],"inLanguage":"de"},{"@type":"Organization","@id":"https:\/\/www.barbierispa.com\/de\/#organization","name":"Barbieri Spa","url":"https:\/\/www.barbierispa.com\/de\/","logo":{"@type":"ImageObject","inLanguage":"de","@id":"https:\/\/www.barbierispa.com\/de\/#\/schema\/logo\/image\/","url":"https:\/\/www.barbierispa.com\/wp-content\/uploads\/2025\/01\/barbieri-logo-2x.png","contentUrl":"https:\/\/www.barbierispa.com\/wp-content\/uploads\/2025\/01\/barbieri-logo-2x.png","width":291,"height":188,"caption":"Barbieri Spa"},"image":{"@id":"https:\/\/www.barbierispa.com\/de\/#\/schema\/logo\/image\/"}}]}},"_links":{"self":[{"href":"https:\/\/www.barbierispa.com\/de\/wp-json\/wp\/v2\/pages\/5094","targetHints":{"allow":["GET"]}}],"collection":[{"href":"https:\/\/www.barbierispa.com\/de\/wp-json\/wp\/v2\/pages"}],"about":[{"href":"https:\/\/www.barbierispa.com\/de\/wp-json\/wp\/v2\/types\/page"}],"author":[{"embeddable":true,"href":"https:\/\/www.barbierispa.com\/de\/wp-json\/wp\/v2\/users\/3"}],"replies":[{"embeddable":true,"href":"https:\/\/www.barbierispa.com\/de\/wp-json\/wp\/v2\/comments?post=5094"}],"version-history":[{"count":1,"href":"https:\/\/www.barbierispa.com\/de\/wp-json\/wp\/v2\/pages\/5094\/revisions"}],"predecessor-version":[{"id":5096,"href":"https:\/\/www.barbierispa.com\/de\/wp-json\/wp\/v2\/pages\/5094\/revisions\/5096"}],"up":[{"embeddable":true,"href":"https:\/\/www.barbierispa.com\/de\/wp-json\/wp\/v2\/pages\/5042"}],"wp:featuredmedia":[{"embeddable":true,"href":"https:\/\/www.barbierispa.com\/de\/wp-json\/wp\/v2\/media\/5048"}],"wp:attachment":[{"href":"https:\/\/www.barbierispa.com\/de\/wp-json\/wp\/v2\/media?parent=5094"}],"curies":[{"name":"wp","href":"https:\/\/api.w.org\/{rel}","templated":true}]}}