{"id":5106,"date":"2025-03-31T17:04:14","date_gmt":"2025-03-31T17:04:14","guid":{"rendered":"https:\/\/www.barbierispa.com\/fordergurte\/"},"modified":"2026-04-16T07:53:19","modified_gmt":"2026-04-16T07:53:19","slug":"fordergurte","status":"publish","type":"page","link":"https:\/\/www.barbierispa.com\/de\/fordergurte\/","title":{"rendered":"F\u00f6rdergurte"},"content":{"rendered":"\t\t<div data-elementor-type=\"wp-page\" data-elementor-id=\"5106\" class=\"elementor elementor-5106 elementor-2082\" data-elementor-post-type=\"page\">\n\t\t\t\t<div class=\"elementor-element elementor-element-c161816 e-con-full e-flex e-con e-parent\" data-id=\"c161816\" data-element_type=\"container\" data-e-type=\"container\">\n\t\t<div class=\"elementor-element elementor-element-b0b34ce e-con-full e-flex e-con e-child\" data-id=\"b0b34ce\" data-element_type=\"container\" data-e-type=\"container\" data-settings=\"{&quot;background_background&quot;:&quot;classic&quot;}\">\n\t\t\t\t<\/div>\n\t\t<div class=\"elementor-element elementor-element-1a5b469 e-con-full e-flex e-con e-child\" data-id=\"1a5b469\" data-element_type=\"container\" data-e-type=\"container\" data-settings=\"{&quot;background_background&quot;:&quot;classic&quot;}\">\n\t\t<div class=\"elementor-element elementor-element-df7a75c e-con-full e-flex e-con e-child\" data-id=\"df7a75c\" data-element_type=\"container\" data-e-type=\"container\">\n\t\t\t\t<div class=\"elementor-element elementor-element-bf52380 elementor-widget elementor-widget-heading\" data-id=\"bf52380\" data-element_type=\"widget\" data-e-type=\"widget\" data-widget_type=\"heading.default\">\n\t\t\t\t<div class=\"elementor-widget-container\">\n\t\t\t\t\t<h3 class=\"elementor-heading-title elementor-size-default\">F\u00f6rdergurte<\/h3>\t\t\t\t<\/div>\n\t\t\t\t<\/div>\n\t\t\t\t<div class=\"elementor-element elementor-element-f947181 elementor-widget elementor-widget-text-editor\" data-id=\"f947181\" data-element_type=\"widget\" data-e-type=\"widget\" data-widget_type=\"text-editor.default\">\n\t\t\t\t<div class=\"elementor-widget-container\">\n\t\t\t\t\t\t\t\t\t<p class=\"\" data-start=\"50\" data-end=\"635\">Unsere <strong data-start=\"9\" data-end=\"42\">Gummif\u00f6rdergurte<\/strong> mit verschiedenen <strong data-start=\"56\" data-end=\"80\">Deckplattenmischungen<\/strong> sind f\u00fcr den Transport von <strong data-start=\"118\" data-end=\"141\">jeglichem Material<\/strong> konzipiert und f\u00fcr alle <strong data-start=\"158\" data-end=\"182\">Arbeitsbedingungen<\/strong> geeignet. Dank <strong data-start=\"193\" data-end=\"218\">ausgew\u00e4hlter Materialien<\/strong> und <strong data-start=\"221\" data-end=\"253\">fortschrittlicher Produktionsprozesse<\/strong> garantieren wir eine hohe <strong data-start=\"274\" data-end=\"298\">Verschlei\u00dffestigkeit<\/strong>, lange <strong data-start=\"306\" data-end=\"316\">Lebensdauer<\/strong> und maximale <strong data-start=\"327\" data-end=\"342\">Leistung<\/strong> in jeder Umgebung, auch bei <strong data-start=\"382\" data-end=\"411\">hochaggressiven \u00d6len<\/strong>, in <strong data-start=\"421\" data-end=\"429\">ATEX-Zonen<\/strong> oder in <strong data-start=\"435\" data-end=\"459\">Untertagebereichen<\/strong>. Unsere <strong data-start=\"471\" data-end=\"497\">Branchenerfahrung<\/strong> erm\u00f6glicht es uns, <strong data-start=\"531\" data-end=\"545\">zuverl\u00e4ssige<\/strong> und ma\u00dfgeschneiderte L\u00f6sungen f\u00fcr jeden <strong data-start=\"567\" data-end=\"579\">Bedarf<\/strong> anzubieten.  <\/p><p data-start=\"50\" data-end=\"635\"><a href=\"https:\/\/www.barbierispa.com\/tipologia-di-coperture\/\">W\u00e4hlen Sie die passende Deckplatte f\u00fcr eine l\u00e4ngere Lebensdauer und h\u00f6here Effizienz.<\/a><\/p>\t\t\t\t\t\t\t\t<\/div>\n\t\t\t\t<\/div>\n\t\t\t\t<\/div>\n\t\t\t\t<\/div>\n\t\t\t\t<\/div>\n\t\t<div class=\"elementor-element elementor-element-555c8d2 e-flex e-con-boxed e-con e-parent\" data-id=\"555c8d2\" data-element_type=\"container\" data-e-type=\"container\">\n\t\t\t\t\t<div class=\"e-con-inner\">\n\t\t\t\t<div class=\"elementor-element elementor-element-8994d9a elementor-grid-2 elementor-grid-tablet-2 elementor-grid-mobile-1 elementor-widget elementor-widget-loop-grid\" data-id=\"8994d9a\" data-element_type=\"widget\" data-e-type=\"widget\" data-settings=\"{&quot;_skin&quot;:&quot;post_taxonomy&quot;,&quot;template_id&quot;:738,&quot;columns&quot;:2,&quot;columns_tablet&quot;:&quot;2&quot;,&quot;columns_mobile&quot;:&quot;1&quot;,&quot;edit_handle_selector&quot;:&quot;[data-elementor-type=\\&quot;loop-item\\&quot;]&quot;,&quot;row_gap&quot;:{&quot;unit&quot;:&quot;px&quot;,&quot;size&quot;:&quot;&quot;,&quot;sizes&quot;:[]},&quot;row_gap_tablet&quot;:{&quot;unit&quot;:&quot;px&quot;,&quot;size&quot;:&quot;&quot;,&quot;sizes&quot;:[]},&quot;row_gap_mobile&quot;:{&quot;unit&quot;:&quot;px&quot;,&quot;size&quot;:&quot;&quot;,&quot;sizes&quot;:[]}}\" data-widget_type=\"loop-grid.post_taxonomy\">\n\t\t\t\t<div class=\"elementor-widget-container\">\n\t\t\t\t\t\t\t<div class=\"elementor-loop-container elementor-grid\" role=\"list\">\n\t\t<style id=\"loop-738\">.elementor-738 .elementor-element.elementor-element-2a65cd6{--display:flex;--flex-direction:column;--container-widget-width:100%;--container-widget-height:initial;--container-widget-flex-grow:0;--container-widget-align-self:initial;--flex-wrap-mobile:wrap;--margin-top:0px;--margin-bottom:0px;--margin-left:0px;--margin-right:0px;--padding-top:0px;--padding-bottom:0px;--padding-left:0px;--padding-right:0px;}.elementor-738 .elementor-element.elementor-element-2a65cd6:not(.elementor-motion-effects-element-type-background), .elementor-738 .elementor-element.elementor-element-2a65cd6 > .elementor-motion-effects-container > .elementor-motion-effects-layer{background-color:var( --e-global-color-text );}.elementor-widget-image .widget-image-caption{color:var( --e-global-color-text );font-family:var( --e-global-typography-text-font-family ), helvetica, arial, Sans-serif;font-size:var( --e-global-typography-text-font-size );font-weight:var( --e-global-typography-text-font-weight );font-style:var( --e-global-typography-text-font-style );text-decoration:var( --e-global-typography-text-text-decoration );line-height:var( --e-global-typography-text-line-height );}.elementor-738 .elementor-element.elementor-element-100d54d img{width:100%;height:300px;object-fit:cover;object-position:center center;}.elementor-738 .elementor-element.elementor-element-100d54d > .elementor-widget-container{margin:0px 0px 0px 0px;padding:0px 0px 0px 0px;}.elementor-738 .elementor-element.elementor-element-100d54d{width:100%;max-width:100%;}.elementor-738 .elementor-element.elementor-element-100d54d.elementor-element{--flex-grow:1;--flex-shrink:0;}.elementor-widget-heading .elementor-heading-title{font-family:var( --e-global-typography-primary-font-family ), helvetica, arial, Sans-serif;font-size:var( --e-global-typography-primary-font-size );font-weight:var( --e-global-typography-primary-font-weight );text-transform:var( --e-global-typography-primary-text-transform );line-height:var( --e-global-typography-primary-line-height );color:var( --e-global-color-primary );}.elementor-738 .elementor-element.elementor-element-45b0fa6 .elementor-heading-title{font-family:\"Inter\", helvetica, arial, Sans-serif;font-size:40px;font-weight:600;text-transform:uppercase;line-height:50px;}.elementor-738 .elementor-element.elementor-element-45b0fa6 > .elementor-widget-container{padding:20px 20px 20px 20px;}.elementor-738 .elementor-element.elementor-element-45b0fa6.elementor-element{--flex-grow:1;--flex-shrink:0;}.elementor-widget-button .elementor-button{font-family:var( --e-global-typography-accent-font-family ), helvetica, arial, Sans-serif;font-weight:var( --e-global-typography-accent-font-weight );background-color:var( --e-global-color-accent );}.elementor-738 .elementor-element.elementor-element-a165fcb .elementor-button{border-style:solid;border-width:2px 2px 2px 2px;border-color:var( --e-global-color-primary );}.elementor-738 .elementor-element.elementor-element-a165fcb > .elementor-widget-container{margin:20px 0px 20px 0px;padding:0px 20px 0px 20px;}.elementor-738 .elementor-element.elementor-element-a165fcb.elementor-element{--align-self:flex-start;}@media(max-width:1024px){.elementor-widget-image .widget-image-caption{font-size:var( --e-global-typography-text-font-size );line-height:var( --e-global-typography-text-line-height );}.elementor-widget-heading .elementor-heading-title{font-size:var( --e-global-typography-primary-font-size );line-height:var( --e-global-typography-primary-line-height );}}@media(max-width:767px){.elementor-widget-image .widget-image-caption{font-size:var( --e-global-typography-text-font-size );line-height:var( --e-global-typography-text-line-height );}.elementor-widget-heading .elementor-heading-title{font-size:var( --e-global-typography-primary-font-size );line-height:var( --e-global-typography-primary-line-height );}.elementor-738 .elementor-element.elementor-element-45b0fa6 .elementor-heading-title{font-size:30px;line-height:40px;}}<\/style>\t\t<div data-elementor-type=\"loop-item\" data-elementor-id=\"738\" class=\"elementor elementor-738 e-loop-item e-loop-item-86 post-86 revision type-revision status-inherit hentry\" data-elementor-post-type=\"elementor_library\" data-custom-edit-handle=\"1\">\n\t\t\t<div class=\"elementor-element elementor-element-2a65cd6 e-con-full e-flex e-con e-parent\" data-id=\"2a65cd6\" data-element_type=\"container\" data-e-type=\"container\" data-settings=\"{&quot;background_background&quot;:&quot;classic&quot;}\">\n\t\t\t\t<div class=\"elementor-element elementor-element-45b0fa6 elementor-widget elementor-widget-heading\" data-id=\"45b0fa6\" data-element_type=\"widget\" data-e-type=\"widget\" data-widget_type=\"heading.default\">\n\t\t\t\t<div class=\"elementor-widget-container\">\n\t\t\t\t\t<h3 class=\"elementor-heading-title elementor-size-default\">Metallkarkassengurte<\/h3>\t\t\t\t<\/div>\n\t\t\t\t<\/div>\n\t\t\t\t<div class=\"elementor-element elementor-element-a165fcb elementor-align-left elementor-widget elementor-widget-button\" data-id=\"a165fcb\" data-element_type=\"widget\" data-e-type=\"widget\" data-widget_type=\"button.default\">\n\t\t\t\t<div class=\"elementor-widget-container\">\n\t\t\t\t\t\t\t\t\t<div class=\"elementor-button-wrapper\">\n\t\t\t\t\t<a class=\"elementor-button elementor-button-link elementor-size-sm\" href=\"https:\/\/www.barbierispa.com\/de\/produktkategorie\/metallkarkassengurte\/\">\n\t\t\t\t\t\t<span class=\"elementor-button-content-wrapper\">\n\t\t\t\t\t\t\t\t\t<span class=\"elementor-button-text\">Scopri di pi\u00f9<\/span>\n\t\t\t\t\t<\/span>\n\t\t\t\t\t<\/a>\n\t\t\t\t<\/div>\n\t\t\t\t\t\t\t\t<\/div>\n\t\t\t\t<\/div>\n\t\t\t\t<\/div>\n\t\t\t\t<\/div>\n\t\t\t\t<div data-elementor-type=\"loop-item\" data-elementor-id=\"738\" class=\"elementor elementor-738 e-loop-item e-loop-item-87 post-87 revision type-revision status-inherit hentry\" data-elementor-post-type=\"elementor_library\" data-custom-edit-handle=\"1\">\n\t\t\t<div class=\"elementor-element elementor-element-2a65cd6 e-con-full e-flex e-con e-parent\" data-id=\"2a65cd6\" data-element_type=\"container\" data-e-type=\"container\" data-settings=\"{&quot;background_background&quot;:&quot;classic&quot;}\">\n\t\t\t\t<div class=\"elementor-element elementor-element-45b0fa6 elementor-widget elementor-widget-heading\" data-id=\"45b0fa6\" data-element_type=\"widget\" data-e-type=\"widget\" data-widget_type=\"heading.default\">\n\t\t\t\t<div class=\"elementor-widget-container\">\n\t\t\t\t\t<h3 class=\"elementor-heading-title elementor-size-default\">F\u00f6rderb\u00e4nder mit Textilkarkasse<\/h3>\t\t\t\t<\/div>\n\t\t\t\t<\/div>\n\t\t\t\t<div class=\"elementor-element elementor-element-a165fcb elementor-align-left elementor-widget elementor-widget-button\" data-id=\"a165fcb\" data-element_type=\"widget\" data-e-type=\"widget\" data-widget_type=\"button.default\">\n\t\t\t\t<div class=\"elementor-widget-container\">\n\t\t\t\t\t\t\t\t\t<div class=\"elementor-button-wrapper\">\n\t\t\t\t\t<a class=\"elementor-button elementor-button-link elementor-size-sm\" href=\"https:\/\/www.barbierispa.com\/de\/produktkategorie\/forderbander-mit-textilkarkasse\/\">\n\t\t\t\t\t\t<span class=\"elementor-button-content-wrapper\">\n\t\t\t\t\t\t\t\t\t<span class=\"elementor-button-text\">Scopri di pi\u00f9<\/span>\n\t\t\t\t\t<\/span>\n\t\t\t\t\t<\/a>\n\t\t\t\t<\/div>\n\t\t\t\t\t\t\t\t<\/div>\n\t\t\t\t<\/div>\n\t\t\t\t<\/div>\n\t\t\t\t<\/div>\n\t\t\t\t<div data-elementor-type=\"loop-item\" data-elementor-id=\"738\" class=\"elementor elementor-738 e-loop-item e-loop-item-88 post-88 revision type-revision status-inherit hentry\" data-elementor-post-type=\"elementor_library\" data-custom-edit-handle=\"1\">\n\t\t\t<div class=\"elementor-element elementor-element-2a65cd6 e-con-full e-flex e-con e-parent\" data-id=\"2a65cd6\" data-element_type=\"container\" data-e-type=\"container\" data-settings=\"{&quot;background_background&quot;:&quot;classic&quot;}\">\n\t\t\t\t<div class=\"elementor-element elementor-element-45b0fa6 elementor-widget elementor-widget-heading\" data-id=\"45b0fa6\" data-element_type=\"widget\" data-e-type=\"widget\" data-widget_type=\"heading.default\">\n\t\t\t\t<div class=\"elementor-widget-container\">\n\t\t\t\t\t<h3 class=\"elementor-heading-title elementor-size-default\">F\u00f6rderb\u00e4nder Chevron<\/h3>\t\t\t\t<\/div>\n\t\t\t\t<\/div>\n\t\t\t\t<div class=\"elementor-element elementor-element-a165fcb elementor-align-left elementor-widget elementor-widget-button\" data-id=\"a165fcb\" data-element_type=\"widget\" data-e-type=\"widget\" data-widget_type=\"button.default\">\n\t\t\t\t<div class=\"elementor-widget-container\">\n\t\t\t\t\t\t\t\t\t<div class=\"elementor-button-wrapper\">\n\t\t\t\t\t<a class=\"elementor-button elementor-button-link elementor-size-sm\" href=\"https:\/\/www.barbierispa.com\/de\/produktkategorie\/forderbander-chevron\/\">\n\t\t\t\t\t\t<span class=\"elementor-button-content-wrapper\">\n\t\t\t\t\t\t\t\t\t<span class=\"elementor-button-text\">Scopri di pi\u00f9<\/span>\n\t\t\t\t\t<\/span>\n\t\t\t\t\t<\/a>\n\t\t\t\t<\/div>\n\t\t\t\t\t\t\t\t<\/div>\n\t\t\t\t<\/div>\n\t\t\t\t<\/div>\n\t\t\t\t<\/div>\n\t\t\t\t<div data-elementor-type=\"loop-item\" data-elementor-id=\"738\" class=\"elementor elementor-738 e-loop-item e-loop-item-89 \" data-elementor-post-type=\"elementor_library\" data-custom-edit-handle=\"1\">\n\t\t\t<div class=\"elementor-element elementor-element-2a65cd6 e-con-full e-flex e-con e-parent\" data-id=\"2a65cd6\" data-element_type=\"container\" data-e-type=\"container\" data-settings=\"{&quot;background_background&quot;:&quot;classic&quot;}\">\n\t\t\t\t<div class=\"elementor-element elementor-element-45b0fa6 elementor-widget elementor-widget-heading\" data-id=\"45b0fa6\" data-element_type=\"widget\" data-e-type=\"widget\" data-widget_type=\"heading.default\">\n\t\t\t\t<div class=\"elementor-widget-container\">\n\t\t\t\t\t<h3 class=\"elementor-heading-title elementor-size-default\">F\u00f6rdergurte f\u00fcr Becherwerke<\/h3>\t\t\t\t<\/div>\n\t\t\t\t<\/div>\n\t\t\t\t<div class=\"elementor-element elementor-element-a165fcb elementor-align-left elementor-widget elementor-widget-button\" data-id=\"a165fcb\" data-element_type=\"widget\" data-e-type=\"widget\" data-widget_type=\"button.default\">\n\t\t\t\t<div class=\"elementor-widget-container\">\n\t\t\t\t\t\t\t\t\t<div class=\"elementor-button-wrapper\">\n\t\t\t\t\t<a class=\"elementor-button elementor-button-link elementor-size-sm\" href=\"https:\/\/www.barbierispa.com\/de\/produktkategorie\/fordergurte-fur-becherwerke\/\">\n\t\t\t\t\t\t<span class=\"elementor-button-content-wrapper\">\n\t\t\t\t\t\t\t\t\t<span class=\"elementor-button-text\">Scopri di pi\u00f9<\/span>\n\t\t\t\t\t<\/span>\n\t\t\t\t\t<\/a>\n\t\t\t\t<\/div>\n\t\t\t\t\t\t\t\t<\/div>\n\t\t\t\t<\/div>\n\t\t\t\t<\/div>\n\t\t\t\t<\/div>\n\t\t\t\t<div data-elementor-type=\"loop-item\" data-elementor-id=\"738\" class=\"elementor elementor-738 e-loop-item e-loop-item-90 post-90 elementor_library type-elementor_library status-publish hentry\" data-elementor-post-type=\"elementor_library\" data-custom-edit-handle=\"1\">\n\t\t\t<div class=\"elementor-element elementor-element-2a65cd6 e-con-full e-flex e-con e-parent\" data-id=\"2a65cd6\" data-element_type=\"container\" data-e-type=\"container\" data-settings=\"{&quot;background_background&quot;:&quot;classic&quot;}\">\n\t\t\t\t<div class=\"elementor-element elementor-element-45b0fa6 elementor-widget elementor-widget-heading\" data-id=\"45b0fa6\" data-element_type=\"widget\" data-e-type=\"widget\" data-widget_type=\"heading.default\">\n\t\t\t\t<div class=\"elementor-widget-container\">\n\t\t\t\t\t<h3 class=\"elementor-heading-title elementor-size-default\">ohrgurt-F\u00f6rderb\u00e4nder<\/h3>\t\t\t\t<\/div>\n\t\t\t\t<\/div>\n\t\t\t\t<div class=\"elementor-element elementor-element-a165fcb elementor-align-left elementor-widget elementor-widget-button\" data-id=\"a165fcb\" data-element_type=\"widget\" data-e-type=\"widget\" data-widget_type=\"button.default\">\n\t\t\t\t<div class=\"elementor-widget-container\">\n\t\t\t\t\t\t\t\t\t<div class=\"elementor-button-wrapper\">\n\t\t\t\t\t<a class=\"elementor-button elementor-button-link elementor-size-sm\" href=\"https:\/\/www.barbierispa.com\/de\/produktkategorie\/ohrgurt-forderbander\/\">\n\t\t\t\t\t\t<span class=\"elementor-button-content-wrapper\">\n\t\t\t\t\t\t\t\t\t<span class=\"elementor-button-text\">Scopri di pi\u00f9<\/span>\n\t\t\t\t\t<\/span>\n\t\t\t\t\t<\/a>\n\t\t\t\t<\/div>\n\t\t\t\t\t\t\t\t<\/div>\n\t\t\t\t<\/div>\n\t\t\t\t<\/div>\n\t\t\t\t<\/div>\n\t\t\t\t<\/div>\n\t\t\t\t\t\t<\/div>\n\t\t\t\t<\/div>\n\t\t\t\t\t<\/div>\n\t\t\t\t<\/div>\n\t\t\t\t<\/div>\n\t\t","protected":false},"excerpt":{"rendered":"<p>F\u00f6rdergurte Unsere Gummif\u00f6rdergurte mit verschiedenen Deckplattenmischungen sind f\u00fcr den Transport von jeglichem Material konzipiert und f\u00fcr alle Arbeitsbedingungen geeignet. Dank ausgew\u00e4hlter Materialien und fortschrittlicher Produktionsprozesse garantieren wir eine hohe Verschlei\u00dffestigkeit, lange Lebensdauer und maximale Leistung in jeder Umgebung, auch bei hochaggressiven \u00d6len, in ATEX-Zonen oder in Untertagebereichen. Unsere Branchenerfahrung erm\u00f6glicht es uns, zuverl\u00e4ssige und ma\u00dfgeschneiderte [&hellip;]<\/p>\n","protected":false},"author":2,"featured_media":0,"parent":0,"menu_order":0,"comment_status":"closed","ping_status":"closed","template":"","meta":{"_acf_changed":false,"footnotes":""},"class_list":["post-5106","page","type-page","status-publish","hentry"],"acf":[],"yoast_head":"<!-- This site is optimized with the Yoast SEO plugin v27.2 - https:\/\/yoast.com\/product\/yoast-seo-wordpress\/ -->\n<title>Ma\u00dfgeschneiderte Gummif\u00f6rdergurte<\/title>\n<meta name=\"description\" content=\"Planung und Lieferung von Gummif\u00f6rdergurten f\u00fcr jeden industriellen Bedarf, mit zertifizierten und widerstandsf\u00e4higen Mischungen.\" \/>\n<meta name=\"robots\" content=\"index, follow, max-snippet:-1, max-image-preview:large, max-video-preview:-1\" \/>\n<link rel=\"canonical\" href=\"https:\/\/www.barbierispa.com\/de\/fordergurte\/\" \/>\n<meta property=\"og:locale\" content=\"de_DE\" \/>\n<meta property=\"og:type\" content=\"article\" \/>\n<meta property=\"og:title\" content=\"Ma\u00dfgeschneiderte Gummif\u00f6rdergurte\" \/>\n<meta property=\"og:description\" content=\"Planung und Lieferung von Gummif\u00f6rdergurten f\u00fcr jeden industriellen Bedarf, mit zertifizierten und widerstandsf\u00e4higen Mischungen.\" \/>\n<meta property=\"og:url\" content=\"https:\/\/www.barbierispa.com\/de\/fordergurte\/\" \/>\n<meta property=\"og:site_name\" content=\"Barbieri Spa\" \/>\n<meta property=\"article:modified_time\" content=\"2026-04-16T07:53:19+00:00\" \/>\n<meta name=\"twitter:card\" content=\"summary_large_image\" \/>\n<script type=\"application\/ld+json\" class=\"yoast-schema-graph\">{\"@context\":\"https:\/\/schema.org\",\"@graph\":[{\"@type\":\"WebPage\",\"@id\":\"https:\/\/www.barbierispa.com\/de\/fordergurte\/\",\"url\":\"https:\/\/www.barbierispa.com\/de\/fordergurte\/\",\"name\":\"Ma\u00dfgeschneiderte Gummif\u00f6rdergurte\",\"isPartOf\":{\"@id\":\"https:\/\/www.barbierispa.com\/de\/#website\"},\"datePublished\":\"2025-03-31T17:04:14+00:00\",\"dateModified\":\"2026-04-16T07:53:19+00:00\",\"description\":\"Planung und Lieferung von Gummif\u00f6rdergurten f\u00fcr jeden industriellen Bedarf, mit zertifizierten und widerstandsf\u00e4higen Mischungen.\",\"breadcrumb\":{\"@id\":\"https:\/\/www.barbierispa.com\/de\/fordergurte\/#breadcrumb\"},\"inLanguage\":\"de\",\"potentialAction\":[{\"@type\":\"ReadAction\",\"target\":[\"https:\/\/www.barbierispa.com\/de\/fordergurte\/\"]}]},{\"@type\":\"BreadcrumbList\",\"@id\":\"https:\/\/www.barbierispa.com\/de\/fordergurte\/#breadcrumb\",\"itemListElement\":[{\"@type\":\"ListItem\",\"position\":1,\"name\":\"Home\",\"item\":\"https:\/\/www.barbierispa.com\/de\/home\/\"},{\"@type\":\"ListItem\",\"position\":2,\"name\":\"F\u00f6rdergurte\"}]},{\"@type\":\"WebSite\",\"@id\":\"https:\/\/www.barbierispa.com\/de\/#website\",\"url\":\"https:\/\/www.barbierispa.com\/de\/\",\"name\":\"Barbieri Spa\",\"description\":\"\",\"publisher\":{\"@id\":\"https:\/\/www.barbierispa.com\/de\/#organization\"},\"potentialAction\":[{\"@type\":\"SearchAction\",\"target\":{\"@type\":\"EntryPoint\",\"urlTemplate\":\"https:\/\/www.barbierispa.com\/de\/?s={search_term_string}\"},\"query-input\":{\"@type\":\"PropertyValueSpecification\",\"valueRequired\":true,\"valueName\":\"search_term_string\"}}],\"inLanguage\":\"de\"},{\"@type\":\"Organization\",\"@id\":\"https:\/\/www.barbierispa.com\/de\/#organization\",\"name\":\"Barbieri Spa\",\"url\":\"https:\/\/www.barbierispa.com\/de\/\",\"logo\":{\"@type\":\"ImageObject\",\"inLanguage\":\"de\",\"@id\":\"https:\/\/www.barbierispa.com\/de\/#\/schema\/logo\/image\/\",\"url\":\"https:\/\/www.barbierispa.com\/wp-content\/uploads\/2025\/01\/barbieri-logo-2x.png\",\"contentUrl\":\"https:\/\/www.barbierispa.com\/wp-content\/uploads\/2025\/01\/barbieri-logo-2x.png\",\"width\":291,\"height\":188,\"caption\":\"Barbieri Spa\"},\"image\":{\"@id\":\"https:\/\/www.barbierispa.com\/de\/#\/schema\/logo\/image\/\"}}]}<\/script>\n<!-- \/ Yoast SEO plugin. -->","yoast_head_json":{"title":"Ma\u00dfgeschneiderte Gummif\u00f6rdergurte","description":"Planung und Lieferung von Gummif\u00f6rdergurten f\u00fcr jeden industriellen Bedarf, mit zertifizierten und widerstandsf\u00e4higen Mischungen.","robots":{"index":"index","follow":"follow","max-snippet":"max-snippet:-1","max-image-preview":"max-image-preview:large","max-video-preview":"max-video-preview:-1"},"canonical":"https:\/\/www.barbierispa.com\/de\/fordergurte\/","og_locale":"de_DE","og_type":"article","og_title":"Ma\u00dfgeschneiderte Gummif\u00f6rdergurte","og_description":"Planung und Lieferung von Gummif\u00f6rdergurten f\u00fcr jeden industriellen Bedarf, mit zertifizierten und widerstandsf\u00e4higen Mischungen.","og_url":"https:\/\/www.barbierispa.com\/de\/fordergurte\/","og_site_name":"Barbieri Spa","article_modified_time":"2026-04-16T07:53:19+00:00","twitter_card":"summary_large_image","schema":{"@context":"https:\/\/schema.org","@graph":[{"@type":"WebPage","@id":"https:\/\/www.barbierispa.com\/de\/fordergurte\/","url":"https:\/\/www.barbierispa.com\/de\/fordergurte\/","name":"Ma\u00dfgeschneiderte Gummif\u00f6rdergurte","isPartOf":{"@id":"https:\/\/www.barbierispa.com\/de\/#website"},"datePublished":"2025-03-31T17:04:14+00:00","dateModified":"2026-04-16T07:53:19+00:00","description":"Planung und Lieferung von Gummif\u00f6rdergurten f\u00fcr jeden industriellen Bedarf, mit zertifizierten und widerstandsf\u00e4higen Mischungen.","breadcrumb":{"@id":"https:\/\/www.barbierispa.com\/de\/fordergurte\/#breadcrumb"},"inLanguage":"de","potentialAction":[{"@type":"ReadAction","target":["https:\/\/www.barbierispa.com\/de\/fordergurte\/"]}]},{"@type":"BreadcrumbList","@id":"https:\/\/www.barbierispa.com\/de\/fordergurte\/#breadcrumb","itemListElement":[{"@type":"ListItem","position":1,"name":"Home","item":"https:\/\/www.barbierispa.com\/de\/home\/"},{"@type":"ListItem","position":2,"name":"F\u00f6rdergurte"}]},{"@type":"WebSite","@id":"https:\/\/www.barbierispa.com\/de\/#website","url":"https:\/\/www.barbierispa.com\/de\/","name":"Barbieri Spa","description":"","publisher":{"@id":"https:\/\/www.barbierispa.com\/de\/#organization"},"potentialAction":[{"@type":"SearchAction","target":{"@type":"EntryPoint","urlTemplate":"https:\/\/www.barbierispa.com\/de\/?s={search_term_string}"},"query-input":{"@type":"PropertyValueSpecification","valueRequired":true,"valueName":"search_term_string"}}],"inLanguage":"de"},{"@type":"Organization","@id":"https:\/\/www.barbierispa.com\/de\/#organization","name":"Barbieri Spa","url":"https:\/\/www.barbierispa.com\/de\/","logo":{"@type":"ImageObject","inLanguage":"de","@id":"https:\/\/www.barbierispa.com\/de\/#\/schema\/logo\/image\/","url":"https:\/\/www.barbierispa.com\/wp-content\/uploads\/2025\/01\/barbieri-logo-2x.png","contentUrl":"https:\/\/www.barbierispa.com\/wp-content\/uploads\/2025\/01\/barbieri-logo-2x.png","width":291,"height":188,"caption":"Barbieri Spa"},"image":{"@id":"https:\/\/www.barbierispa.com\/de\/#\/schema\/logo\/image\/"}}]}},"_links":{"self":[{"href":"https:\/\/www.barbierispa.com\/de\/wp-json\/wp\/v2\/pages\/5106","targetHints":{"allow":["GET"]}}],"collection":[{"href":"https:\/\/www.barbierispa.com\/de\/wp-json\/wp\/v2\/pages"}],"about":[{"href":"https:\/\/www.barbierispa.com\/de\/wp-json\/wp\/v2\/types\/page"}],"author":[{"embeddable":true,"href":"https:\/\/www.barbierispa.com\/de\/wp-json\/wp\/v2\/users\/2"}],"replies":[{"embeddable":true,"href":"https:\/\/www.barbierispa.com\/de\/wp-json\/wp\/v2\/comments?post=5106"}],"version-history":[{"count":1,"href":"https:\/\/www.barbierispa.com\/de\/wp-json\/wp\/v2\/pages\/5106\/revisions"}],"predecessor-version":[{"id":5108,"href":"https:\/\/www.barbierispa.com\/de\/wp-json\/wp\/v2\/pages\/5106\/revisions\/5108"}],"wp:attachment":[{"href":"https:\/\/www.barbierispa.com\/de\/wp-json\/wp\/v2\/media?parent=5106"}],"curies":[{"name":"wp","href":"https:\/\/api.w.org\/{rel}","templated":true}]}}