{"id":5110,"date":"2025-01-22T08:14:41","date_gmt":"2025-01-22T08:14:41","guid":{"rendered":"https:\/\/www.barbierispa.com\/arbeiten-sie-mit-uns\/"},"modified":"2026-04-16T07:55:18","modified_gmt":"2026-04-16T07:55:18","slug":"arbeiten-sie-mit-uns","status":"publish","type":"page","link":"https:\/\/www.barbierispa.com\/de\/arbeiten-sie-mit-uns\/","title":{"rendered":"Arbeiten Sie mit uns"},"content":{"rendered":"\t\t<div data-elementor-type=\"wp-page\" data-elementor-id=\"5110\" class=\"elementor elementor-5110 elementor-591\" data-elementor-post-type=\"page\">\n\t\t\t\t<div class=\"elementor-element elementor-element-7c6fa861 e-con-full e-flex e-con e-parent\" data-id=\"7c6fa861\" data-element_type=\"container\" data-e-type=\"container\">\n\t\t<div class=\"elementor-element elementor-element-5a7ce3b5 e-con-full e-flex e-con e-child\" data-id=\"5a7ce3b5\" data-element_type=\"container\" data-e-type=\"container\" data-settings=\"{&quot;background_background&quot;:&quot;classic&quot;}\">\n\t\t\t\t<\/div>\n\t\t<div class=\"elementor-element elementor-element-62037e67 e-con-full e-flex e-con e-child\" data-id=\"62037e67\" data-element_type=\"container\" data-e-type=\"container\" data-settings=\"{&quot;background_background&quot;:&quot;classic&quot;}\">\n\t\t<div class=\"elementor-element elementor-element-3c2dd10 e-con-full e-flex e-con e-child\" data-id=\"3c2dd10\" data-element_type=\"container\" data-e-type=\"container\">\n\t\t\t\t<div class=\"elementor-element elementor-element-39803538 elementor-widget elementor-widget-heading\" data-id=\"39803538\" data-element_type=\"widget\" data-e-type=\"widget\" data-widget_type=\"heading.default\">\n\t\t\t\t<div class=\"elementor-widget-container\">\n\t\t\t\t\t<h3 class=\"elementor-heading-title elementor-size-default\">Arbeiten Sie mit uns<\/h3>\t\t\t\t<\/div>\n\t\t\t\t<\/div>\n\t\t\t\t<div class=\"elementor-element elementor-element-4953874f elementor-widget elementor-widget-text-editor\" data-id=\"4953874f\" data-element_type=\"widget\" data-e-type=\"widget\" data-widget_type=\"text-editor.default\">\n\t\t\t\t<div class=\"elementor-widget-container\">\n\t\t\t\t\t\t\t\t\t<p>Werden Sie Teil unseres Teams und bringen Sie Ihre Zukunft in Bewegung.<\/p><p>Teil unseres Teams zu werden bedeutet, zur technischen Exzellenz beizutragen, t\u00e4glich zu innovieren und in einem Umfeld zu wachsen, in dem Zusammenarbeit, kontinuierliche Weiterbildung und Aufmerksamkeit f\u00fcr die Menschen im Mittelpunkt stehen.<\/p><p>Schreiben Sie uns!<\/p><p> <\/p>\t\t\t\t\t\t\t\t<\/div>\n\t\t\t\t<\/div>\n\t\t\t\t<\/div>\n\t\t\t\t<\/div>\n\t\t\t\t<\/div>\n\t\t<div class=\"elementor-element elementor-element-511c827 e-flex e-con-boxed e-con e-parent\" data-id=\"511c827\" data-element_type=\"container\" data-e-type=\"container\">\n\t\t\t\t\t<div class=\"e-con-inner\">\n\t\t\t\t<div class=\"elementor-element elementor-element-5874c45 elementor-widget elementor-widget-text-editor\" data-id=\"5874c45\" data-element_type=\"widget\" data-e-type=\"widget\" data-widget_type=\"text-editor.default\">\n\t\t\t\t<div class=\"elementor-widget-container\">\n\t\t\t\t\t\t\t\t\t<p>Das Unternehmen Barbieri wurde 1975 in Verona gegr\u00fcndet und entwickelte seine T\u00e4tigkeit haupts\u00e4chlich im Bereich der F\u00f6rderb\u00e4nder. Es waren Jahre, in denen der Innovationsprozess sehr dynamisch und schnell verlief, und von Anfang an war das Unternehmen in der Lage, hervorragende L\u00f6sungen anzubieten und mit damals deutlich st\u00e4rkeren, strukturierteren und besser organisierten Unternehmen zu konkurrieren. Innerhalb weniger Jahre erlangte es Ansehen und nationale Bedeutung.  <\/p><p>Heute, nach 50 Jahren Erfahrung und dank der j\u00fcngsten operativen und kommerziellen Neuorganisation beider Standorte in Verona und Vicenza, hat das Unternehmen Barbieri zus\u00e4tzliches Ansehen auch auf dem internationalen Markt erworben und erf\u00fcllt die Anforderungen und Bed\u00fcrfnisse seiner Kunden sowohl in technologischer als auch in kommerzieller und vor allem in servicetechnischer Hinsicht vollst\u00e4ndig.<\/p><p>Ein bemerkenswertes evolution\u00e4res Ergebnis, auf das das Unternehmen Barbieri stolz ist und das es zu den f\u00fchrenden Unternehmen auf dem Weltmarkt f\u00fcr Gummi-F\u00f6rderb\u00e4nder macht.<\/p>\t\t\t\t\t\t\t\t<\/div>\n\t\t\t\t<\/div>\n\t\t\t\t\t<\/div>\n\t\t\t\t<\/div>\n\t\t\t\t<\/div>\n\t\t","protected":false},"excerpt":{"rendered":"<p>Arbeiten Sie mit uns Werden Sie Teil unseres Teams und bringen Sie Ihre Zukunft in Bewegung. Teil unseres Teams zu werden bedeutet, zur technischen Exzellenz beizutragen, t\u00e4glich zu innovieren und in einem Umfeld zu wachsen, in dem Zusammenarbeit, kontinuierliche Weiterbildung und Aufmerksamkeit f\u00fcr die Menschen im Mittelpunkt stehen. Schreiben Sie uns! Das Unternehmen Barbieri wurde [&hellip;]<\/p>\n","protected":false},"author":2,"featured_media":0,"parent":0,"menu_order":0,"comment_status":"closed","ping_status":"closed","template":"","meta":{"_acf_changed":false,"footnotes":""},"class_list":["post-5110","page","type-page","status-publish","hentry"],"acf":[],"yoast_head":"<!-- This site is optimized with the Yoast SEO plugin v27.2 - https:\/\/yoast.com\/product\/yoast-seo-wordpress\/ -->\n<title>Arbeiten Sie mit Barbieri S.p.A. \u2013 Senden Sie Ihren Lebenslauf<\/title>\n<meta name=\"description\" content=\"Werden Sie Teil des Barbieri-Teams: Entdecken Sie offene Stellen oder senden Sie eine Initiativbewerbung, um in unser Unternehmen einzutreten.\" \/>\n<meta name=\"robots\" content=\"index, follow, max-snippet:-1, max-image-preview:large, max-video-preview:-1\" \/>\n<link rel=\"canonical\" href=\"https:\/\/www.barbierispa.com\/de\/arbeiten-sie-mit-uns\/\" \/>\n<meta property=\"og:locale\" content=\"de_DE\" \/>\n<meta property=\"og:type\" content=\"article\" \/>\n<meta property=\"og:title\" content=\"Arbeiten Sie mit Barbieri S.p.A. \u2013 Senden Sie Ihren Lebenslauf\" \/>\n<meta property=\"og:description\" content=\"Werden Sie Teil des Barbieri-Teams: Entdecken Sie offene Stellen oder senden Sie eine Initiativbewerbung, um in unser Unternehmen einzutreten.\" \/>\n<meta property=\"og:url\" content=\"https:\/\/www.barbierispa.com\/de\/arbeiten-sie-mit-uns\/\" \/>\n<meta property=\"og:site_name\" content=\"Barbieri Spa\" \/>\n<meta property=\"article:modified_time\" content=\"2026-04-16T07:55:18+00:00\" \/>\n<meta name=\"twitter:card\" content=\"summary_large_image\" \/>\n<meta name=\"twitter:label1\" content=\"Gesch\u00e4tzte Lesezeit\" \/>\n\t<meta name=\"twitter:data1\" content=\"1\u00a0Minute\" \/>\n<script type=\"application\/ld+json\" class=\"yoast-schema-graph\">{\"@context\":\"https:\/\/schema.org\",\"@graph\":[{\"@type\":\"WebPage\",\"@id\":\"https:\/\/www.barbierispa.com\/de\/arbeiten-sie-mit-uns\/\",\"url\":\"https:\/\/www.barbierispa.com\/de\/arbeiten-sie-mit-uns\/\",\"name\":\"Arbeiten Sie mit Barbieri S.p.A. \u2013 Senden Sie Ihren Lebenslauf\",\"isPartOf\":{\"@id\":\"https:\/\/www.barbierispa.com\/de\/#website\"},\"datePublished\":\"2025-01-22T08:14:41+00:00\",\"dateModified\":\"2026-04-16T07:55:18+00:00\",\"description\":\"Werden Sie Teil des Barbieri-Teams: Entdecken Sie offene Stellen oder senden Sie eine Initiativbewerbung, um in unser Unternehmen einzutreten.\",\"breadcrumb\":{\"@id\":\"https:\/\/www.barbierispa.com\/de\/arbeiten-sie-mit-uns\/#breadcrumb\"},\"inLanguage\":\"de\",\"potentialAction\":[{\"@type\":\"ReadAction\",\"target\":[\"https:\/\/www.barbierispa.com\/de\/arbeiten-sie-mit-uns\/\"]}]},{\"@type\":\"BreadcrumbList\",\"@id\":\"https:\/\/www.barbierispa.com\/de\/arbeiten-sie-mit-uns\/#breadcrumb\",\"itemListElement\":[{\"@type\":\"ListItem\",\"position\":1,\"name\":\"Home\",\"item\":\"https:\/\/www.barbierispa.com\/de\/home\/\"},{\"@type\":\"ListItem\",\"position\":2,\"name\":\"Arbeiten Sie mit uns\"}]},{\"@type\":\"WebSite\",\"@id\":\"https:\/\/www.barbierispa.com\/de\/#website\",\"url\":\"https:\/\/www.barbierispa.com\/de\/\",\"name\":\"Barbieri Spa\",\"description\":\"\",\"publisher\":{\"@id\":\"https:\/\/www.barbierispa.com\/de\/#organization\"},\"potentialAction\":[{\"@type\":\"SearchAction\",\"target\":{\"@type\":\"EntryPoint\",\"urlTemplate\":\"https:\/\/www.barbierispa.com\/de\/?s={search_term_string}\"},\"query-input\":{\"@type\":\"PropertyValueSpecification\",\"valueRequired\":true,\"valueName\":\"search_term_string\"}}],\"inLanguage\":\"de\"},{\"@type\":\"Organization\",\"@id\":\"https:\/\/www.barbierispa.com\/de\/#organization\",\"name\":\"Barbieri Spa\",\"url\":\"https:\/\/www.barbierispa.com\/de\/\",\"logo\":{\"@type\":\"ImageObject\",\"inLanguage\":\"de\",\"@id\":\"https:\/\/www.barbierispa.com\/de\/#\/schema\/logo\/image\/\",\"url\":\"https:\/\/www.barbierispa.com\/wp-content\/uploads\/2025\/01\/barbieri-logo-2x.png\",\"contentUrl\":\"https:\/\/www.barbierispa.com\/wp-content\/uploads\/2025\/01\/barbieri-logo-2x.png\",\"width\":291,\"height\":188,\"caption\":\"Barbieri Spa\"},\"image\":{\"@id\":\"https:\/\/www.barbierispa.com\/de\/#\/schema\/logo\/image\/\"}}]}<\/script>\n<!-- \/ Yoast SEO plugin. -->","yoast_head_json":{"title":"Arbeiten Sie mit Barbieri S.p.A. \u2013 Senden Sie Ihren Lebenslauf","description":"Werden Sie Teil des Barbieri-Teams: Entdecken Sie offene Stellen oder senden Sie eine Initiativbewerbung, um in unser Unternehmen einzutreten.","robots":{"index":"index","follow":"follow","max-snippet":"max-snippet:-1","max-image-preview":"max-image-preview:large","max-video-preview":"max-video-preview:-1"},"canonical":"https:\/\/www.barbierispa.com\/de\/arbeiten-sie-mit-uns\/","og_locale":"de_DE","og_type":"article","og_title":"Arbeiten Sie mit Barbieri S.p.A. \u2013 Senden Sie Ihren Lebenslauf","og_description":"Werden Sie Teil des Barbieri-Teams: Entdecken Sie offene Stellen oder senden Sie eine Initiativbewerbung, um in unser Unternehmen einzutreten.","og_url":"https:\/\/www.barbierispa.com\/de\/arbeiten-sie-mit-uns\/","og_site_name":"Barbieri Spa","article_modified_time":"2026-04-16T07:55:18+00:00","twitter_card":"summary_large_image","twitter_misc":{"Gesch\u00e4tzte Lesezeit":"1\u00a0Minute"},"schema":{"@context":"https:\/\/schema.org","@graph":[{"@type":"WebPage","@id":"https:\/\/www.barbierispa.com\/de\/arbeiten-sie-mit-uns\/","url":"https:\/\/www.barbierispa.com\/de\/arbeiten-sie-mit-uns\/","name":"Arbeiten Sie mit Barbieri S.p.A. \u2013 Senden Sie Ihren Lebenslauf","isPartOf":{"@id":"https:\/\/www.barbierispa.com\/de\/#website"},"datePublished":"2025-01-22T08:14:41+00:00","dateModified":"2026-04-16T07:55:18+00:00","description":"Werden Sie Teil des Barbieri-Teams: Entdecken Sie offene Stellen oder senden Sie eine Initiativbewerbung, um in unser Unternehmen einzutreten.","breadcrumb":{"@id":"https:\/\/www.barbierispa.com\/de\/arbeiten-sie-mit-uns\/#breadcrumb"},"inLanguage":"de","potentialAction":[{"@type":"ReadAction","target":["https:\/\/www.barbierispa.com\/de\/arbeiten-sie-mit-uns\/"]}]},{"@type":"BreadcrumbList","@id":"https:\/\/www.barbierispa.com\/de\/arbeiten-sie-mit-uns\/#breadcrumb","itemListElement":[{"@type":"ListItem","position":1,"name":"Home","item":"https:\/\/www.barbierispa.com\/de\/home\/"},{"@type":"ListItem","position":2,"name":"Arbeiten Sie mit uns"}]},{"@type":"WebSite","@id":"https:\/\/www.barbierispa.com\/de\/#website","url":"https:\/\/www.barbierispa.com\/de\/","name":"Barbieri Spa","description":"","publisher":{"@id":"https:\/\/www.barbierispa.com\/de\/#organization"},"potentialAction":[{"@type":"SearchAction","target":{"@type":"EntryPoint","urlTemplate":"https:\/\/www.barbierispa.com\/de\/?s={search_term_string}"},"query-input":{"@type":"PropertyValueSpecification","valueRequired":true,"valueName":"search_term_string"}}],"inLanguage":"de"},{"@type":"Organization","@id":"https:\/\/www.barbierispa.com\/de\/#organization","name":"Barbieri Spa","url":"https:\/\/www.barbierispa.com\/de\/","logo":{"@type":"ImageObject","inLanguage":"de","@id":"https:\/\/www.barbierispa.com\/de\/#\/schema\/logo\/image\/","url":"https:\/\/www.barbierispa.com\/wp-content\/uploads\/2025\/01\/barbieri-logo-2x.png","contentUrl":"https:\/\/www.barbierispa.com\/wp-content\/uploads\/2025\/01\/barbieri-logo-2x.png","width":291,"height":188,"caption":"Barbieri Spa"},"image":{"@id":"https:\/\/www.barbierispa.com\/de\/#\/schema\/logo\/image\/"}}]}},"_links":{"self":[{"href":"https:\/\/www.barbierispa.com\/de\/wp-json\/wp\/v2\/pages\/5110","targetHints":{"allow":["GET"]}}],"collection":[{"href":"https:\/\/www.barbierispa.com\/de\/wp-json\/wp\/v2\/pages"}],"about":[{"href":"https:\/\/www.barbierispa.com\/de\/wp-json\/wp\/v2\/types\/page"}],"author":[{"embeddable":true,"href":"https:\/\/www.barbierispa.com\/de\/wp-json\/wp\/v2\/users\/2"}],"replies":[{"embeddable":true,"href":"https:\/\/www.barbierispa.com\/de\/wp-json\/wp\/v2\/comments?post=5110"}],"version-history":[{"count":1,"href":"https:\/\/www.barbierispa.com\/de\/wp-json\/wp\/v2\/pages\/5110\/revisions"}],"predecessor-version":[{"id":5112,"href":"https:\/\/www.barbierispa.com\/de\/wp-json\/wp\/v2\/pages\/5110\/revisions\/5112"}],"wp:attachment":[{"href":"https:\/\/www.barbierispa.com\/de\/wp-json\/wp\/v2\/media?parent=5110"}],"curies":[{"name":"wp","href":"https:\/\/api.w.org\/{rel}","templated":true}]}}