{"id":5147,"date":"2025-01-08T16:46:05","date_gmt":"2025-01-08T16:46:05","guid":{"rendered":"https:\/\/www.barbierispa.com\/kataloge\/"},"modified":"2026-04-16T08:08:28","modified_gmt":"2026-04-16T08:08:28","slug":"kataloge","status":"publish","type":"page","link":"https:\/\/www.barbierispa.com\/de\/kataloge\/","title":{"rendered":"Kataloge"},"content":{"rendered":"\t\t<div data-elementor-type=\"wp-page\" data-elementor-id=\"5147\" class=\"elementor elementor-5147 elementor-35\" data-elementor-post-type=\"page\">\n\t\t\t\t<div class=\"elementor-element elementor-element-9e283aa e-con-full e-flex e-con e-parent\" data-id=\"9e283aa\" data-element_type=\"container\" data-e-type=\"container\">\n\t\t<div class=\"elementor-element elementor-element-1cbba37 e-con-full e-flex e-con e-child\" data-id=\"1cbba37\" data-element_type=\"container\" data-e-type=\"container\" data-settings=\"{&quot;background_background&quot;:&quot;classic&quot;}\">\n\t\t\t\t<\/div>\n\t\t<div class=\"elementor-element elementor-element-acda6a7 e-con-full e-flex e-con e-child\" data-id=\"acda6a7\" data-element_type=\"container\" data-e-type=\"container\" data-settings=\"{&quot;background_background&quot;:&quot;classic&quot;}\">\n\t\t<div class=\"elementor-element elementor-element-f3190e9 e-con-full e-flex e-con e-child\" data-id=\"f3190e9\" data-element_type=\"container\" data-e-type=\"container\">\n\t\t\t\t<div class=\"elementor-element elementor-element-21d1bc2 elementor-widget elementor-widget-heading\" data-id=\"21d1bc2\" data-element_type=\"widget\" data-e-type=\"widget\" data-widget_type=\"heading.default\">\n\t\t\t\t<div class=\"elementor-widget-container\">\n\t\t\t\t\t<h3 class=\"elementor-heading-title elementor-size-default\">Kataloge<\/h3>\t\t\t\t<\/div>\n\t\t\t\t<\/div>\n\t\t\t\t<div class=\"elementor-element elementor-element-61cec25 elementor-widget elementor-widget-text-editor\" data-id=\"61cec25\" data-element_type=\"widget\" data-e-type=\"widget\" data-widget_type=\"text-editor.default\">\n\t\t\t\t<div class=\"elementor-widget-container\">\n\t\t\t\t\t\t\t\t\t<p class=\"\" data-start=\"106\" data-end=\"652\"><strong data-start=\"49\" data-end=\"79\">Erkunden Sie unsere Kataloge<\/strong> und finden Sie die <strong data-start=\"88\" data-end=\"105\">Inspiration<\/strong>, die Sie suchen.<br data-start=\"117\" data-end=\"120\">Willkommen in unserem Bereich, der dem <strong data-start=\"165\" data-end=\"177\">Entdecken<\/strong> unserer Kataloge gewidmet ist. Hier k\u00f6nnen Sie ganz einfach in unseren <strong data-start=\"248\" data-end=\"262\">Kollektionen<\/strong> <strong data-start=\"211\" data-end=\"224\">bl\u00e4ttern<\/strong>, neue Produkte entdecken und alle f\u00fcr Sie verf\u00fcgbaren <strong data-start=\"312\" data-end=\"322\">Neuheiten<\/strong> einsehen. Ganz gleich, ob Sie nach dem perfekten <strong data-start=\"367\" data-end=\"379\">Produkt<\/strong> suchen oder einfach nur unsere Angebote erkunden m\u00f6chten, unser <strong data-start=\"454\" data-end=\"473\">Online-Katalog<\/strong> ist der ideale Ausgangspunkt f\u00fcr ein umfassendes und stressfreies Einkaufserlebnis. <strong data-start=\"559\" data-end=\"576\">Beginnen Sie jetzt<\/strong> damit, alles zu entdecken, was wir f\u00fcr Sie vorbereitet haben!  <\/p>\t\t\t\t\t\t\t\t<\/div>\n\t\t\t\t<\/div>\n\t\t\t\t<\/div>\n\t\t\t\t<\/div>\n\t\t\t\t<\/div>\n\t\t<div class=\"elementor-element elementor-element-f709bc4 e-flex e-con-boxed e-con e-parent\" data-id=\"f709bc4\" data-element_type=\"container\" data-e-type=\"container\">\n\t\t\t\t\t<div class=\"e-con-inner\">\n\t\t<div class=\"elementor-element elementor-element-2eb31dc e-con-full e-flex e-con e-child\" data-id=\"2eb31dc\" data-element_type=\"container\" data-e-type=\"container\">\n\t\t\t\t<div class=\"elementor-element elementor-element-4caeb7e elementor-position-top elementor-widget elementor-widget-image-box\" data-id=\"4caeb7e\" data-element_type=\"widget\" data-e-type=\"widget\" data-widget_type=\"image-box.default\">\n\t\t\t\t<div class=\"elementor-widget-container\">\n\t\t\t\t\t<div class=\"elementor-image-box-wrapper\"><figure class=\"elementor-image-box-img\"><a href=\"\/wp-content\/uploads\/2025\/01\/BARBIERI_catalogo_2019_IT_low.pdf\" target=\"_blank\" tabindex=\"-1\"><img fetchpriority=\"high\" decoding=\"async\" width=\"196\" height=\"276\" src=\"https:\/\/www.barbierispa.com\/wp-content\/uploads\/2025\/01\/Catalogo-generale-nuovo.jpg\" class=\"attachment-full size-full wp-image-5138\" alt=\"\" \/><\/a><\/figure><div class=\"elementor-image-box-content\"><p class=\"elementor-image-box-description\">Allgemeiner Produktkatalog<\/p><\/div><\/div>\t\t\t\t<\/div>\n\t\t\t\t<\/div>\n\t\t\t\t<\/div>\n\t\t<div class=\"elementor-element elementor-element-71007c9 e-con-full e-flex e-con e-child\" data-id=\"71007c9\" data-element_type=\"container\" data-e-type=\"container\">\n\t\t\t\t<div class=\"elementor-element elementor-element-68f1578 elementor-position-top elementor-widget elementor-widget-image-box\" data-id=\"68f1578\" data-element_type=\"widget\" data-e-type=\"widget\" data-widget_type=\"image-box.default\">\n\t\t\t\t<div class=\"elementor-widget-container\">\n\t\t\t\t\t<div class=\"elementor-image-box-wrapper\"><figure class=\"elementor-image-box-img\"><a href=\"\/wp-content\/uploads\/2025\/01\/BARBIERI_estratto_3_ante_Flexwall_IT_low_singole.pdf\" target=\"_blank\" tabindex=\"-1\"><img decoding=\"async\" width=\"196\" height=\"276\" src=\"https:\/\/www.barbierispa.com\/wp-content\/uploads\/2025\/01\/Flexwall-nuovo.jpg\" class=\"attachment-full size-full wp-image-5139\" alt=\"\" \/><\/a><\/figure><div class=\"elementor-image-box-content\"><p class=\"elementor-image-box-description\">Flexwall\u00ae<\/p><\/div><\/div>\t\t\t\t<\/div>\n\t\t\t\t<\/div>\n\t\t\t\t<\/div>\n\t\t<div class=\"elementor-element elementor-element-38abcb4 e-con-full e-flex e-con e-child\" data-id=\"38abcb4\" data-element_type=\"container\" data-e-type=\"container\">\n\t\t\t\t<div class=\"elementor-element elementor-element-8617d80 elementor-position-top elementor-widget elementor-widget-image-box\" data-id=\"8617d80\" data-element_type=\"widget\" data-e-type=\"widget\" data-widget_type=\"image-box.default\">\n\t\t\t\t<div class=\"elementor-widget-container\">\n\t\t\t\t\t<div class=\"elementor-image-box-wrapper\"><figure class=\"elementor-image-box-img\"><a href=\"\/wp-content\/uploads\/2025\/01\/BARBIERI_estratto_3_ante_listelli_IT_low_singole.pdf\" target=\"_blank\" tabindex=\"-1\"><img decoding=\"async\" width=\"196\" height=\"276\" src=\"https:\/\/www.barbierispa.com\/wp-content\/uploads\/2025\/01\/Nastri-listellati-new.jpg\" class=\"attachment-full size-full wp-image-5140\" alt=\"\" \/><\/a><\/figure><div class=\"elementor-image-box-content\"><p class=\"elementor-image-box-description\">Stollenb\u00e4nder<\/p><\/div><\/div>\t\t\t\t<\/div>\n\t\t\t\t<\/div>\n\t\t\t\t<\/div>\n\t\t<div class=\"elementor-element elementor-element-cc65045 e-con-full e-flex e-con e-child\" data-id=\"cc65045\" data-element_type=\"container\" data-e-type=\"container\">\n\t\t\t\t<div class=\"elementor-element elementor-element-c02ec10 elementor-position-top elementor-widget elementor-widget-image-box\" data-id=\"c02ec10\" data-element_type=\"widget\" data-e-type=\"widget\" data-widget_type=\"image-box.default\">\n\t\t\t\t<div class=\"elementor-widget-container\">\n\t\t\t\t\t<div class=\"elementor-image-box-wrapper\"><figure class=\"elementor-image-box-img\"><a href=\"\/wp-content\/uploads\/2025\/01\/Rivestimenti.pdf\" target=\"_blank\" tabindex=\"-1\"><img loading=\"lazy\" decoding=\"async\" width=\"193\" height=\"273\" src=\"https:\/\/www.barbierispa.com\/wp-content\/uploads\/2025\/01\/Rivestimenti.jpg\" class=\"attachment-full size-full wp-image-5141\" alt=\"\" \/><\/a><\/figure><div class=\"elementor-image-box-content\"><p class=\"elementor-image-box-description\">Beschichtungen<\/p><\/div><\/div>\t\t\t\t<\/div>\n\t\t\t\t<\/div>\n\t\t\t\t<\/div>\n\t\t<div class=\"elementor-element elementor-element-38189c9 e-con-full e-flex e-con e-child\" data-id=\"38189c9\" data-element_type=\"container\" data-e-type=\"container\">\n\t\t\t\t<div class=\"elementor-element elementor-element-8d942f9 elementor-position-top elementor-widget elementor-widget-image-box\" data-id=\"8d942f9\" data-element_type=\"widget\" data-e-type=\"widget\" data-widget_type=\"image-box.default\">\n\t\t\t\t<div class=\"elementor-widget-container\">\n\t\t\t\t\t<div class=\"elementor-image-box-wrapper\"><figure class=\"elementor-image-box-img\"><a href=\"\/wp-content\/uploads\/2025\/01\/Tecnologia-della-gomma-new.pdf\" target=\"_blank\" tabindex=\"-1\"><img loading=\"lazy\" decoding=\"async\" width=\"193\" height=\"273\" src=\"https:\/\/www.barbierispa.com\/wp-content\/uploads\/2025\/01\/Altri-prodotti.jpg\" class=\"attachment-full size-full wp-image-5142\" alt=\"\" \/><\/a><\/figure><div class=\"elementor-image-box-content\"><p class=\"elementor-image-box-description\">Gummitechnologie<\/p><\/div><\/div>\t\t\t\t<\/div>\n\t\t\t\t<\/div>\n\t\t\t\t<\/div>\n\t\t<div class=\"elementor-element elementor-element-4ef032d e-con-full e-flex e-con e-child\" data-id=\"4ef032d\" data-element_type=\"container\" data-e-type=\"container\">\n\t\t\t\t<div class=\"elementor-element elementor-element-538533e elementor-position-top elementor-widget elementor-widget-image-box\" data-id=\"538533e\" data-element_type=\"widget\" data-e-type=\"widget\" data-widget_type=\"image-box.default\">\n\t\t\t\t<div class=\"elementor-widget-container\">\n\t\t\t\t\t<div class=\"elementor-image-box-wrapper\"><figure class=\"elementor-image-box-img\"><a href=\"\/wp-content\/uploads\/2025\/01\/Tetako\u00ae.pdf\" target=\"_blank\" tabindex=\"-1\"><img loading=\"lazy\" decoding=\"async\" width=\"193\" height=\"273\" src=\"https:\/\/www.barbierispa.com\/wp-content\/uploads\/2025\/01\/Tetako.jpg\" class=\"attachment-full size-full wp-image-5143\" alt=\"\" \/><\/a><\/figure><div class=\"elementor-image-box-content\"><p class=\"elementor-image-box-description\">Tetako\u00ae<\/p><\/div><\/div>\t\t\t\t<\/div>\n\t\t\t\t<\/div>\n\t\t\t\t<\/div>\n\t\t<div class=\"elementor-element elementor-element-51274f9 e-con-full e-flex e-con e-child\" data-id=\"51274f9\" data-element_type=\"container\" data-e-type=\"container\">\n\t\t\t\t<div class=\"elementor-element elementor-element-5c3f0e3 elementor-position-top elementor-widget elementor-widget-image-box\" data-id=\"5c3f0e3\" data-element_type=\"widget\" data-e-type=\"widget\" data-widget_type=\"image-box.default\">\n\t\t\t\t<div class=\"elementor-widget-container\">\n\t\t\t\t\t<div class=\"elementor-image-box-wrapper\"><figure class=\"elementor-image-box-img\"><a href=\"http:\/\/ht\/wp-content\/uploads\/2025\/01\/BARBIERI_estratto_ATEX_IT_low-1.pdf\" target=\"_blank\" tabindex=\"-1\"><img loading=\"lazy\" decoding=\"async\" width=\"195\" height=\"276\" src=\"https:\/\/www.barbierispa.com\/wp-content\/uploads\/2025\/01\/BARBIERI_estratto_ATEX_IT_LR-1-1.jpg\" class=\"attachment-full size-full wp-image-5144\" alt=\"\" \/><\/a><\/figure><div class=\"elementor-image-box-content\"><p class=\"elementor-image-box-description\">Firetex\u00ae-B\u00e4nder<\/p><\/div><\/div>\t\t\t\t<\/div>\n\t\t\t\t<\/div>\n\t\t\t\t<\/div>\n\t\t<div class=\"elementor-element elementor-element-2b06bbf e-con-full e-flex e-con e-child\" data-id=\"2b06bbf\" data-element_type=\"container\" data-e-type=\"container\">\n\t\t\t\t<div class=\"elementor-element elementor-element-d6b48ca elementor-position-top elementor-widget elementor-widget-image-box\" data-id=\"d6b48ca\" data-element_type=\"widget\" data-e-type=\"widget\" data-widget_type=\"image-box.default\">\n\t\t\t\t<div class=\"elementor-widget-container\">\n\t\t\t\t\t<div class=\"elementor-image-box-wrapper\"><figure class=\"elementor-image-box-img\"><a href=\"\/wp-content\/uploads\/2025\/01\/BARBIERI_estratto_nastri_trasportatori_IT_low.pdf\" target=\"_blank\" tabindex=\"-1\"><img loading=\"lazy\" decoding=\"async\" width=\"195\" height=\"276\" src=\"https:\/\/www.barbierispa.com\/wp-content\/uploads\/2025\/01\/BARBIERI_estratto_nastri_trasportatori_IT_LR-1-1.jpg\" class=\"attachment-full size-full wp-image-5145\" alt=\"\" \/><\/a><\/figure><div class=\"elementor-image-box-content\"><p class=\"elementor-image-box-description\">F\u00f6rderb\u00e4nder<\/p><\/div><\/div>\t\t\t\t<\/div>\n\t\t\t\t<\/div>\n\t\t\t\t<\/div>\n\t\t<div class=\"elementor-element elementor-element-baa308d e-con-full e-flex e-con e-child\" data-id=\"baa308d\" data-element_type=\"container\" data-e-type=\"container\">\n\t\t\t\t<div class=\"elementor-element elementor-element-097a25b elementor-position-top elementor-widget elementor-widget-image-box\" data-id=\"097a25b\" data-element_type=\"widget\" data-e-type=\"widget\" data-widget_type=\"image-box.default\">\n\t\t\t\t<div class=\"elementor-widget-container\">\n\t\t\t\t\t<div class=\"elementor-image-box-wrapper\"><figure class=\"elementor-image-box-img\"><a href=\"\/wp-content\/uploads\/2025\/01\/BARBIERI_estratto_pirosystem_IT_low.pdf\" target=\"_blank\" tabindex=\"-1\"><img loading=\"lazy\" decoding=\"async\" width=\"195\" height=\"276\" src=\"https:\/\/www.barbierispa.com\/wp-content\/uploads\/2025\/01\/BARBIERI_estratto_pirosystem_IT_LR-1.jpg\" class=\"attachment-full size-full wp-image-5146\" alt=\"\" \/><\/a><\/figure><div class=\"elementor-image-box-content\"><p class=\"elementor-image-box-description\">Hitzebest\u00e4ndige F\u00f6rderb\u00e4nder<\/p><\/div><\/div>\t\t\t\t<\/div>\n\t\t\t\t<\/div>\n\t\t\t\t<\/div>\n\t\t\t\t\t<\/div>\n\t\t\t\t<\/div>\n\t\t\t\t<\/div>\n\t\t","protected":false},"excerpt":{"rendered":"<p>Kataloge Erkunden Sie unsere Kataloge und finden Sie die Inspiration, die Sie suchen.Willkommen in unserem Bereich, der dem Entdecken unserer Kataloge gewidmet ist. Hier k\u00f6nnen Sie ganz einfach in unseren Kollektionen bl\u00e4ttern, neue Produkte entdecken und alle f\u00fcr Sie verf\u00fcgbaren Neuheiten einsehen. Ganz gleich, ob Sie nach dem perfekten Produkt suchen oder einfach nur unsere [&hellip;]<\/p>\n","protected":false},"author":2,"featured_media":0,"parent":0,"menu_order":0,"comment_status":"closed","ping_status":"closed","template":"","meta":{"_acf_changed":false,"footnotes":""},"class_list":["post-5147","page","type-page","status-publish","hentry"],"acf":[],"yoast_head":"<!-- This site is optimized with the Yoast SEO plugin v27.2 - https:\/\/yoast.com\/product\/yoast-seo-wordpress\/ -->\n<title>Laden Sie die Barbieri-Kataloge als PDF herunter<\/title>\n<meta name=\"description\" content=\"Konsultieren oder laden Sie die technischen Kataloge unserer Produkte und Dienstleistungen herunter: F\u00f6rderb\u00e4nder, Mischungen, Beschichtungen und Bearbeitungen.\" \/>\n<meta name=\"robots\" content=\"index, follow, max-snippet:-1, max-image-preview:large, max-video-preview:-1\" \/>\n<link rel=\"canonical\" href=\"https:\/\/www.barbierispa.com\/de\/kataloge\/\" \/>\n<meta property=\"og:locale\" content=\"de_DE\" \/>\n<meta property=\"og:type\" content=\"article\" \/>\n<meta property=\"og:title\" content=\"Laden Sie die Barbieri-Kataloge als PDF herunter\" \/>\n<meta property=\"og:description\" content=\"Konsultieren oder laden Sie die technischen Kataloge unserer Produkte und Dienstleistungen herunter: F\u00f6rderb\u00e4nder, Mischungen, Beschichtungen und Bearbeitungen.\" \/>\n<meta property=\"og:url\" content=\"https:\/\/www.barbierispa.com\/de\/kataloge\/\" \/>\n<meta property=\"og:site_name\" content=\"Barbieri Spa\" \/>\n<meta property=\"article:modified_time\" content=\"2026-04-16T08:08:28+00:00\" \/>\n<meta property=\"og:image\" content=\"https:\/\/www.barbierispa.com\/wp-content\/uploads\/2025\/01\/Catalogo-generale-nuovo.jpg\" \/>\n\t<meta property=\"og:image:width\" content=\"196\" \/>\n\t<meta property=\"og:image:height\" content=\"276\" \/>\n\t<meta property=\"og:image:type\" content=\"image\/jpeg\" \/>\n<meta name=\"twitter:card\" content=\"summary_large_image\" \/>\n<meta name=\"twitter:label1\" content=\"Gesch\u00e4tzte Lesezeit\" \/>\n\t<meta name=\"twitter:data1\" content=\"1\u00a0Minute\" \/>\n<script type=\"application\/ld+json\" class=\"yoast-schema-graph\">{\"@context\":\"https:\/\/schema.org\",\"@graph\":[{\"@type\":\"WebPage\",\"@id\":\"https:\/\/www.barbierispa.com\/de\/kataloge\/\",\"url\":\"https:\/\/www.barbierispa.com\/de\/kataloge\/\",\"name\":\"Laden Sie die Barbieri-Kataloge als PDF herunter\",\"isPartOf\":{\"@id\":\"https:\/\/www.barbierispa.com\/de\/#website\"},\"primaryImageOfPage\":{\"@id\":\"https:\/\/www.barbierispa.com\/de\/kataloge\/#primaryimage\"},\"image\":{\"@id\":\"https:\/\/www.barbierispa.com\/de\/kataloge\/#primaryimage\"},\"thumbnailUrl\":\"https:\/\/www.barbierispa.com\/wp-content\/uploads\/2025\/01\/Catalogo-generale-nuovo.jpg\",\"datePublished\":\"2025-01-08T16:46:05+00:00\",\"dateModified\":\"2026-04-16T08:08:28+00:00\",\"description\":\"Konsultieren oder laden Sie die technischen Kataloge unserer Produkte und Dienstleistungen herunter: F\u00f6rderb\u00e4nder, Mischungen, Beschichtungen und Bearbeitungen.\",\"breadcrumb\":{\"@id\":\"https:\/\/www.barbierispa.com\/de\/kataloge\/#breadcrumb\"},\"inLanguage\":\"de\",\"potentialAction\":[{\"@type\":\"ReadAction\",\"target\":[\"https:\/\/www.barbierispa.com\/de\/kataloge\/\"]}]},{\"@type\":\"ImageObject\",\"inLanguage\":\"de\",\"@id\":\"https:\/\/www.barbierispa.com\/de\/kataloge\/#primaryimage\",\"url\":\"https:\/\/www.barbierispa.com\/wp-content\/uploads\/2025\/01\/Catalogo-generale-nuovo.jpg\",\"contentUrl\":\"https:\/\/www.barbierispa.com\/wp-content\/uploads\/2025\/01\/Catalogo-generale-nuovo.jpg\"},{\"@type\":\"BreadcrumbList\",\"@id\":\"https:\/\/www.barbierispa.com\/de\/kataloge\/#breadcrumb\",\"itemListElement\":[{\"@type\":\"ListItem\",\"position\":1,\"name\":\"Home\",\"item\":\"https:\/\/www.barbierispa.com\/de\/home\/\"},{\"@type\":\"ListItem\",\"position\":2,\"name\":\"Kataloge\"}]},{\"@type\":\"WebSite\",\"@id\":\"https:\/\/www.barbierispa.com\/de\/#website\",\"url\":\"https:\/\/www.barbierispa.com\/de\/\",\"name\":\"Barbieri Spa\",\"description\":\"\",\"publisher\":{\"@id\":\"https:\/\/www.barbierispa.com\/de\/#organization\"},\"potentialAction\":[{\"@type\":\"SearchAction\",\"target\":{\"@type\":\"EntryPoint\",\"urlTemplate\":\"https:\/\/www.barbierispa.com\/de\/?s={search_term_string}\"},\"query-input\":{\"@type\":\"PropertyValueSpecification\",\"valueRequired\":true,\"valueName\":\"search_term_string\"}}],\"inLanguage\":\"de\"},{\"@type\":\"Organization\",\"@id\":\"https:\/\/www.barbierispa.com\/de\/#organization\",\"name\":\"Barbieri Spa\",\"url\":\"https:\/\/www.barbierispa.com\/de\/\",\"logo\":{\"@type\":\"ImageObject\",\"inLanguage\":\"de\",\"@id\":\"https:\/\/www.barbierispa.com\/de\/#\/schema\/logo\/image\/\",\"url\":\"https:\/\/www.barbierispa.com\/wp-content\/uploads\/2025\/01\/barbieri-logo-2x.png\",\"contentUrl\":\"https:\/\/www.barbierispa.com\/wp-content\/uploads\/2025\/01\/barbieri-logo-2x.png\",\"width\":291,\"height\":188,\"caption\":\"Barbieri Spa\"},\"image\":{\"@id\":\"https:\/\/www.barbierispa.com\/de\/#\/schema\/logo\/image\/\"}}]}<\/script>\n<!-- \/ Yoast SEO plugin. -->","yoast_head_json":{"title":"Laden Sie die Barbieri-Kataloge als PDF herunter","description":"Konsultieren oder laden Sie die technischen Kataloge unserer Produkte und Dienstleistungen herunter: F\u00f6rderb\u00e4nder, Mischungen, Beschichtungen und Bearbeitungen.","robots":{"index":"index","follow":"follow","max-snippet":"max-snippet:-1","max-image-preview":"max-image-preview:large","max-video-preview":"max-video-preview:-1"},"canonical":"https:\/\/www.barbierispa.com\/de\/kataloge\/","og_locale":"de_DE","og_type":"article","og_title":"Laden Sie die Barbieri-Kataloge als PDF herunter","og_description":"Konsultieren oder laden Sie die technischen Kataloge unserer Produkte und Dienstleistungen herunter: F\u00f6rderb\u00e4nder, Mischungen, Beschichtungen und Bearbeitungen.","og_url":"https:\/\/www.barbierispa.com\/de\/kataloge\/","og_site_name":"Barbieri Spa","article_modified_time":"2026-04-16T08:08:28+00:00","og_image":[{"width":196,"height":276,"url":"https:\/\/www.barbierispa.com\/wp-content\/uploads\/2025\/01\/Catalogo-generale-nuovo.jpg","type":"image\/jpeg"}],"twitter_card":"summary_large_image","twitter_misc":{"Gesch\u00e4tzte Lesezeit":"1\u00a0Minute"},"schema":{"@context":"https:\/\/schema.org","@graph":[{"@type":"WebPage","@id":"https:\/\/www.barbierispa.com\/de\/kataloge\/","url":"https:\/\/www.barbierispa.com\/de\/kataloge\/","name":"Laden Sie die Barbieri-Kataloge als PDF herunter","isPartOf":{"@id":"https:\/\/www.barbierispa.com\/de\/#website"},"primaryImageOfPage":{"@id":"https:\/\/www.barbierispa.com\/de\/kataloge\/#primaryimage"},"image":{"@id":"https:\/\/www.barbierispa.com\/de\/kataloge\/#primaryimage"},"thumbnailUrl":"https:\/\/www.barbierispa.com\/wp-content\/uploads\/2025\/01\/Catalogo-generale-nuovo.jpg","datePublished":"2025-01-08T16:46:05+00:00","dateModified":"2026-04-16T08:08:28+00:00","description":"Konsultieren oder laden Sie die technischen Kataloge unserer Produkte und Dienstleistungen herunter: F\u00f6rderb\u00e4nder, Mischungen, Beschichtungen und Bearbeitungen.","breadcrumb":{"@id":"https:\/\/www.barbierispa.com\/de\/kataloge\/#breadcrumb"},"inLanguage":"de","potentialAction":[{"@type":"ReadAction","target":["https:\/\/www.barbierispa.com\/de\/kataloge\/"]}]},{"@type":"ImageObject","inLanguage":"de","@id":"https:\/\/www.barbierispa.com\/de\/kataloge\/#primaryimage","url":"https:\/\/www.barbierispa.com\/wp-content\/uploads\/2025\/01\/Catalogo-generale-nuovo.jpg","contentUrl":"https:\/\/www.barbierispa.com\/wp-content\/uploads\/2025\/01\/Catalogo-generale-nuovo.jpg"},{"@type":"BreadcrumbList","@id":"https:\/\/www.barbierispa.com\/de\/kataloge\/#breadcrumb","itemListElement":[{"@type":"ListItem","position":1,"name":"Home","item":"https:\/\/www.barbierispa.com\/de\/home\/"},{"@type":"ListItem","position":2,"name":"Kataloge"}]},{"@type":"WebSite","@id":"https:\/\/www.barbierispa.com\/de\/#website","url":"https:\/\/www.barbierispa.com\/de\/","name":"Barbieri Spa","description":"","publisher":{"@id":"https:\/\/www.barbierispa.com\/de\/#organization"},"potentialAction":[{"@type":"SearchAction","target":{"@type":"EntryPoint","urlTemplate":"https:\/\/www.barbierispa.com\/de\/?s={search_term_string}"},"query-input":{"@type":"PropertyValueSpecification","valueRequired":true,"valueName":"search_term_string"}}],"inLanguage":"de"},{"@type":"Organization","@id":"https:\/\/www.barbierispa.com\/de\/#organization","name":"Barbieri Spa","url":"https:\/\/www.barbierispa.com\/de\/","logo":{"@type":"ImageObject","inLanguage":"de","@id":"https:\/\/www.barbierispa.com\/de\/#\/schema\/logo\/image\/","url":"https:\/\/www.barbierispa.com\/wp-content\/uploads\/2025\/01\/barbieri-logo-2x.png","contentUrl":"https:\/\/www.barbierispa.com\/wp-content\/uploads\/2025\/01\/barbieri-logo-2x.png","width":291,"height":188,"caption":"Barbieri Spa"},"image":{"@id":"https:\/\/www.barbierispa.com\/de\/#\/schema\/logo\/image\/"}}]}},"_links":{"self":[{"href":"https:\/\/www.barbierispa.com\/de\/wp-json\/wp\/v2\/pages\/5147","targetHints":{"allow":["GET"]}}],"collection":[{"href":"https:\/\/www.barbierispa.com\/de\/wp-json\/wp\/v2\/pages"}],"about":[{"href":"https:\/\/www.barbierispa.com\/de\/wp-json\/wp\/v2\/types\/page"}],"author":[{"embeddable":true,"href":"https:\/\/www.barbierispa.com\/de\/wp-json\/wp\/v2\/users\/2"}],"replies":[{"embeddable":true,"href":"https:\/\/www.barbierispa.com\/de\/wp-json\/wp\/v2\/comments?post=5147"}],"version-history":[{"count":1,"href":"https:\/\/www.barbierispa.com\/de\/wp-json\/wp\/v2\/pages\/5147\/revisions"}],"predecessor-version":[{"id":5149,"href":"https:\/\/www.barbierispa.com\/de\/wp-json\/wp\/v2\/pages\/5147\/revisions\/5149"}],"wp:attachment":[{"href":"https:\/\/www.barbierispa.com\/de\/wp-json\/wp\/v2\/media?parent=5147"}],"curies":[{"name":"wp","href":"https:\/\/api.w.org\/{rel}","templated":true}]}}