{"id":5171,"date":"2025-03-06T11:48:06","date_gmt":"2025-03-06T11:48:06","guid":{"rendered":"https:\/\/www.barbierispa.com\/verarbeitung-und-dienstleistungen\/beschichtungen\/"},"modified":"2026-04-16T08:26:34","modified_gmt":"2026-04-16T08:26:34","slug":"beschichtungen","status":"publish","type":"page","link":"https:\/\/www.barbierispa.com\/de\/verarbeitung-und-dienstleistungen\/beschichtungen\/","title":{"rendered":"Beschichtungen"},"content":{"rendered":"\t\t<div data-elementor-type=\"wp-page\" data-elementor-id=\"5171\" class=\"elementor elementor-5171 elementor-799\" data-elementor-post-type=\"page\">\n\t\t\t\t<div class=\"elementor-element elementor-element-c4152c3 e-con-full e-flex e-con e-parent\" data-id=\"c4152c3\" data-element_type=\"container\" data-e-type=\"container\">\n\t\t<div class=\"elementor-element elementor-element-d559e5d e-con-full e-flex e-con e-child\" data-id=\"d559e5d\" data-element_type=\"container\" data-e-type=\"container\" data-settings=\"{&quot;background_background&quot;:&quot;classic&quot;}\">\n\t\t\t\t<\/div>\n\t\t<div class=\"elementor-element elementor-element-a67cc75 e-con-full e-flex e-con e-child\" data-id=\"a67cc75\" data-element_type=\"container\" data-e-type=\"container\" data-settings=\"{&quot;background_background&quot;:&quot;classic&quot;}\">\n\t\t<div class=\"elementor-element elementor-element-0c502e2 e-con-full e-flex e-con e-child\" data-id=\"0c502e2\" data-element_type=\"container\" data-e-type=\"container\">\n\t\t\t\t<div class=\"elementor-element elementor-element-b7faf84 elementor-widget elementor-widget-heading\" data-id=\"b7faf84\" data-element_type=\"widget\" data-e-type=\"widget\" data-widget_type=\"heading.default\">\n\t\t\t\t<div class=\"elementor-widget-container\">\n\t\t\t\t\t<h1 class=\"elementor-heading-title elementor-size-default\">TROMMEL-Beschichtungen<\/h1>\t\t\t\t<\/div>\n\t\t\t\t<\/div>\n\t\t\t\t<div class=\"elementor-element elementor-element-e62956b elementor-widget elementor-widget-text-editor\" data-id=\"e62956b\" data-element_type=\"widget\" data-e-type=\"widget\" data-widget_type=\"text-editor.default\">\n\t\t\t\t<div class=\"elementor-widget-container\">\n\t\t\t\t\t\t\t\t\t<p><strong data-start=\"65\" data-end=\"78\">Wir bieten<\/strong> eine breite Palette an <strong data-start=\"98\" data-end=\"109\">Dienstleistungen<\/strong> im Bereich <strong data-start=\"113\" data-end=\"138\">Gummibeschichtungen<\/strong> an, um jede Kundenanforderung zu erf\u00fcllen. Dank unseres umfangreichen <strong data-start=\"204\" data-end=\"222\">Gummilagers<\/strong> mit verschiedenen <strong data-start=\"242\" data-end=\"251\" data-is-only-node=\"\">Shore-H\u00e4rten<\/strong> sind wir in der Lage, jede <strong data-start=\"286\" data-end=\"302\">Beschichtung<\/strong> so zu kalibrieren, dass sie perfekt an die spezifischen Anforderungen des Produkts angepasst ist. Dies erm\u00f6glicht es uns, <strong data-start=\"402\" data-end=\"430\">ma\u00dfgeschneiderte L\u00f6sungen<\/strong> f\u00fcr eine Vielzahl von <strong data-start=\"450\" data-end=\"478\">industriellen Anwendungen<\/strong> zu garantieren und dabei die <strong data-start=\"495\" data-end=\"519\">Verschlei\u00dffestigkeit<\/strong>, die <strong data-start=\"523\" data-end=\"535\">Haftung<\/strong> und die <strong data-start=\"541\" data-end=\"551\">Lebensdauer<\/strong> Ihrer Komponenten zu verbessern. Wir sind bereit, auf Ihre Bed\u00fcrfnisse mit <strong data-start=\"626\" data-end=\"645\">Professionalit\u00e4t<\/strong> und <strong data-start=\"648\" data-end=\"662\">Pr\u00e4zision<\/strong> zu reagieren.   <\/p>\t\t\t\t\t\t\t\t<\/div>\n\t\t\t\t<\/div>\n\t\t\t\t<\/div>\n\t\t\t\t<\/div>\n\t\t\t\t<\/div>\n\t\t<div class=\"elementor-element elementor-element-fcba6f6 e-flex e-con-boxed e-con e-parent\" data-id=\"fcba6f6\" data-element_type=\"container\" data-e-type=\"container\">\n\t\t\t\t\t<div class=\"e-con-inner\">\n\t\t<div class=\"elementor-element elementor-element-48a08ac e-con-full e-flex e-con e-child\" data-id=\"48a08ac\" data-element_type=\"container\" data-e-type=\"container\" data-settings=\"{&quot;background_background&quot;:&quot;classic&quot;}\">\n\t\t\t\t<\/div>\n\t\t<div class=\"elementor-element elementor-element-0eeb577 e-con-full e-flex e-con e-child\" data-id=\"0eeb577\" data-element_type=\"container\" data-e-type=\"container\" data-settings=\"{&quot;background_background&quot;:&quot;classic&quot;}\">\n\t\t\t\t<div class=\"elementor-element elementor-element-f5fda5b elementor-widget elementor-widget-text-editor\" data-id=\"f5fda5b\" data-element_type=\"widget\" data-e-type=\"widget\" data-widget_type=\"text-editor.default\">\n\t\t\t\t<div class=\"elementor-widget-container\">\n\t\t\t\t\t\t\t\t\t<p>Diese L\u00f6sung stellt den <strong data-start=\"113\" data-end=\"129\">besten Weg<\/strong> dar, um den <strong data-start=\"149\" data-end=\"176\">Reibungskoeffizienten<\/strong> zwischen dem <strong data-start=\"184\" data-end=\"194\">Gurt<\/strong> und der <strong data-start=\"200\" data-end=\"218\">Antriebstrommel<\/strong> zu optimieren, was <strong data-start=\"231\" data-end=\"256\">\u00fcberlegene Leistungen<\/strong> und eine h\u00f6here <strong data-start=\"272\" data-end=\"296\">betriebliche Effizienz<\/strong> garantiert. Sie verhindert nicht nur das <strong data-start=\"319\" data-end=\"334\">Rutschen<\/strong>, sondern erh\u00f6ht auch erheblich die <strong data-start=\"363\" data-end=\"387\">Gurtstabilit\u00e4t<\/strong>, wodurch <strong data-start=\"398\" data-end=\"417\">Schieflauf<\/strong> vermieden und <strong data-start=\"442\" data-end=\"470\">Besch\u00e4digungsrisiken<\/strong> minimiert werden. Zudem erleichtert sie dank ihrer <strong data-start=\"497\" data-end=\"521\">innovativen Struktur<\/strong> die Beseitigung von <strong data-start=\"553\" data-end=\"563\">Schmutz<\/strong> und <strong data-start=\"570\" data-end=\"581\">R\u00fcckst\u00e4nden<\/strong>, sodass das System stets <strong data-start=\"612\" data-end=\"622\">sauber<\/strong> bleibt und <strong data-start=\"625\" data-end=\"657\">optimal funktioniert<\/strong>.   Ein weiterer wichtiger Vorteil ist der <strong data-start=\"694\" data-end=\"708\">Schutz<\/strong>, den sie der Trommel gegen <strong data-start=\"739\" data-end=\"748\">Verschlei\u00df<\/strong> und <strong data-start=\"754\" data-end=\"768\">Korrosion<\/strong> bietet, wodurch deren <strong data-start=\"787\" data-end=\"807\">Lebensdauer<\/strong> verl\u00e4ngert wird. Der verwendete <strong data-start=\"812\" data-end=\"821\">Gummi<\/strong> ist von <strong data-start=\"838\" data-end=\"859\">h\u00f6chster Qualit\u00e4t<\/strong> und so konzipiert, dass er <strong data-start=\"904\" data-end=\"917\">Abrieb<\/strong> und <strong data-start=\"923\" data-end=\"933\">Schnitten<\/strong> wirksam widersteht, was <strong data-start=\"946\" data-end=\"970\">konstante Leistungen<\/strong> und eine <strong data-start=\"977\" data-end=\"997\">lange Nutzungsdauer<\/strong> selbst unter den <strong data-start=\"1010\" data-end=\"1038\">schwierigsten Bedingungen<\/strong> garantiert. <\/p>\t\t\t\t\t\t\t\t<\/div>\n\t\t\t\t<\/div>\n\t\t\t\t<\/div>\n\t\t\t\t\t<\/div>\n\t\t\t\t<\/div>\n\t\t<div class=\"elementor-element elementor-element-4ee37ae e-flex e-con-boxed e-con e-parent\" data-id=\"4ee37ae\" data-element_type=\"container\" data-e-type=\"container\">\n\t\t\t\t\t<div class=\"e-con-inner\">\n\t\t<div class=\"elementor-element elementor-element-5cc665a e-con-full e-flex e-con e-child\" data-id=\"5cc665a\" data-element_type=\"container\" data-e-type=\"container\" data-settings=\"{&quot;background_background&quot;:&quot;classic&quot;}\">\n\t\t\t\t<\/div>\n\t\t<div class=\"elementor-element elementor-element-a20e0d6 e-con-full e-flex e-con e-child\" data-id=\"a20e0d6\" data-element_type=\"container\" data-e-type=\"container\" data-settings=\"{&quot;background_background&quot;:&quot;classic&quot;}\">\n\t\t\t\t<div class=\"elementor-element elementor-element-5afeda6 elementor-widget elementor-widget-text-editor\" data-id=\"5afeda6\" data-element_type=\"widget\" data-e-type=\"widget\" data-widget_type=\"text-editor.default\">\n\t\t\t\t<div class=\"elementor-widget-container\">\n\t\t\t\t\t\t\t\t\t<p>Die <strong data-start=\"65\" data-end=\"93\">Trommelbeschichtung<\/strong> erfolgt in einem <strong data-start=\"109\" data-end=\"134\">Kaltverfahren<\/strong> unter Verwendung des <strong data-start=\"151\" data-end=\"190\">Hochleistungsklebers Tetako<\/strong>, der f\u00fcr seine <strong data-start=\"208\" data-end=\"221\">Wirksamkeit<\/strong> und <strong data-start=\"224\" data-end=\"238\">Einfachheit<\/strong> bekannt ist. Nach einer sorgf\u00e4ltigen <strong data-start=\"256\" data-end=\"267\">Reinigung<\/strong> und <strong data-start=\"270\" data-end=\"284\">Sandstrahlung<\/strong> zur Vorbereitung der Oberfl\u00e4che wird ein <strong data-start=\"328\" data-end=\"338\">Primer<\/strong> aufgetragen, der die <strong data-start=\"354\" data-end=\"366\">Haftung<\/strong> des Klebers verbessert. Der <strong data-start=\"384\" data-end=\"394\">Tetako-Kleber<\/strong> wird anschlie\u00dfend <strong data-start=\"411\" data-end=\"428\">gleichm\u00e4\u00dfig<\/strong> auf die <strong data-start=\"433\" data-end=\"444\">Trommel<\/strong> und den aufzubringenden <strong data-start=\"453\" data-end=\"462\">Gummi<\/strong> aufgetragen.   Nach einer <strong data-start=\"494\" data-end=\"509\">Aktivierungszeit<\/strong> wird der Gummi <strong data-start=\"526\" data-end=\"563\">mit Pr\u00e4zision und Druck aufgelegt<\/strong>, um eine <strong data-start=\"581\" data-end=\"602\">optimale Haftung<\/strong> zu gew\u00e4hrleisten. Die letzte Phase umfasst die <strong data-start=\"630\" data-end=\"657\">Qualit\u00e4tskontrolle<\/strong> mit <strong data-start=\"663\" data-end=\"677\">Nachbearbeitungen<\/strong> und der <strong data-start=\"680\" data-end=\"706\">Pr\u00fcfung der Haftfestigkeit<\/strong>. Der Prozess <strong data-start=\"720\" data-end=\"746\">erfordert keine Demontage<\/strong> oder <strong data-start=\"750\" data-end=\"773\">W\u00e4rmebehandlungen<\/strong>; er ist <strong data-start=\"783\" data-end=\"793\">schnell<\/strong>, <strong data-start=\"795\" data-end=\"805\">sicher<\/strong> und <strong data-start=\"808\" data-end=\"843\">ideal f\u00fcr Eins\u00e4tze vor Ort<\/strong>, wodurch <strong data-start=\"855\" data-end=\"864\">Wartungszeiten<\/strong> und <strong data-start=\"867\" data-end=\"892\">-kosten<\/strong> reduziert werden.  <\/p>\t\t\t\t\t\t\t\t<\/div>\n\t\t\t\t<\/div>\n\t\t\t\t<\/div>\n\t\t\t\t\t<\/div>\n\t\t\t\t<\/div>\n\t\t<div class=\"elementor-element elementor-element-7ae2eeb6 e-flex e-con-boxed e-con e-parent\" data-id=\"7ae2eeb6\" data-element_type=\"container\" data-e-type=\"container\" data-settings=\"{&quot;background_background&quot;:&quot;classic&quot;}\">\n\t\t\t\t\t<div class=\"e-con-inner\">\n\t\t\t\t<div class=\"elementor-element elementor-element-235c0e5f elementor-widget elementor-widget-heading\" data-id=\"235c0e5f\" data-element_type=\"widget\" data-e-type=\"widget\" data-widget_type=\"heading.default\">\n\t\t\t\t<div class=\"elementor-widget-container\">\n\t\t\t\t\t<h3 class=\"elementor-heading-title elementor-size-default\">CUSTOM BELT<\/h3>\t\t\t\t<\/div>\n\t\t\t\t<\/div>\n\t\t\t\t<div class=\"elementor-element elementor-element-4f375d51 elementor-widget__width-initial elementor-widget elementor-widget-text-editor\" data-id=\"4f375d51\" data-element_type=\"widget\" data-e-type=\"widget\" data-widget_type=\"text-editor.default\">\n\t\t\t\t<div class=\"elementor-widget-container\">\n\t\t\t\t\t\t\t\t\t<h3><em><strong>F\u00dcR SIE GEFERTIGT<\/strong><\/em><\/h3><p>Ein vollst\u00e4ndig individualisiertes F\u00f6rderband, ma\u00dfgeschneidert f\u00fcr Ihre Anforderungen. Durch die Anbringung von L\u00e4ngs- und Querprofilen k\u00f6nnen wir das Band nach jeder Ihrer technischen Spezifikationen gestalten und garantieren eine einzigartige L\u00f6sung, die perfekt auf die Anforderungen Ihrer Anwendung abgestimmt ist. <\/p>\t\t\t\t\t\t\t\t<\/div>\n\t\t\t\t<\/div>\n\t\t\t\t<div class=\"elementor-element elementor-element-3155f7f5 elementor-align-center elementor-widget elementor-widget-button\" data-id=\"3155f7f5\" data-element_type=\"widget\" data-e-type=\"widget\" data-widget_type=\"button.default\">\n\t\t\t\t<div class=\"elementor-widget-container\">\n\t\t\t\t\t\t\t\t\t<div class=\"elementor-button-wrapper\">\n\t\t\t\t\t<a class=\"elementor-button elementor-button-link elementor-size-sm\" href=\"https:\/\/www.barbierispa.com\/categoria-prodotto\/custom-belt\/\">\n\t\t\t\t\t\t<span class=\"elementor-button-content-wrapper\">\n\t\t\t\t\t\t\t\t\t<span class=\"elementor-button-text\">Finden Sie mehr heraus<\/span>\n\t\t\t\t\t<\/span>\n\t\t\t\t\t<\/a>\n\t\t\t\t<\/div>\n\t\t\t\t\t\t\t\t<\/div>\n\t\t\t\t<\/div>\n\t\t\t\t\t<\/div>\n\t\t\t\t<\/div>\n\t\t\t\t<\/div>\n\t\t","protected":false},"excerpt":{"rendered":"<p>TROMMEL-Beschichtungen Wir bieten eine breite Palette an Dienstleistungen im Bereich Gummibeschichtungen an, um jede Kundenanforderung zu erf\u00fcllen. Dank unseres umfangreichen Gummilagers mit verschiedenen Shore-H\u00e4rten sind wir in der Lage, jede Beschichtung so zu kalibrieren, dass sie perfekt an die spezifischen Anforderungen des Produkts angepasst ist. Dies erm\u00f6glicht es uns, ma\u00dfgeschneiderte L\u00f6sungen f\u00fcr eine Vielzahl von [&hellip;]<\/p>\n","protected":false},"author":3,"featured_media":0,"parent":5161,"menu_order":0,"comment_status":"closed","ping_status":"closed","template":"","meta":{"_acf_changed":false,"footnotes":""},"class_list":["post-5171","page","type-page","status-publish","hentry"],"acf":[],"yoast_head":"<!-- This site is optimized with the Yoast SEO plugin v27.2 - https:\/\/yoast.com\/product\/yoast-seo-wordpress\/ -->\n<title>Trommelbeschichtungen und Komponenten<\/title>\n<meta name=\"description\" content=\"Gummibeschichtungen f\u00fcr Trommeln und Zubeh\u00f6r: Erh\u00f6hen Sie die Griffigkeit und Lebensdauer Ihrer Industrieanlagen.\" \/>\n<meta name=\"robots\" content=\"index, follow, max-snippet:-1, max-image-preview:large, max-video-preview:-1\" \/>\n<link rel=\"canonical\" href=\"https:\/\/www.barbierispa.com\/de\/verarbeitung-und-dienstleistungen\/beschichtungen\/\" \/>\n<meta property=\"og:locale\" content=\"de_DE\" \/>\n<meta property=\"og:type\" content=\"article\" \/>\n<meta property=\"og:title\" content=\"Trommelbeschichtungen und Komponenten\" \/>\n<meta property=\"og:description\" content=\"Gummibeschichtungen f\u00fcr Trommeln und Zubeh\u00f6r: Erh\u00f6hen Sie die Griffigkeit und Lebensdauer Ihrer Industrieanlagen.\" \/>\n<meta property=\"og:url\" content=\"https:\/\/www.barbierispa.com\/de\/verarbeitung-und-dienstleistungen\/beschichtungen\/\" \/>\n<meta property=\"og:site_name\" content=\"Barbieri Spa\" \/>\n<meta property=\"article:modified_time\" content=\"2026-04-16T08:26:34+00:00\" \/>\n<meta name=\"twitter:card\" content=\"summary_large_image\" \/>\n<meta name=\"twitter:label1\" content=\"Gesch\u00e4tzte Lesezeit\" \/>\n\t<meta name=\"twitter:data1\" content=\"2\u00a0Minuten\" \/>\n<script type=\"application\/ld+json\" class=\"yoast-schema-graph\">{\"@context\":\"https:\/\/schema.org\",\"@graph\":[{\"@type\":\"WebPage\",\"@id\":\"https:\/\/www.barbierispa.com\/de\/verarbeitung-und-dienstleistungen\/beschichtungen\/\",\"url\":\"https:\/\/www.barbierispa.com\/de\/verarbeitung-und-dienstleistungen\/beschichtungen\/\",\"name\":\"Trommelbeschichtungen und Komponenten\",\"isPartOf\":{\"@id\":\"https:\/\/www.barbierispa.com\/de\/#website\"},\"datePublished\":\"2025-03-06T11:48:06+00:00\",\"dateModified\":\"2026-04-16T08:26:34+00:00\",\"description\":\"Gummibeschichtungen f\u00fcr Trommeln und Zubeh\u00f6r: Erh\u00f6hen Sie die Griffigkeit und Lebensdauer Ihrer Industrieanlagen.\",\"breadcrumb\":{\"@id\":\"https:\/\/www.barbierispa.com\/de\/verarbeitung-und-dienstleistungen\/beschichtungen\/#breadcrumb\"},\"inLanguage\":\"de\",\"potentialAction\":[{\"@type\":\"ReadAction\",\"target\":[\"https:\/\/www.barbierispa.com\/de\/verarbeitung-und-dienstleistungen\/beschichtungen\/\"]}]},{\"@type\":\"BreadcrumbList\",\"@id\":\"https:\/\/www.barbierispa.com\/de\/verarbeitung-und-dienstleistungen\/beschichtungen\/#breadcrumb\",\"itemListElement\":[{\"@type\":\"ListItem\",\"position\":1,\"name\":\"Home\",\"item\":\"https:\/\/www.barbierispa.com\/de\/home\/\"},{\"@type\":\"ListItem\",\"position\":2,\"name\":\"Verarbeitung und Dienstleistungen\",\"item\":\"https:\/\/www.barbierispa.com\/de\/verarbeitung-und-dienstleistungen\/\"},{\"@type\":\"ListItem\",\"position\":3,\"name\":\"Beschichtungen\"}]},{\"@type\":\"WebSite\",\"@id\":\"https:\/\/www.barbierispa.com\/de\/#website\",\"url\":\"https:\/\/www.barbierispa.com\/de\/\",\"name\":\"Barbieri Spa\",\"description\":\"\",\"publisher\":{\"@id\":\"https:\/\/www.barbierispa.com\/de\/#organization\"},\"potentialAction\":[{\"@type\":\"SearchAction\",\"target\":{\"@type\":\"EntryPoint\",\"urlTemplate\":\"https:\/\/www.barbierispa.com\/de\/?s={search_term_string}\"},\"query-input\":{\"@type\":\"PropertyValueSpecification\",\"valueRequired\":true,\"valueName\":\"search_term_string\"}}],\"inLanguage\":\"de\"},{\"@type\":\"Organization\",\"@id\":\"https:\/\/www.barbierispa.com\/de\/#organization\",\"name\":\"Barbieri Spa\",\"url\":\"https:\/\/www.barbierispa.com\/de\/\",\"logo\":{\"@type\":\"ImageObject\",\"inLanguage\":\"de\",\"@id\":\"https:\/\/www.barbierispa.com\/de\/#\/schema\/logo\/image\/\",\"url\":\"https:\/\/www.barbierispa.com\/wp-content\/uploads\/2025\/01\/barbieri-logo-2x.png\",\"contentUrl\":\"https:\/\/www.barbierispa.com\/wp-content\/uploads\/2025\/01\/barbieri-logo-2x.png\",\"width\":291,\"height\":188,\"caption\":\"Barbieri Spa\"},\"image\":{\"@id\":\"https:\/\/www.barbierispa.com\/de\/#\/schema\/logo\/image\/\"}}]}<\/script>\n<!-- \/ Yoast SEO plugin. -->","yoast_head_json":{"title":"Trommelbeschichtungen und Komponenten","description":"Gummibeschichtungen f\u00fcr Trommeln und Zubeh\u00f6r: Erh\u00f6hen Sie die Griffigkeit und Lebensdauer Ihrer Industrieanlagen.","robots":{"index":"index","follow":"follow","max-snippet":"max-snippet:-1","max-image-preview":"max-image-preview:large","max-video-preview":"max-video-preview:-1"},"canonical":"https:\/\/www.barbierispa.com\/de\/verarbeitung-und-dienstleistungen\/beschichtungen\/","og_locale":"de_DE","og_type":"article","og_title":"Trommelbeschichtungen und Komponenten","og_description":"Gummibeschichtungen f\u00fcr Trommeln und Zubeh\u00f6r: Erh\u00f6hen Sie die Griffigkeit und Lebensdauer Ihrer Industrieanlagen.","og_url":"https:\/\/www.barbierispa.com\/de\/verarbeitung-und-dienstleistungen\/beschichtungen\/","og_site_name":"Barbieri Spa","article_modified_time":"2026-04-16T08:26:34+00:00","twitter_card":"summary_large_image","twitter_misc":{"Gesch\u00e4tzte Lesezeit":"2\u00a0Minuten"},"schema":{"@context":"https:\/\/schema.org","@graph":[{"@type":"WebPage","@id":"https:\/\/www.barbierispa.com\/de\/verarbeitung-und-dienstleistungen\/beschichtungen\/","url":"https:\/\/www.barbierispa.com\/de\/verarbeitung-und-dienstleistungen\/beschichtungen\/","name":"Trommelbeschichtungen und Komponenten","isPartOf":{"@id":"https:\/\/www.barbierispa.com\/de\/#website"},"datePublished":"2025-03-06T11:48:06+00:00","dateModified":"2026-04-16T08:26:34+00:00","description":"Gummibeschichtungen f\u00fcr Trommeln und Zubeh\u00f6r: Erh\u00f6hen Sie die Griffigkeit und Lebensdauer Ihrer Industrieanlagen.","breadcrumb":{"@id":"https:\/\/www.barbierispa.com\/de\/verarbeitung-und-dienstleistungen\/beschichtungen\/#breadcrumb"},"inLanguage":"de","potentialAction":[{"@type":"ReadAction","target":["https:\/\/www.barbierispa.com\/de\/verarbeitung-und-dienstleistungen\/beschichtungen\/"]}]},{"@type":"BreadcrumbList","@id":"https:\/\/www.barbierispa.com\/de\/verarbeitung-und-dienstleistungen\/beschichtungen\/#breadcrumb","itemListElement":[{"@type":"ListItem","position":1,"name":"Home","item":"https:\/\/www.barbierispa.com\/de\/home\/"},{"@type":"ListItem","position":2,"name":"Verarbeitung und Dienstleistungen","item":"https:\/\/www.barbierispa.com\/de\/verarbeitung-und-dienstleistungen\/"},{"@type":"ListItem","position":3,"name":"Beschichtungen"}]},{"@type":"WebSite","@id":"https:\/\/www.barbierispa.com\/de\/#website","url":"https:\/\/www.barbierispa.com\/de\/","name":"Barbieri Spa","description":"","publisher":{"@id":"https:\/\/www.barbierispa.com\/de\/#organization"},"potentialAction":[{"@type":"SearchAction","target":{"@type":"EntryPoint","urlTemplate":"https:\/\/www.barbierispa.com\/de\/?s={search_term_string}"},"query-input":{"@type":"PropertyValueSpecification","valueRequired":true,"valueName":"search_term_string"}}],"inLanguage":"de"},{"@type":"Organization","@id":"https:\/\/www.barbierispa.com\/de\/#organization","name":"Barbieri Spa","url":"https:\/\/www.barbierispa.com\/de\/","logo":{"@type":"ImageObject","inLanguage":"de","@id":"https:\/\/www.barbierispa.com\/de\/#\/schema\/logo\/image\/","url":"https:\/\/www.barbierispa.com\/wp-content\/uploads\/2025\/01\/barbieri-logo-2x.png","contentUrl":"https:\/\/www.barbierispa.com\/wp-content\/uploads\/2025\/01\/barbieri-logo-2x.png","width":291,"height":188,"caption":"Barbieri Spa"},"image":{"@id":"https:\/\/www.barbierispa.com\/de\/#\/schema\/logo\/image\/"}}]}},"_links":{"self":[{"href":"https:\/\/www.barbierispa.com\/de\/wp-json\/wp\/v2\/pages\/5171","targetHints":{"allow":["GET"]}}],"collection":[{"href":"https:\/\/www.barbierispa.com\/de\/wp-json\/wp\/v2\/pages"}],"about":[{"href":"https:\/\/www.barbierispa.com\/de\/wp-json\/wp\/v2\/types\/page"}],"author":[{"embeddable":true,"href":"https:\/\/www.barbierispa.com\/de\/wp-json\/wp\/v2\/users\/3"}],"replies":[{"embeddable":true,"href":"https:\/\/www.barbierispa.com\/de\/wp-json\/wp\/v2\/comments?post=5171"}],"version-history":[{"count":1,"href":"https:\/\/www.barbierispa.com\/de\/wp-json\/wp\/v2\/pages\/5171\/revisions"}],"predecessor-version":[{"id":5188,"href":"https:\/\/www.barbierispa.com\/de\/wp-json\/wp\/v2\/pages\/5171\/revisions\/5188"}],"up":[{"embeddable":true,"href":"https:\/\/www.barbierispa.com\/de\/wp-json\/wp\/v2\/pages\/5161"}],"wp:attachment":[{"href":"https:\/\/www.barbierispa.com\/de\/wp-json\/wp\/v2\/media?parent=5171"}],"curies":[{"name":"wp","href":"https:\/\/api.w.org\/{rel}","templated":true}]}}