{"id":5191,"date":"2025-03-06T11:45:48","date_gmt":"2025-03-06T11:45:48","guid":{"rendered":"https:\/\/www.barbierispa.com\/verarbeitung-und-dienstleistungen\/verarbeitung-von-gummiplatten\/"},"modified":"2026-04-16T08:27:29","modified_gmt":"2026-04-16T08:27:29","slug":"verarbeitung-von-gummiplatten","status":"publish","type":"page","link":"https:\/\/www.barbierispa.com\/de\/verarbeitung-und-dienstleistungen\/verarbeitung-von-gummiplatten\/","title":{"rendered":"Verarbeitung von Gummiplatten"},"content":{"rendered":"\t\t<div data-elementor-type=\"wp-page\" data-elementor-id=\"5191\" class=\"elementor elementor-5191 elementor-794\" data-elementor-post-type=\"page\">\n\t\t\t\t<div class=\"elementor-element elementor-element-c4152c3 e-con-full e-flex e-con e-parent\" data-id=\"c4152c3\" data-element_type=\"container\" data-e-type=\"container\">\n\t\t<div class=\"elementor-element elementor-element-d559e5d e-con-full e-flex e-con e-child\" data-id=\"d559e5d\" data-element_type=\"container\" data-e-type=\"container\" data-settings=\"{&quot;background_background&quot;:&quot;classic&quot;}\">\n\t\t\t\t<\/div>\n\t\t<div class=\"elementor-element elementor-element-a67cc75 e-con-full e-flex e-con e-child\" data-id=\"a67cc75\" data-element_type=\"container\" data-e-type=\"container\" data-settings=\"{&quot;background_background&quot;:&quot;classic&quot;}\">\n\t\t<div class=\"elementor-element elementor-element-0c502e2 e-con-full e-flex e-con e-child\" data-id=\"0c502e2\" data-element_type=\"container\" data-e-type=\"container\">\n\t\t\t\t<div class=\"elementor-element elementor-element-b7faf84 elementor-widget elementor-widget-heading\" data-id=\"b7faf84\" data-element_type=\"widget\" data-e-type=\"widget\" data-widget_type=\"heading.default\">\n\t\t\t\t<div class=\"elementor-widget-container\">\n\t\t\t\t\t<h1 class=\"elementor-heading-title elementor-size-default\">Verarbeitung <br> von Gummiplatten<\/h1>\t\t\t\t<\/div>\n\t\t\t\t<\/div>\n\t\t\t\t<div class=\"elementor-element elementor-element-e62956b elementor-widget elementor-widget-text-editor\" data-id=\"e62956b\" data-element_type=\"widget\" data-e-type=\"widget\" data-widget_type=\"text-editor.default\">\n\t\t\t\t<div class=\"elementor-widget-container\">\n\t\t\t\t\t\t\t\t\t<p>In unserer Werkstatt f\u00fchren wir Verarbeitungen an <strong data-start=\"48\" data-end=\"67\">Gummiplatten<\/strong> f\u00fcr <strong data-start=\"72\" data-end=\"88\">Beschichtungen<\/strong> und <strong data-start=\"91\" data-end=\"102\">Abstreifer<\/strong> durch und verwenden dabei ausschlie\u00dflich <strong data-start=\"120\" data-end=\"149\">hochwertige Materialien<\/strong>, die aufgrund ihrer <strong data-start=\"170\" data-end=\"184\">Widerstandsf\u00e4higkeit<\/strong> und <strong data-start=\"187\" data-end=\"207\">Langlebigkeit<\/strong> ausgew\u00e4hlt wurden. Dank <strong data-start=\"218\" data-end=\"241\">modernster Technologien<\/strong> und eines <strong data-start=\"249\" data-end=\"265\">erfahrenen Teams<\/strong> sind wir in der Lage, pr\u00e4zise und ma\u00dfgeschneiderte Verarbeitungen durchzuf\u00fchren und dabei <strong data-start=\"345\" data-end=\"371\">hervorragende Leistungen<\/strong> und <strong data-start=\"374\" data-end=\"397\">erstklassige Ergebnisse<\/strong> f\u00fcr jeden industriellen Bedarf zu garantieren. Die <strong data-start=\"432\" data-end=\"457\">Materialqualit\u00e4t<\/strong> steht stets im Mittelpunkt unserer Verarbeitungen.  <\/p>\t\t\t\t\t\t\t\t<\/div>\n\t\t\t\t<\/div>\n\t\t\t\t<\/div>\n\t\t\t\t<\/div>\n\t\t\t\t<\/div>\n\t\t<div class=\"elementor-element elementor-element-19439b9 e-flex e-con-boxed e-con e-parent\" data-id=\"19439b9\" data-element_type=\"container\" data-e-type=\"container\">\n\t\t\t\t\t<div class=\"e-con-inner\">\n\t\t<div class=\"elementor-element elementor-element-8dc96eb e-con-full e-flex e-con e-child\" data-id=\"8dc96eb\" data-element_type=\"container\" data-e-type=\"container\" data-settings=\"{&quot;background_background&quot;:&quot;classic&quot;}\">\n\t\t\t\t<div class=\"elementor-element elementor-element-ce28de6 elementor-widget elementor-widget-heading\" data-id=\"ce28de6\" data-element_type=\"widget\" data-e-type=\"widget\" data-widget_type=\"heading.default\">\n\t\t\t\t<div class=\"elementor-widget-container\">\n\t\t\t\t\t<h3 class=\"elementor-heading-title elementor-size-default\">BOHRUNG VON GUMMIPLATTEN<\/h3>\t\t\t\t<\/div>\n\t\t\t\t<\/div>\n\t\t\t\t<div class=\"elementor-element elementor-element-6968baa elementor-widget elementor-widget-text-editor\" data-id=\"6968baa\" data-element_type=\"widget\" data-e-type=\"widget\" data-widget_type=\"text-editor.default\">\n\t\t\t\t<div class=\"elementor-widget-container\">\n\t\t\t\t\t\t\t\t\t<p>Dank des Einsatzes modernster Maschinen bieten wir einen hochspezialisierten Bohrservice f\u00fcr Gummiplatten an. Im Gegensatz zur herk\u00f6mmlichen Stanzbohrung garantiert unsere Technik eine au\u00dfergew\u00f6hnliche Pr\u00e4zision bei der Herstellung der Bohrungen, die sowohl in Form als auch in der Struktur perfekt homogen sind. Dieses Verfahren erm\u00f6glicht es, gratfreie Bohrungen zu erzielen und somit ein Endprodukt von h\u00f6chster Qualit\u00e4t zu gew\u00e4hrleisten.  <\/p>\t\t\t\t\t\t\t\t<\/div>\n\t\t\t\t<\/div>\n\t\t\t\t<\/div>\n\t\t<div class=\"elementor-element elementor-element-678aacf e-con-full e-flex e-con e-child\" data-id=\"678aacf\" data-element_type=\"container\" data-e-type=\"container\" data-settings=\"{&quot;background_background&quot;:&quot;classic&quot;}\">\n\t\t\t\t<\/div>\n\t\t\t\t\t<\/div>\n\t\t\t\t<\/div>\n\t\t<div class=\"elementor-element elementor-element-845a798 e-flex e-con-boxed e-con e-parent\" data-id=\"845a798\" data-element_type=\"container\" data-e-type=\"container\">\n\t\t\t\t\t<div class=\"e-con-inner\">\n\t\t<div class=\"elementor-element elementor-element-8788fdd e-con-full e-flex e-con e-child\" data-id=\"8788fdd\" data-element_type=\"container\" data-e-type=\"container\" data-settings=\"{&quot;background_background&quot;:&quot;classic&quot;}\">\n\t\t\t\t<\/div>\n\t\t<div class=\"elementor-element elementor-element-4e9dd69 e-con-full e-flex e-con e-child\" data-id=\"4e9dd69\" data-element_type=\"container\" data-e-type=\"container\" data-settings=\"{&quot;background_background&quot;:&quot;classic&quot;}\">\n\t\t\t\t<div class=\"elementor-element elementor-element-cfba512 elementor-widget elementor-widget-heading\" data-id=\"cfba512\" data-element_type=\"widget\" data-e-type=\"widget\" data-widget_type=\"heading.default\">\n\t\t\t\t<div class=\"elementor-widget-container\">\n\t\t\t\t\t<h3 class=\"elementor-heading-title elementor-size-default\">ZUSCHNITT UND BESCHNITT <\/h3>\t\t\t\t<\/div>\n\t\t\t\t<\/div>\n\t\t\t\t<div class=\"elementor-element elementor-element-dbf9871 elementor-widget elementor-widget-text-editor\" data-id=\"dbf9871\" data-element_type=\"widget\" data-e-type=\"widget\" data-widget_type=\"text-editor.default\">\n\t\t\t\t<div class=\"elementor-widget-container\">\n\t\t\t\t\t\t\t\t\t<p>Wir bieten einen Zuschnitt- und Beschnittservice f\u00fcr Gummiplatten mit \u00e4u\u00dferst hoher Pr\u00e4zision an, der unerl\u00e4sslich ist, um die Materialien an die spezifischen Abmessungen anzupassen, die von verschiedenen Maschinen und industriellen Anwendungen gefordert werden. Dank des Einsatzes fortschrittlicher Technologien und unserer langj\u00e4hrigen Erfahrung wird jeder Zuschnitt mit akribischer Detailgenauigkeit ausgef\u00fchrt, wodurch eine einwandfreie Verarbeitung und ein perfektes Ergebnis gew\u00e4hrleistet werden. Wir sind in der Lage, auch besonders komplexe Anforderungen zu bew\u00e4ltigen und bieten ma\u00dfgeschneiderte L\u00f6sungen f\u00fcr jede Art von Bedarf, mit dem Ziel, hohe Leistungen, Widerstandsf\u00e4higkeit und Zuverl\u00e4ssigkeit in jedem Arbeitsumfeld zu garantieren. Unser Service ist darauf ausgelegt, die Performance zu optimieren und die maximale Effizienz des Endprodukts zu gew\u00e4hrleisten.   <\/p>\t\t\t\t\t\t\t\t<\/div>\n\t\t\t\t<\/div>\n\t\t\t\t<\/div>\n\t\t\t\t\t<\/div>\n\t\t\t\t<\/div>\n\t\t<div class=\"elementor-element elementor-element-3b18dba6 e-flex e-con-boxed e-con e-parent\" data-id=\"3b18dba6\" data-element_type=\"container\" data-e-type=\"container\" data-settings=\"{&quot;background_background&quot;:&quot;classic&quot;}\">\n\t\t\t\t\t<div class=\"e-con-inner\">\n\t\t\t\t<div class=\"elementor-element elementor-element-54948e38 elementor-widget elementor-widget-heading\" data-id=\"54948e38\" data-element_type=\"widget\" data-e-type=\"widget\" data-widget_type=\"heading.default\">\n\t\t\t\t<div class=\"elementor-widget-container\">\n\t\t\t\t\t<h3 class=\"elementor-heading-title elementor-size-default\">CUSTOM BELT<\/h3>\t\t\t\t<\/div>\n\t\t\t\t<\/div>\n\t\t\t\t<div class=\"elementor-element elementor-element-7df23782 elementor-widget__width-initial elementor-widget elementor-widget-text-editor\" data-id=\"7df23782\" data-element_type=\"widget\" data-e-type=\"widget\" data-widget_type=\"text-editor.default\">\n\t\t\t\t<div class=\"elementor-widget-container\">\n\t\t\t\t\t\t\t\t\t<h3><em><strong>F\u00dcR SIE GEFERTIGT<\/strong><\/em><\/h3><p>Ein vollst\u00e4ndig individualisiertes F\u00f6rderband, ma\u00dfgeschneidert f\u00fcr Ihre Anforderungen. Durch die Anbringung von L\u00e4ngs- und Querprofilen k\u00f6nnen wir das Band nach jeder Ihrer technischen Spezifikationen gestalten und garantieren eine einzigartige L\u00f6sung, die perfekt auf die Anforderungen Ihrer Anwendung abgestimmt ist. <\/p>\t\t\t\t\t\t\t\t<\/div>\n\t\t\t\t<\/div>\n\t\t\t\t<div class=\"elementor-element elementor-element-3809efe7 elementor-align-center elementor-widget elementor-widget-button\" data-id=\"3809efe7\" data-element_type=\"widget\" data-e-type=\"widget\" data-widget_type=\"button.default\">\n\t\t\t\t<div class=\"elementor-widget-container\">\n\t\t\t\t\t\t\t\t\t<div class=\"elementor-button-wrapper\">\n\t\t\t\t\t<a class=\"elementor-button elementor-button-link elementor-size-sm\" href=\"https:\/\/www.barbierispa.com\/categoria-prodotto\/custom-belt\/\">\n\t\t\t\t\t\t<span class=\"elementor-button-content-wrapper\">\n\t\t\t\t\t\t\t\t\t<span class=\"elementor-button-text\">Finden Sie mehr heraus<\/span>\n\t\t\t\t\t<\/span>\n\t\t\t\t\t<\/a>\n\t\t\t\t<\/div>\n\t\t\t\t\t\t\t\t<\/div>\n\t\t\t\t<\/div>\n\t\t\t\t\t<\/div>\n\t\t\t\t<\/div>\n\t\t\t\t<\/div>\n\t\t","protected":false},"excerpt":{"rendered":"<p>Verarbeitung von Gummiplatten In unserer Werkstatt f\u00fchren wir Verarbeitungen an Gummiplatten f\u00fcr Beschichtungen und Abstreifer durch und verwenden dabei ausschlie\u00dflich hochwertige Materialien, die aufgrund ihrer Widerstandsf\u00e4higkeit und Langlebigkeit ausgew\u00e4hlt wurden. Dank modernster Technologien und eines erfahrenen Teams sind wir in der Lage, pr\u00e4zise und ma\u00dfgeschneiderte Verarbeitungen durchzuf\u00fchren und dabei hervorragende Leistungen und erstklassige Ergebnisse f\u00fcr [&hellip;]<\/p>\n","protected":false},"author":3,"featured_media":0,"parent":5161,"menu_order":0,"comment_status":"closed","ping_status":"closed","template":"","meta":{"_acf_changed":false,"footnotes":""},"class_list":["post-5191","page","type-page","status-publish","hentry"],"acf":[],"yoast_head":"<!-- This site is optimized with the Yoast SEO plugin v27.2 - https:\/\/yoast.com\/product\/yoast-seo-wordpress\/ -->\n<title>Verarbeitung von industriellen Gummiplatten<\/title>\n<meta name=\"description\" content=\"Zuschnitt und Anpassung von Gummiplatten f\u00fcr technische Anwendungen. Pr\u00e4zision und Qualit\u00e4t Made in Italy.\" \/>\n<meta name=\"robots\" content=\"index, follow, max-snippet:-1, max-image-preview:large, max-video-preview:-1\" \/>\n<link rel=\"canonical\" href=\"https:\/\/www.barbierispa.com\/de\/verarbeitung-und-dienstleistungen\/verarbeitung-von-gummiplatten\/\" \/>\n<meta property=\"og:locale\" content=\"de_DE\" \/>\n<meta property=\"og:type\" content=\"article\" \/>\n<meta property=\"og:title\" content=\"Verarbeitung von industriellen Gummiplatten\" \/>\n<meta property=\"og:description\" content=\"Zuschnitt und Anpassung von Gummiplatten f\u00fcr technische Anwendungen. Pr\u00e4zision und Qualit\u00e4t Made in Italy.\" \/>\n<meta property=\"og:url\" content=\"https:\/\/www.barbierispa.com\/de\/verarbeitung-und-dienstleistungen\/verarbeitung-von-gummiplatten\/\" \/>\n<meta property=\"og:site_name\" content=\"Barbieri Spa\" \/>\n<meta property=\"article:modified_time\" content=\"2026-04-16T08:27:29+00:00\" \/>\n<meta name=\"twitter:card\" content=\"summary_large_image\" \/>\n<meta name=\"twitter:label1\" content=\"Gesch\u00e4tzte Lesezeit\" \/>\n\t<meta name=\"twitter:data1\" content=\"2\u00a0Minuten\" \/>\n<script type=\"application\/ld+json\" class=\"yoast-schema-graph\">{\"@context\":\"https:\/\/schema.org\",\"@graph\":[{\"@type\":\"WebPage\",\"@id\":\"https:\/\/www.barbierispa.com\/de\/verarbeitung-und-dienstleistungen\/verarbeitung-von-gummiplatten\/\",\"url\":\"https:\/\/www.barbierispa.com\/de\/verarbeitung-und-dienstleistungen\/verarbeitung-von-gummiplatten\/\",\"name\":\"Verarbeitung von industriellen Gummiplatten\",\"isPartOf\":{\"@id\":\"https:\/\/www.barbierispa.com\/de\/#website\"},\"datePublished\":\"2025-03-06T11:45:48+00:00\",\"dateModified\":\"2026-04-16T08:27:29+00:00\",\"description\":\"Zuschnitt und Anpassung von Gummiplatten f\u00fcr technische Anwendungen. Pr\u00e4zision und Qualit\u00e4t Made in Italy.\",\"breadcrumb\":{\"@id\":\"https:\/\/www.barbierispa.com\/de\/verarbeitung-und-dienstleistungen\/verarbeitung-von-gummiplatten\/#breadcrumb\"},\"inLanguage\":\"de\",\"potentialAction\":[{\"@type\":\"ReadAction\",\"target\":[\"https:\/\/www.barbierispa.com\/de\/verarbeitung-und-dienstleistungen\/verarbeitung-von-gummiplatten\/\"]}]},{\"@type\":\"BreadcrumbList\",\"@id\":\"https:\/\/www.barbierispa.com\/de\/verarbeitung-und-dienstleistungen\/verarbeitung-von-gummiplatten\/#breadcrumb\",\"itemListElement\":[{\"@type\":\"ListItem\",\"position\":1,\"name\":\"Home\",\"item\":\"https:\/\/www.barbierispa.com\/de\/home\/\"},{\"@type\":\"ListItem\",\"position\":2,\"name\":\"Verarbeitung und Dienstleistungen\",\"item\":\"https:\/\/www.barbierispa.com\/de\/verarbeitung-und-dienstleistungen\/\"},{\"@type\":\"ListItem\",\"position\":3,\"name\":\"Verarbeitung von Gummiplatten\"}]},{\"@type\":\"WebSite\",\"@id\":\"https:\/\/www.barbierispa.com\/de\/#website\",\"url\":\"https:\/\/www.barbierispa.com\/de\/\",\"name\":\"Barbieri Spa\",\"description\":\"\",\"publisher\":{\"@id\":\"https:\/\/www.barbierispa.com\/de\/#organization\"},\"potentialAction\":[{\"@type\":\"SearchAction\",\"target\":{\"@type\":\"EntryPoint\",\"urlTemplate\":\"https:\/\/www.barbierispa.com\/de\/?s={search_term_string}\"},\"query-input\":{\"@type\":\"PropertyValueSpecification\",\"valueRequired\":true,\"valueName\":\"search_term_string\"}}],\"inLanguage\":\"de\"},{\"@type\":\"Organization\",\"@id\":\"https:\/\/www.barbierispa.com\/de\/#organization\",\"name\":\"Barbieri Spa\",\"url\":\"https:\/\/www.barbierispa.com\/de\/\",\"logo\":{\"@type\":\"ImageObject\",\"inLanguage\":\"de\",\"@id\":\"https:\/\/www.barbierispa.com\/de\/#\/schema\/logo\/image\/\",\"url\":\"https:\/\/www.barbierispa.com\/wp-content\/uploads\/2025\/01\/barbieri-logo-2x.png\",\"contentUrl\":\"https:\/\/www.barbierispa.com\/wp-content\/uploads\/2025\/01\/barbieri-logo-2x.png\",\"width\":291,\"height\":188,\"caption\":\"Barbieri Spa\"},\"image\":{\"@id\":\"https:\/\/www.barbierispa.com\/de\/#\/schema\/logo\/image\/\"}}]}<\/script>\n<!-- \/ Yoast SEO plugin. -->","yoast_head_json":{"title":"Verarbeitung von industriellen Gummiplatten","description":"Zuschnitt und Anpassung von Gummiplatten f\u00fcr technische Anwendungen. Pr\u00e4zision und Qualit\u00e4t Made in Italy.","robots":{"index":"index","follow":"follow","max-snippet":"max-snippet:-1","max-image-preview":"max-image-preview:large","max-video-preview":"max-video-preview:-1"},"canonical":"https:\/\/www.barbierispa.com\/de\/verarbeitung-und-dienstleistungen\/verarbeitung-von-gummiplatten\/","og_locale":"de_DE","og_type":"article","og_title":"Verarbeitung von industriellen Gummiplatten","og_description":"Zuschnitt und Anpassung von Gummiplatten f\u00fcr technische Anwendungen. Pr\u00e4zision und Qualit\u00e4t Made in Italy.","og_url":"https:\/\/www.barbierispa.com\/de\/verarbeitung-und-dienstleistungen\/verarbeitung-von-gummiplatten\/","og_site_name":"Barbieri Spa","article_modified_time":"2026-04-16T08:27:29+00:00","twitter_card":"summary_large_image","twitter_misc":{"Gesch\u00e4tzte Lesezeit":"2\u00a0Minuten"},"schema":{"@context":"https:\/\/schema.org","@graph":[{"@type":"WebPage","@id":"https:\/\/www.barbierispa.com\/de\/verarbeitung-und-dienstleistungen\/verarbeitung-von-gummiplatten\/","url":"https:\/\/www.barbierispa.com\/de\/verarbeitung-und-dienstleistungen\/verarbeitung-von-gummiplatten\/","name":"Verarbeitung von industriellen Gummiplatten","isPartOf":{"@id":"https:\/\/www.barbierispa.com\/de\/#website"},"datePublished":"2025-03-06T11:45:48+00:00","dateModified":"2026-04-16T08:27:29+00:00","description":"Zuschnitt und Anpassung von Gummiplatten f\u00fcr technische Anwendungen. Pr\u00e4zision und Qualit\u00e4t Made in Italy.","breadcrumb":{"@id":"https:\/\/www.barbierispa.com\/de\/verarbeitung-und-dienstleistungen\/verarbeitung-von-gummiplatten\/#breadcrumb"},"inLanguage":"de","potentialAction":[{"@type":"ReadAction","target":["https:\/\/www.barbierispa.com\/de\/verarbeitung-und-dienstleistungen\/verarbeitung-von-gummiplatten\/"]}]},{"@type":"BreadcrumbList","@id":"https:\/\/www.barbierispa.com\/de\/verarbeitung-und-dienstleistungen\/verarbeitung-von-gummiplatten\/#breadcrumb","itemListElement":[{"@type":"ListItem","position":1,"name":"Home","item":"https:\/\/www.barbierispa.com\/de\/home\/"},{"@type":"ListItem","position":2,"name":"Verarbeitung und Dienstleistungen","item":"https:\/\/www.barbierispa.com\/de\/verarbeitung-und-dienstleistungen\/"},{"@type":"ListItem","position":3,"name":"Verarbeitung von Gummiplatten"}]},{"@type":"WebSite","@id":"https:\/\/www.barbierispa.com\/de\/#website","url":"https:\/\/www.barbierispa.com\/de\/","name":"Barbieri Spa","description":"","publisher":{"@id":"https:\/\/www.barbierispa.com\/de\/#organization"},"potentialAction":[{"@type":"SearchAction","target":{"@type":"EntryPoint","urlTemplate":"https:\/\/www.barbierispa.com\/de\/?s={search_term_string}"},"query-input":{"@type":"PropertyValueSpecification","valueRequired":true,"valueName":"search_term_string"}}],"inLanguage":"de"},{"@type":"Organization","@id":"https:\/\/www.barbierispa.com\/de\/#organization","name":"Barbieri Spa","url":"https:\/\/www.barbierispa.com\/de\/","logo":{"@type":"ImageObject","inLanguage":"de","@id":"https:\/\/www.barbierispa.com\/de\/#\/schema\/logo\/image\/","url":"https:\/\/www.barbierispa.com\/wp-content\/uploads\/2025\/01\/barbieri-logo-2x.png","contentUrl":"https:\/\/www.barbierispa.com\/wp-content\/uploads\/2025\/01\/barbieri-logo-2x.png","width":291,"height":188,"caption":"Barbieri Spa"},"image":{"@id":"https:\/\/www.barbierispa.com\/de\/#\/schema\/logo\/image\/"}}]}},"_links":{"self":[{"href":"https:\/\/www.barbierispa.com\/de\/wp-json\/wp\/v2\/pages\/5191","targetHints":{"allow":["GET"]}}],"collection":[{"href":"https:\/\/www.barbierispa.com\/de\/wp-json\/wp\/v2\/pages"}],"about":[{"href":"https:\/\/www.barbierispa.com\/de\/wp-json\/wp\/v2\/types\/page"}],"author":[{"embeddable":true,"href":"https:\/\/www.barbierispa.com\/de\/wp-json\/wp\/v2\/users\/3"}],"replies":[{"embeddable":true,"href":"https:\/\/www.barbierispa.com\/de\/wp-json\/wp\/v2\/comments?post=5191"}],"version-history":[{"count":1,"href":"https:\/\/www.barbierispa.com\/de\/wp-json\/wp\/v2\/pages\/5191\/revisions"}],"predecessor-version":[{"id":5192,"href":"https:\/\/www.barbierispa.com\/de\/wp-json\/wp\/v2\/pages\/5191\/revisions\/5192"}],"up":[{"embeddable":true,"href":"https:\/\/www.barbierispa.com\/de\/wp-json\/wp\/v2\/pages\/5161"}],"wp:attachment":[{"href":"https:\/\/www.barbierispa.com\/de\/wp-json\/wp\/v2\/media?parent=5191"}],"curies":[{"name":"wp","href":"https:\/\/api.w.org\/{rel}","templated":true}]}}