{"id":5197,"date":"2025-03-06T11:43:56","date_gmt":"2025-03-06T11:43:56","guid":{"rendered":"https:\/\/www.barbierispa.com\/verarbeitung-und-dienstleistungen\/bearbeitung-von-forderbandern\/"},"modified":"2026-04-16T08:29:00","modified_gmt":"2026-04-16T08:29:00","slug":"bearbeitung-von-forderbandern","status":"publish","type":"page","link":"https:\/\/www.barbierispa.com\/de\/verarbeitung-und-dienstleistungen\/bearbeitung-von-forderbandern\/","title":{"rendered":"Bearbeitung von F\u00f6rderb\u00e4ndern"},"content":{"rendered":"\t\t<div data-elementor-type=\"wp-page\" data-elementor-id=\"5197\" class=\"elementor elementor-5197 elementor-789\" data-elementor-post-type=\"page\">\n\t\t\t\t<div class=\"elementor-element elementor-element-c4152c3 e-con-full e-flex e-con e-parent\" data-id=\"c4152c3\" data-element_type=\"container\" data-e-type=\"container\">\n\t\t<div class=\"elementor-element elementor-element-d559e5d e-con-full e-flex e-con e-child\" data-id=\"d559e5d\" data-element_type=\"container\" data-e-type=\"container\" data-settings=\"{&quot;background_background&quot;:&quot;classic&quot;}\">\n\t\t\t\t<\/div>\n\t\t<div class=\"elementor-element elementor-element-a67cc75 e-con-full e-flex e-con e-child\" data-id=\"a67cc75\" data-element_type=\"container\" data-e-type=\"container\" data-settings=\"{&quot;background_background&quot;:&quot;classic&quot;}\">\n\t\t<div class=\"elementor-element elementor-element-0c502e2 e-con-full e-flex e-con e-child\" data-id=\"0c502e2\" data-element_type=\"container\" data-e-type=\"container\">\n\t\t\t\t<div class=\"elementor-element elementor-element-b7faf84 elementor-widget elementor-widget-heading\" data-id=\"b7faf84\" data-element_type=\"widget\" data-e-type=\"widget\" data-widget_type=\"heading.default\">\n\t\t\t\t<div class=\"elementor-widget-container\">\n\t\t\t\t\t<h1 class=\"elementor-heading-title elementor-size-default\">Bearbeitung von <br> F\u00f6rderb\u00e4ndern<\/h1>\t\t\t\t<\/div>\n\t\t\t\t<\/div>\n\t\t\t\t<div class=\"elementor-element elementor-element-e62956b elementor-widget elementor-widget-text-editor\" data-id=\"e62956b\" data-element_type=\"widget\" data-e-type=\"widget\" data-widget_type=\"text-editor.default\">\n\t\t\t\t<div class=\"elementor-widget-container\">\n\t\t\t\t\t\t\t\t\t<p>Unsere Werkstatt ist mit modernster Instrumentierung ausgestattet, die es uns erm\u00f6glicht, hochpr\u00e4zise Bearbeitungen an F\u00f6rderb\u00e4ndern jeder Art durchzuf\u00fchren. Mit technologisch fortschrittlichen Maschinen und hochqualifiziertem Personal sind wir in der Lage, komplexe Eingriffe zu realisieren und ein Endergebnis zu garantieren, das den h\u00f6chsten Standards an Qualit\u00e4t und Zuverl\u00e4ssigkeit entspricht. <\/p>\t\t\t\t\t\t\t\t<\/div>\n\t\t\t\t<\/div>\n\t\t\t\t<\/div>\n\t\t\t\t<\/div>\n\t\t\t\t<\/div>\n\t\t<div class=\"elementor-element elementor-element-6f656e4 e-flex e-con-boxed e-con e-parent\" data-id=\"6f656e4\" data-element_type=\"container\" data-e-type=\"container\">\n\t\t\t\t\t<div class=\"e-con-inner\">\n\t\t<div class=\"elementor-element elementor-element-d475f8a e-con-full e-flex e-con e-child\" data-id=\"d475f8a\" data-element_type=\"container\" data-e-type=\"container\" data-settings=\"{&quot;background_background&quot;:&quot;classic&quot;}\">\n\t\t\t\t<\/div>\n\t\t<div class=\"elementor-element elementor-element-51d07bc e-con-full e-flex e-con e-child\" data-id=\"51d07bc\" data-element_type=\"container\" data-e-type=\"container\" data-settings=\"{&quot;background_background&quot;:&quot;classic&quot;}\">\n\t\t\t\t<div class=\"elementor-element elementor-element-5083703 elementor-widget elementor-widget-heading\" data-id=\"5083703\" data-element_type=\"widget\" data-e-type=\"widget\" data-widget_type=\"heading.default\">\n\t\t\t\t<div class=\"elementor-widget-container\">\n\t\t\t\t\t<h3 class=\"elementor-heading-title elementor-size-default\">Anbringung von Profilen<\/h3>\t\t\t\t<\/div>\n\t\t\t\t<\/div>\n\t\t\t\t<div class=\"elementor-element elementor-element-d2c95c8 elementor-widget elementor-widget-text-editor\" data-id=\"d2c95c8\" data-element_type=\"widget\" data-e-type=\"widget\" data-widget_type=\"text-editor.default\">\n\t\t\t\t<div class=\"elementor-widget-container\">\n\t\t\t\t\t\t\t\t\t<p>Dank unserer zwei <strong data-start=\"32\" data-end=\"61\">technologisch fortschrittlichen<\/strong> und dem <strong data-start=\"87\" data-end=\"94\">4.0<\/strong>-Standard entsprechenden Maschinen sind wir in der Lage, <strong data-start=\"124\" data-end=\"149\">L\u00e4ngsprofile<\/strong> und <strong data-start=\"152\" data-end=\"167\">Querprofile<\/strong> verschiedenster Arten und H\u00f6hen mit h\u00f6chster Pr\u00e4zision anzubringen. Wir bieten ein hohes Ma\u00df an <strong data-start=\"249\" data-end=\"270\">Personalisierung<\/strong>, was die Realisierung von <strong data-start=\"298\" data-end=\"319\">ma\u00dfgeschneiderten Profilen<\/strong> basierend auf den spezifischen Kundenanforderungen erm\u00f6glicht. Unsere Technologie erlaubt es, <strong data-start=\"399\" data-end=\"442\">jede Art von Profil zu formen<\/strong>, was maximale <strong data-start=\"463\" data-end=\"490\">Produktionsflexibilit\u00e4t<\/strong> garantiert. Die Maschinen nutzen ein Verfahren der <strong data-start=\"531\" data-end=\"558\">Hei\u00dfvulkanisation<\/strong>, bei dem <strong data-start=\"570\" data-end=\"583\">Druck<\/strong> und <strong data-start=\"586\" data-end=\"601\">Temperatur<\/strong> optimal reguliert werden. Dies stellt eine <strong data-start=\"639\" data-end=\"660\">perfekte Haftung<\/strong> zwischen <strong data-start=\"665\" data-end=\"676\">Gurt<\/strong> und <strong data-start=\"679\" data-end=\"690\">Profilen<\/strong> sicher und schafft ein <strong data-start=\"703\" data-end=\"719\">einheitliches<\/strong> und hochwiderstandsf\u00e4higes Band.     Dank dieser <strong data-start=\"760\" data-end=\"775\">Innovation<\/strong> garantieren wir <strong data-start=\"788\" data-end=\"809\">langlebige<\/strong> und <strong data-start=\"812\" data-end=\"827\">leistungsstarke Produkte<\/strong>, die ideal f\u00fcr verschiedene <strong data-start=\"848\" data-end=\"871\">Industriesektoren<\/strong> sind. Die <strong data-start=\"876\" data-end=\"887\">Qualit\u00e4t<\/strong> des Endergebnisses ist das Resultat unserer <strong data-start=\"931\" data-end=\"945\">Erfahrung<\/strong> und des Einsatzes der besten <strong data-start=\"976\" data-end=\"1002\">verf\u00fcgbaren Technologien<\/strong>. <\/p>\t\t\t\t\t\t\t\t<\/div>\n\t\t\t\t<\/div>\n\t\t\t\t<\/div>\n\t\t\t\t\t<\/div>\n\t\t\t\t<\/div>\n\t\t<div class=\"elementor-element elementor-element-606fadb e-flex e-con-boxed e-con e-parent\" data-id=\"606fadb\" data-element_type=\"container\" data-e-type=\"container\">\n\t\t\t\t\t<div class=\"e-con-inner\">\n\t\t<div class=\"elementor-element elementor-element-61871de e-con-full e-flex e-con e-child\" data-id=\"61871de\" data-element_type=\"container\" data-e-type=\"container\" data-settings=\"{&quot;background_background&quot;:&quot;classic&quot;}\">\n\t\t\t\t<div class=\"elementor-element elementor-element-ba35cb7 elementor-widget elementor-widget-heading\" data-id=\"ba35cb7\" data-element_type=\"widget\" data-e-type=\"widget\" data-widget_type=\"heading.default\">\n\t\t\t\t<div class=\"elementor-widget-container\">\n\t\t\t\t\t<h3 class=\"elementor-heading-title elementor-size-default\">Anrauen<\/h3>\t\t\t\t<\/div>\n\t\t\t\t<\/div>\n\t\t\t\t<div class=\"elementor-element elementor-element-34a5f7d elementor-widget elementor-widget-text-editor\" data-id=\"34a5f7d\" data-element_type=\"widget\" data-e-type=\"widget\" data-widget_type=\"text-editor.default\">\n\t\t\t\t<div class=\"elementor-widget-container\">\n\t\t\t\t\t\t\t\t\t<p>Das <strong data-start=\"3\" data-end=\"16\">Anrauen<\/strong> von <strong data-start=\"21\" data-end=\"45\">F\u00f6rderb\u00e4ndern<\/strong> ist ein wesentlicher Prozess zur <strong data-start=\"75\" data-end=\"88\">Abrasion<\/strong> der <strong data-start=\"110\" data-end=\"121\">Gurtoberfl\u00e4che<\/strong>, um die <strong data-start=\"137\" data-end=\"149\">Haftung<\/strong> zwischen <strong data-start=\"154\" data-end=\"166\">Leiste<\/strong> und <strong data-start=\"169\" data-end=\"179\">Band<\/strong> zu verbessern. Diese Bearbeitung wird mit <strong data-start=\"230\" data-end=\"237\">4.0<\/strong>-Maschinen durchgef\u00fchrt, die ein <strong data-start=\"260\" data-end=\"280\">perfektes Anrauergebnis<\/strong> je nach <strong data-start=\"307\" data-end=\"323\">Anwendungstyp<\/strong> garantieren. Der Einsatz fortschrittlicher Technologie stellt eine gleichm\u00e4\u00dfige und optimale Vorbereitung der Oberfl\u00e4che sicher und verbessert die Lebensdauer sowie die Widerstandsf\u00e4higkeit des Endprodukts. Dank dieser Bearbeitung wird eine effektivere <strong data-start=\"520\" data-end=\"535\">Verklebung<\/strong> erzielt, wodurch das Risiko einer Abl\u00f6sung im Laufe der Zeit verringert wird. Die <strong data-start=\"597\" data-end=\"611\">Pr\u00e4zision<\/strong> des Prozesses erm\u00f6glicht es, das Anrauen an die spezifischen Bed\u00fcrfnisse jedes Kunden anzupassen. Diese innovative Methode ist ideal, um eine <strong data-start=\"752\" data-end=\"771\">hohe Qualit\u00e4t<\/strong> und Zuverl\u00e4ssigkeit des Produkts zu gew\u00e4hrleisten. Unsere Erfahrung in der Branche erm\u00f6glicht es uns, ma\u00dfgeschneiderte L\u00f6sungen f\u00fcr verschiedene <strong data-start=\"889\" data-end=\"917\">industrielle Anwendungen<\/strong> anzubieten.      <\/p>\t\t\t\t\t\t\t\t<\/div>\n\t\t\t\t<\/div>\n\t\t\t\t<\/div>\n\t\t<div class=\"elementor-element elementor-element-2fd7494 e-con-full e-flex e-con e-child\" data-id=\"2fd7494\" data-element_type=\"container\" data-e-type=\"container\" data-settings=\"{&quot;background_background&quot;:&quot;classic&quot;}\">\n\t\t\t\t<\/div>\n\t\t\t\t\t<\/div>\n\t\t\t\t<\/div>\n\t\t<div class=\"elementor-element elementor-element-845a798 e-flex e-con-boxed e-con e-parent\" data-id=\"845a798\" data-element_type=\"container\" data-e-type=\"container\">\n\t\t\t\t\t<div class=\"e-con-inner\">\n\t\t<div class=\"elementor-element elementor-element-9aea21f e-con-full e-flex e-con e-child\" data-id=\"9aea21f\" data-element_type=\"container\" data-e-type=\"container\" data-settings=\"{&quot;background_background&quot;:&quot;classic&quot;}\">\n\t\t\t\t<\/div>\n\t\t<div class=\"elementor-element elementor-element-4e9dd69 e-con-full e-flex e-con e-child\" data-id=\"4e9dd69\" data-element_type=\"container\" data-e-type=\"container\" data-settings=\"{&quot;background_background&quot;:&quot;classic&quot;}\">\n\t\t\t\t<div class=\"elementor-element elementor-element-cfba512 elementor-widget elementor-widget-heading\" data-id=\"cfba512\" data-element_type=\"widget\" data-e-type=\"widget\" data-widget_type=\"heading.default\">\n\t\t\t\t<div class=\"elementor-widget-container\">\n\t\t\t\t\t<h3 class=\"elementor-heading-title elementor-size-default\">LOCHUNG<\/h3>\t\t\t\t<\/div>\n\t\t\t\t<\/div>\n\t\t\t\t<div class=\"elementor-element elementor-element-dbf9871 elementor-widget elementor-widget-text-editor\" data-id=\"dbf9871\" data-element_type=\"widget\" data-e-type=\"widget\" data-widget_type=\"text-editor.default\">\n\t\t\t\t<div class=\"elementor-widget-container\">\n\t\t\t\t\t\t\t\t\t<p>Dank des Einsatzes modernster Maschinen bieten wir einen hochspezialisierten Lochungsservice f\u00fcr Gummif\u00f6rderb\u00e4nder an, der f\u00fcr die Anbringung von Bechern und Leisten konzipiert ist. Im Gegensatz zur herk\u00f6mmlichen Lochung mit einem Stanzeisen garantiert unsere Technik eine au\u00dfergew\u00f6hnliche Pr\u00e4zision bei der Erstellung der L\u00f6cher, die sowohl in der Form als auch in der Struktur vollkommen homogen sind. Dieser Prozess erm\u00f6glicht es, L\u00f6cher ohne Grat, Faserreste oder Verunreinigungen aus den Gurtschichten zu erhalten, wodurch ein Endprodukt von hoher Qualit\u00e4t gew\u00e4hrleistet wird. Unsere fortschrittliche Technik verbessert nicht nur die \u00c4sthetik und Funktionalit\u00e4t des Bandes, sondern tr\u00e4gt auch dazu bei, dessen Widerstandsf\u00e4higkeit und Lebensdauer zu erh\u00f6hen, was die Anwendungen sicherer und effizienter macht.   <\/p>\t\t\t\t\t\t\t\t<\/div>\n\t\t\t\t<\/div>\n\t\t\t\t<\/div>\n\t\t\t\t\t<\/div>\n\t\t\t\t<\/div>\n\t\t<div class=\"elementor-element elementor-element-19439b9 e-flex e-con-boxed e-con e-parent\" data-id=\"19439b9\" data-element_type=\"container\" data-e-type=\"container\">\n\t\t\t\t\t<div class=\"e-con-inner\">\n\t\t<div class=\"elementor-element elementor-element-8dc96eb e-con-full e-flex e-con e-child\" data-id=\"8dc96eb\" data-element_type=\"container\" data-e-type=\"container\" data-settings=\"{&quot;background_background&quot;:&quot;classic&quot;}\">\n\t\t\t\t<div class=\"elementor-element elementor-element-ce28de6 elementor-widget elementor-widget-heading\" data-id=\"ce28de6\" data-element_type=\"widget\" data-e-type=\"widget\" data-widget_type=\"heading.default\">\n\t\t\t\t<div class=\"elementor-widget-container\">\n\t\t\t\t\t<h3 class=\"elementor-heading-title elementor-size-default\">ENDLOSVERBINDUNGEN<\/h3>\t\t\t\t<\/div>\n\t\t\t\t<\/div>\n\t\t\t\t<div class=\"elementor-element elementor-element-6968baa elementor-widget elementor-widget-text-editor\" data-id=\"6968baa\" data-element_type=\"widget\" data-e-type=\"widget\" data-widget_type=\"text-editor.default\">\n\t\t\t\t<div class=\"elementor-widget-container\">\n\t\t\t\t\t\t\t\t\t<p data-start=\"110\" data-end=\"754\">Die <strong data-start=\"113\" data-end=\"160\">Endlosverbindungen<\/strong> werden in der Werkstatt mittels <strong data-start=\"201\" data-end=\"278\">Verbindungen hergestellt, die ausschlie\u00dflich im Hei\u00dfvulkanisationsverfahren ausgef\u00fchrt werden<\/strong>. Diese Methode erm\u00f6glicht es, die Enden des Bandes dauerhaft zu vereinen und so eine kontinuierliche, widerstandsf\u00e4hige und perfekt integrierte Struktur zu schaffen.<br data-start=\"425\" data-end=\"428\">Die Hei\u00dfvulkanisation garantiert <strong>hohe Zuverl\u00e4ssigkeit<\/strong>, maximale Best\u00e4ndigkeit gegen mechanische Beanspruchungen und eine lange Betriebsdauer, selbst unter schweren Arbeitsbedingungen.<br data-start=\"608\" data-end=\"611\">Dank dieses Verfahrens beh\u00e4lt das Band eine optimale Leistung bei und gew\u00e4hrleistet <strong>Betriebskontinuit\u00e4t<\/strong> sowie die Effizienz der Anlage \u00fcber die Zeit. <\/p>\t\t\t\t\t\t\t\t<\/div>\n\t\t\t\t<\/div>\n\t\t\t\t<\/div>\n\t\t<div class=\"elementor-element elementor-element-678aacf e-con-full e-flex e-con e-child\" data-id=\"678aacf\" data-element_type=\"container\" data-e-type=\"container\" data-settings=\"{&quot;background_background&quot;:&quot;classic&quot;}\">\n\t\t\t\t<\/div>\n\t\t\t\t\t<\/div>\n\t\t\t\t<\/div>\n\t\t<div class=\"elementor-element elementor-element-53d8e1e e-flex e-con-boxed e-con e-parent\" data-id=\"53d8e1e\" data-element_type=\"container\" data-e-type=\"container\" data-settings=\"{&quot;background_background&quot;:&quot;classic&quot;}\">\n\t\t\t\t\t<div class=\"e-con-inner\">\n\t\t\t\t<div class=\"elementor-element elementor-element-f5c3715 elementor-widget elementor-widget-heading\" data-id=\"f5c3715\" data-element_type=\"widget\" data-e-type=\"widget\" data-widget_type=\"heading.default\">\n\t\t\t\t<div class=\"elementor-widget-container\">\n\t\t\t\t\t<h3 class=\"elementor-heading-title elementor-size-default\">CUSTOM BELT<\/h3>\t\t\t\t<\/div>\n\t\t\t\t<\/div>\n\t\t\t\t<div class=\"elementor-element elementor-element-591ec824 elementor-widget__width-initial elementor-widget elementor-widget-text-editor\" data-id=\"591ec824\" data-element_type=\"widget\" data-e-type=\"widget\" data-widget_type=\"text-editor.default\">\n\t\t\t\t<div class=\"elementor-widget-container\">\n\t\t\t\t\t\t\t\t\t<h3><em><strong>F\u00dcR SIE GEFERTIGT<\/strong><\/em><\/h3><p>Ein vollst\u00e4ndig individualisiertes F\u00f6rderband, ma\u00dfgeschneidert f\u00fcr Ihre Anforderungen. Durch die Anbringung von L\u00e4ngs- und Querprofilen k\u00f6nnen wir das Band nach jeder Ihrer technischen Spezifikationen gestalten und garantieren eine einzigartige L\u00f6sung, die perfekt auf die Anforderungen Ihrer Anwendung abgestimmt ist. <\/p>\t\t\t\t\t\t\t\t<\/div>\n\t\t\t\t<\/div>\n\t\t\t\t<div class=\"elementor-element elementor-element-799a5b0f elementor-align-center elementor-widget elementor-widget-button\" data-id=\"799a5b0f\" data-element_type=\"widget\" data-e-type=\"widget\" data-widget_type=\"button.default\">\n\t\t\t\t<div class=\"elementor-widget-container\">\n\t\t\t\t\t\t\t\t\t<div class=\"elementor-button-wrapper\">\n\t\t\t\t\t<a class=\"elementor-button elementor-button-link elementor-size-sm\" href=\"https:\/\/www.barbierispa.com\/categoria-prodotto\/custom-belt\/\">\n\t\t\t\t\t\t<span class=\"elementor-button-content-wrapper\">\n\t\t\t\t\t\t\t\t\t<span class=\"elementor-button-text\">Finden Sie mehr heraus<\/span>\n\t\t\t\t\t<\/span>\n\t\t\t\t\t<\/a>\n\t\t\t\t<\/div>\n\t\t\t\t\t\t\t\t<\/div>\n\t\t\t\t<\/div>\n\t\t\t\t\t<\/div>\n\t\t\t\t<\/div>\n\t\t\t\t<\/div>\n\t\t","protected":false},"excerpt":{"rendered":"<p>Bearbeitung von F\u00f6rderb\u00e4ndern Unsere Werkstatt ist mit modernster Instrumentierung ausgestattet, die es uns erm\u00f6glicht, hochpr\u00e4zise Bearbeitungen an F\u00f6rderb\u00e4ndern jeder Art durchzuf\u00fchren. Mit technologisch fortschrittlichen Maschinen und hochqualifiziertem Personal sind wir in der Lage, komplexe Eingriffe zu realisieren und ein Endergebnis zu garantieren, das den h\u00f6chsten Standards an Qualit\u00e4t und Zuverl\u00e4ssigkeit entspricht. Anbringung von Profilen Dank [&hellip;]<\/p>\n","protected":false},"author":3,"featured_media":0,"parent":5161,"menu_order":0,"comment_status":"closed","ping_status":"closed","template":"","meta":{"_acf_changed":false,"footnotes":""},"class_list":["post-5197","page","type-page","status-publish","hentry"],"acf":[],"yoast_head":"<!-- This site is optimized with the Yoast SEO plugin v27.2 - https:\/\/yoast.com\/product\/yoast-seo-wordpress\/ -->\n<title>Bearbeitungen an Gummif\u00f6rderb\u00e4ndern<\/title>\n<meta name=\"description\" content=\"Hei\u00dfverbindungen, Vulkanisation, Formgebung: professionelle Bearbeitungen, um Effizienz und Langlebigkeit der B\u00e4nder zu gew\u00e4hrleisten.\" \/>\n<meta name=\"robots\" content=\"index, follow, max-snippet:-1, max-image-preview:large, max-video-preview:-1\" \/>\n<link rel=\"canonical\" href=\"https:\/\/www.barbierispa.com\/de\/verarbeitung-und-dienstleistungen\/bearbeitung-von-forderbandern\/\" \/>\n<meta property=\"og:locale\" content=\"de_DE\" \/>\n<meta property=\"og:type\" content=\"article\" \/>\n<meta property=\"og:title\" content=\"Bearbeitungen an Gummif\u00f6rderb\u00e4ndern\" \/>\n<meta property=\"og:description\" content=\"Hei\u00dfverbindungen, Vulkanisation, Formgebung: professionelle Bearbeitungen, um Effizienz und Langlebigkeit der B\u00e4nder zu gew\u00e4hrleisten.\" \/>\n<meta property=\"og:url\" content=\"https:\/\/www.barbierispa.com\/de\/verarbeitung-und-dienstleistungen\/bearbeitung-von-forderbandern\/\" \/>\n<meta property=\"og:site_name\" content=\"Barbieri Spa\" \/>\n<meta property=\"article:modified_time\" content=\"2026-04-16T08:29:00+00:00\" \/>\n<meta name=\"twitter:card\" content=\"summary_large_image\" \/>\n<meta name=\"twitter:label1\" content=\"Gesch\u00e4tzte Lesezeit\" \/>\n\t<meta name=\"twitter:data1\" content=\"3\u00a0Minuten\" \/>\n<script type=\"application\/ld+json\" class=\"yoast-schema-graph\">{\"@context\":\"https:\/\/schema.org\",\"@graph\":[{\"@type\":\"WebPage\",\"@id\":\"https:\/\/www.barbierispa.com\/de\/verarbeitung-und-dienstleistungen\/bearbeitung-von-forderbandern\/\",\"url\":\"https:\/\/www.barbierispa.com\/de\/verarbeitung-und-dienstleistungen\/bearbeitung-von-forderbandern\/\",\"name\":\"Bearbeitungen an Gummif\u00f6rderb\u00e4ndern\",\"isPartOf\":{\"@id\":\"https:\/\/www.barbierispa.com\/de\/#website\"},\"datePublished\":\"2025-03-06T11:43:56+00:00\",\"dateModified\":\"2026-04-16T08:29:00+00:00\",\"description\":\"Hei\u00dfverbindungen, Vulkanisation, Formgebung: professionelle Bearbeitungen, um Effizienz und Langlebigkeit der B\u00e4nder zu gew\u00e4hrleisten.\",\"breadcrumb\":{\"@id\":\"https:\/\/www.barbierispa.com\/de\/verarbeitung-und-dienstleistungen\/bearbeitung-von-forderbandern\/#breadcrumb\"},\"inLanguage\":\"de\",\"potentialAction\":[{\"@type\":\"ReadAction\",\"target\":[\"https:\/\/www.barbierispa.com\/de\/verarbeitung-und-dienstleistungen\/bearbeitung-von-forderbandern\/\"]}]},{\"@type\":\"BreadcrumbList\",\"@id\":\"https:\/\/www.barbierispa.com\/de\/verarbeitung-und-dienstleistungen\/bearbeitung-von-forderbandern\/#breadcrumb\",\"itemListElement\":[{\"@type\":\"ListItem\",\"position\":1,\"name\":\"Home\",\"item\":\"https:\/\/www.barbierispa.com\/de\/home\/\"},{\"@type\":\"ListItem\",\"position\":2,\"name\":\"Verarbeitung und Dienstleistungen\",\"item\":\"https:\/\/www.barbierispa.com\/de\/verarbeitung-und-dienstleistungen\/\"},{\"@type\":\"ListItem\",\"position\":3,\"name\":\"Bearbeitung von F\u00f6rderb\u00e4ndern\"}]},{\"@type\":\"WebSite\",\"@id\":\"https:\/\/www.barbierispa.com\/de\/#website\",\"url\":\"https:\/\/www.barbierispa.com\/de\/\",\"name\":\"Barbieri Spa\",\"description\":\"\",\"publisher\":{\"@id\":\"https:\/\/www.barbierispa.com\/de\/#organization\"},\"potentialAction\":[{\"@type\":\"SearchAction\",\"target\":{\"@type\":\"EntryPoint\",\"urlTemplate\":\"https:\/\/www.barbierispa.com\/de\/?s={search_term_string}\"},\"query-input\":{\"@type\":\"PropertyValueSpecification\",\"valueRequired\":true,\"valueName\":\"search_term_string\"}}],\"inLanguage\":\"de\"},{\"@type\":\"Organization\",\"@id\":\"https:\/\/www.barbierispa.com\/de\/#organization\",\"name\":\"Barbieri Spa\",\"url\":\"https:\/\/www.barbierispa.com\/de\/\",\"logo\":{\"@type\":\"ImageObject\",\"inLanguage\":\"de\",\"@id\":\"https:\/\/www.barbierispa.com\/de\/#\/schema\/logo\/image\/\",\"url\":\"https:\/\/www.barbierispa.com\/wp-content\/uploads\/2025\/01\/barbieri-logo-2x.png\",\"contentUrl\":\"https:\/\/www.barbierispa.com\/wp-content\/uploads\/2025\/01\/barbieri-logo-2x.png\",\"width\":291,\"height\":188,\"caption\":\"Barbieri Spa\"},\"image\":{\"@id\":\"https:\/\/www.barbierispa.com\/de\/#\/schema\/logo\/image\/\"}}]}<\/script>\n<!-- \/ Yoast SEO plugin. -->","yoast_head_json":{"title":"Bearbeitungen an Gummif\u00f6rderb\u00e4ndern","description":"Hei\u00dfverbindungen, Vulkanisation, Formgebung: professionelle Bearbeitungen, um Effizienz und Langlebigkeit der B\u00e4nder zu gew\u00e4hrleisten.","robots":{"index":"index","follow":"follow","max-snippet":"max-snippet:-1","max-image-preview":"max-image-preview:large","max-video-preview":"max-video-preview:-1"},"canonical":"https:\/\/www.barbierispa.com\/de\/verarbeitung-und-dienstleistungen\/bearbeitung-von-forderbandern\/","og_locale":"de_DE","og_type":"article","og_title":"Bearbeitungen an Gummif\u00f6rderb\u00e4ndern","og_description":"Hei\u00dfverbindungen, Vulkanisation, Formgebung: professionelle Bearbeitungen, um Effizienz und Langlebigkeit der B\u00e4nder zu gew\u00e4hrleisten.","og_url":"https:\/\/www.barbierispa.com\/de\/verarbeitung-und-dienstleistungen\/bearbeitung-von-forderbandern\/","og_site_name":"Barbieri Spa","article_modified_time":"2026-04-16T08:29:00+00:00","twitter_card":"summary_large_image","twitter_misc":{"Gesch\u00e4tzte Lesezeit":"3\u00a0Minuten"},"schema":{"@context":"https:\/\/schema.org","@graph":[{"@type":"WebPage","@id":"https:\/\/www.barbierispa.com\/de\/verarbeitung-und-dienstleistungen\/bearbeitung-von-forderbandern\/","url":"https:\/\/www.barbierispa.com\/de\/verarbeitung-und-dienstleistungen\/bearbeitung-von-forderbandern\/","name":"Bearbeitungen an Gummif\u00f6rderb\u00e4ndern","isPartOf":{"@id":"https:\/\/www.barbierispa.com\/de\/#website"},"datePublished":"2025-03-06T11:43:56+00:00","dateModified":"2026-04-16T08:29:00+00:00","description":"Hei\u00dfverbindungen, Vulkanisation, Formgebung: professionelle Bearbeitungen, um Effizienz und Langlebigkeit der B\u00e4nder zu gew\u00e4hrleisten.","breadcrumb":{"@id":"https:\/\/www.barbierispa.com\/de\/verarbeitung-und-dienstleistungen\/bearbeitung-von-forderbandern\/#breadcrumb"},"inLanguage":"de","potentialAction":[{"@type":"ReadAction","target":["https:\/\/www.barbierispa.com\/de\/verarbeitung-und-dienstleistungen\/bearbeitung-von-forderbandern\/"]}]},{"@type":"BreadcrumbList","@id":"https:\/\/www.barbierispa.com\/de\/verarbeitung-und-dienstleistungen\/bearbeitung-von-forderbandern\/#breadcrumb","itemListElement":[{"@type":"ListItem","position":1,"name":"Home","item":"https:\/\/www.barbierispa.com\/de\/home\/"},{"@type":"ListItem","position":2,"name":"Verarbeitung und Dienstleistungen","item":"https:\/\/www.barbierispa.com\/de\/verarbeitung-und-dienstleistungen\/"},{"@type":"ListItem","position":3,"name":"Bearbeitung von F\u00f6rderb\u00e4ndern"}]},{"@type":"WebSite","@id":"https:\/\/www.barbierispa.com\/de\/#website","url":"https:\/\/www.barbierispa.com\/de\/","name":"Barbieri Spa","description":"","publisher":{"@id":"https:\/\/www.barbierispa.com\/de\/#organization"},"potentialAction":[{"@type":"SearchAction","target":{"@type":"EntryPoint","urlTemplate":"https:\/\/www.barbierispa.com\/de\/?s={search_term_string}"},"query-input":{"@type":"PropertyValueSpecification","valueRequired":true,"valueName":"search_term_string"}}],"inLanguage":"de"},{"@type":"Organization","@id":"https:\/\/www.barbierispa.com\/de\/#organization","name":"Barbieri Spa","url":"https:\/\/www.barbierispa.com\/de\/","logo":{"@type":"ImageObject","inLanguage":"de","@id":"https:\/\/www.barbierispa.com\/de\/#\/schema\/logo\/image\/","url":"https:\/\/www.barbierispa.com\/wp-content\/uploads\/2025\/01\/barbieri-logo-2x.png","contentUrl":"https:\/\/www.barbierispa.com\/wp-content\/uploads\/2025\/01\/barbieri-logo-2x.png","width":291,"height":188,"caption":"Barbieri Spa"},"image":{"@id":"https:\/\/www.barbierispa.com\/de\/#\/schema\/logo\/image\/"}}]}},"_links":{"self":[{"href":"https:\/\/www.barbierispa.com\/de\/wp-json\/wp\/v2\/pages\/5197","targetHints":{"allow":["GET"]}}],"collection":[{"href":"https:\/\/www.barbierispa.com\/de\/wp-json\/wp\/v2\/pages"}],"about":[{"href":"https:\/\/www.barbierispa.com\/de\/wp-json\/wp\/v2\/types\/page"}],"author":[{"embeddable":true,"href":"https:\/\/www.barbierispa.com\/de\/wp-json\/wp\/v2\/users\/3"}],"replies":[{"embeddable":true,"href":"https:\/\/www.barbierispa.com\/de\/wp-json\/wp\/v2\/comments?post=5197"}],"version-history":[{"count":1,"href":"https:\/\/www.barbierispa.com\/de\/wp-json\/wp\/v2\/pages\/5197\/revisions"}],"predecessor-version":[{"id":5209,"href":"https:\/\/www.barbierispa.com\/de\/wp-json\/wp\/v2\/pages\/5197\/revisions\/5209"}],"up":[{"embeddable":true,"href":"https:\/\/www.barbierispa.com\/de\/wp-json\/wp\/v2\/pages\/5161"}],"wp:attachment":[{"href":"https:\/\/www.barbierispa.com\/de\/wp-json\/wp\/v2\/media?parent=5197"}],"curies":[{"name":"wp","href":"https:\/\/api.w.org\/{rel}","templated":true}]}}