{"id":5213,"date":"2025-03-06T11:41:21","date_gmt":"2025-03-06T11:41:21","guid":{"rendered":"https:\/\/www.barbierispa.com\/verarbeitung-und-dienstleistungen\/vor-ort-service\/"},"modified":"2026-04-16T08:30:00","modified_gmt":"2026-04-16T08:30:00","slug":"vor-ort-service","status":"publish","type":"page","link":"https:\/\/www.barbierispa.com\/de\/verarbeitung-und-dienstleistungen\/vor-ort-service\/","title":{"rendered":"Vor-Ort-Service"},"content":{"rendered":"\t\t<div data-elementor-type=\"wp-page\" data-elementor-id=\"5213\" class=\"elementor elementor-5213 elementor-784\" data-elementor-post-type=\"page\">\n\t\t\t\t<div class=\"elementor-element elementor-element-c4152c3 e-con-full e-flex e-con e-parent\" data-id=\"c4152c3\" data-element_type=\"container\" data-e-type=\"container\">\n\t\t<div class=\"elementor-element elementor-element-d559e5d e-con-full e-flex e-con e-child\" data-id=\"d559e5d\" data-element_type=\"container\" data-e-type=\"container\" data-settings=\"{&quot;background_background&quot;:&quot;classic&quot;}\">\n\t\t\t\t<\/div>\n\t\t<div class=\"elementor-element elementor-element-a67cc75 e-con-full e-flex e-con e-child\" data-id=\"a67cc75\" data-element_type=\"container\" data-e-type=\"container\" data-settings=\"{&quot;background_background&quot;:&quot;classic&quot;}\">\n\t\t<div class=\"elementor-element elementor-element-0c502e2 e-con-full e-flex e-con e-child\" data-id=\"0c502e2\" data-element_type=\"container\" data-e-type=\"container\">\n\t\t\t\t<div class=\"elementor-element elementor-element-b7faf84 elementor-widget elementor-widget-heading\" data-id=\"b7faf84\" data-element_type=\"widget\" data-e-type=\"widget\" data-widget_type=\"heading.default\">\n\t\t\t\t<div class=\"elementor-widget-container\">\n\t\t\t\t\t<h3 class=\"elementor-heading-title elementor-size-default\">Service vor Ort<\/h3>\t\t\t\t<\/div>\n\t\t\t\t<\/div>\n\t\t\t\t<div class=\"elementor-element elementor-element-e62956b elementor-widget elementor-widget-text-editor\" data-id=\"e62956b\" data-element_type=\"widget\" data-e-type=\"widget\" data-widget_type=\"text-editor.default\">\n\t\t\t\t<div class=\"elementor-widget-container\">\n\t\t\t\t\t\t\t\t\t<p class=\"\" data-start=\"109\" data-end=\"346\">Bei der Firma Barbieri ist die <strong>Kundenbetreuung<\/strong> ein grundlegender Pfeiler unserer Arbeit, da wir davon \u00fcberzeugt sind, dass ein exzellenter <strong>After-Sales-Service<\/strong> unerl\u00e4sslich ist, um die volle Zufriedenheit unserer Kunden zu gew\u00e4hrleisten.<\/p><p class=\"\" data-start=\"348\" data-end=\"755\">Aus diesem Grund bieten wir spezialisierte technische Unterst\u00fctzung mit einem <strong>Vor-Ort-Service<\/strong> an, um jedes Problem im Zusammenhang mit F\u00f6rderb\u00e4ndern direkt im Feld zu l\u00f6sen. Unser Team aus <strong>hochqualifizierten<\/strong> Technikern ist bereit, zeitnah einzugreifen, um den ordnungsgem\u00e4\u00dfen Betrieb der Anlagen zu gew\u00e4hrleisten, Ausfallzeiten zu minimieren und die Produktivit\u00e4t zu optimieren. <\/p>\t\t\t\t\t\t\t\t<\/div>\n\t\t\t\t<\/div>\n\t\t\t\t<\/div>\n\t\t\t\t<\/div>\n\t\t\t\t<\/div>\n\t\t<div class=\"elementor-element elementor-element-19439b9 e-flex e-con-boxed e-con e-parent\" data-id=\"19439b9\" data-element_type=\"container\" data-e-type=\"container\">\n\t\t\t\t\t<div class=\"e-con-inner\">\n\t\t<div class=\"elementor-element elementor-element-8dc96eb e-con-full e-flex e-con e-child\" data-id=\"8dc96eb\" data-element_type=\"container\" data-e-type=\"container\" data-settings=\"{&quot;background_background&quot;:&quot;classic&quot;}\">\n\t\t\t\t<div class=\"elementor-element elementor-element-6968baa elementor-widget elementor-widget-text-editor\" data-id=\"6968baa\" data-element_type=\"widget\" data-e-type=\"widget\" data-widget_type=\"text-editor.default\">\n\t\t\t\t<div class=\"elementor-widget-container\">\n\t\t\t\t\t\t\t\t\t<p class=\"\" data-start=\"53\" data-end=\"345\">Unsere Teams aus <strong data-start=\"75\" data-end=\"108\">hochqualifizierten Technikern<\/strong> mit <strong data-start=\"114\" data-end=\"136\">jahrelanger Erfahrung<\/strong> in der Branche sind in der Lage, alle Anforderungen an <strong data-start=\"203\" data-end=\"236\">Gummif\u00f6rderb\u00e4nder<\/strong> zu erf\u00fcllen und bieten Dienstleistungen wie <strong data-start=\"258\" data-end=\"301\">Installation, Wartung und Verbindung<\/strong> unter Einsatz <strong data-start=\"314\" data-end=\"344\">modernster Technologien<\/strong> an.<\/p><p class=\"\" data-start=\"347\" data-end=\"714\">Jeder Einsatz wird mit h\u00f6chster <strong data-start=\"389\" data-end=\"408\">Professionalit\u00e4t<\/strong> und <strong data-start=\"411\" data-end=\"425\">Pr\u00e4zision<\/strong> durchgef\u00fchrt, was <strong data-start=\"448\" data-end=\"469\">schnelle und dauerhafte<\/strong> L\u00f6sungen garantiert. Bei dringendem Bedarf stehen wir jederzeit f\u00fcr <strong data-start=\"541\" data-end=\"567\">sofortige Besichtigungen<\/strong> vor Ort an den Anlagen zur Verf\u00fcgung und bieten eine <strong data-start=\"602\" data-end=\"631\">individuelle Beratung<\/strong> an, um die Systemleistung zu optimieren und betriebliche St\u00f6rungen zu vermeiden. <\/p><p class=\"\" data-start=\"716\" data-end=\"1022\">Dar\u00fcber hinaus verf\u00fcgen unsere Techniker \u00fcber alle <strong data-start=\"766\" data-end=\"795\">erforderlichen Unterlagen<\/strong>, um <strong data-start=\"809\" data-end=\"828\">H\u00f6henarbeiten<\/strong> und spezialisierte Eins\u00e4tze in v\u00f6lliger <strong data-start=\"867\" data-end=\"880\">Sicherheit<\/strong> und stets unter Einhaltung der <strong data-start=\"908\" data-end=\"929\">geltenden Vorschriften<\/strong> durchzuf\u00fchren. Wir sind bereit, <strong data-start=\"959\" data-end=\"972\">Sicherheit<\/strong> und <strong data-start=\"977\" data-end=\"991\">Effizienz<\/strong> in jeder Phase des Einsatzes zu gew\u00e4hrleisten. <\/p>\t\t\t\t\t\t\t\t<\/div>\n\t\t\t\t<\/div>\n\t\t\t\t<\/div>\n\t\t<div class=\"elementor-element elementor-element-678aacf e-con-full e-flex e-con e-child\" data-id=\"678aacf\" data-element_type=\"container\" data-e-type=\"container\" data-settings=\"{&quot;background_background&quot;:&quot;classic&quot;}\">\n\t\t\t\t<\/div>\n\t\t\t\t\t<\/div>\n\t\t\t\t<\/div>\n\t\t<div class=\"elementor-element elementor-element-845a798 e-flex e-con-boxed e-con e-parent\" data-id=\"845a798\" data-element_type=\"container\" data-e-type=\"container\">\n\t\t\t\t\t<div class=\"e-con-inner\">\n\t\t<div class=\"elementor-element elementor-element-8788fdd e-con-full e-flex e-con e-child\" data-id=\"8788fdd\" data-element_type=\"container\" data-e-type=\"container\" data-settings=\"{&quot;background_background&quot;:&quot;classic&quot;}\">\n\t\t\t\t<\/div>\n\t\t<div class=\"elementor-element elementor-element-4e9dd69 e-con-full e-flex e-con e-child\" data-id=\"4e9dd69\" data-element_type=\"container\" data-e-type=\"container\" data-settings=\"{&quot;background_background&quot;:&quot;classic&quot;}\">\n\t\t\t\t<div class=\"elementor-element elementor-element-dbf9871 elementor-widget elementor-widget-text-editor\" data-id=\"dbf9871\" data-element_type=\"widget\" data-e-type=\"widget\" data-widget_type=\"text-editor.default\">\n\t\t\t\t<div class=\"elementor-widget-container\">\n\t\t\t\t\t\t\t\t\t<p>Um die Anforderungen unserer Kunden bestm\u00f6glich zu erf\u00fcllen, verf\u00fcgt das Unternehmen Barbieri \u00fcber <strong>eigene Fahrzeuge<\/strong>, um schnelle und p\u00fcnktliche Lieferungen von B\u00e4ndern und dringenden Artikeln ohne Zeitkompromisse durchzuf\u00fchren. Unser effizientes Logistiknetzwerk erm\u00f6glicht es uns, jede Art von Anfrage zeitnah zu bearbeiten und dabei stets maximale Zuverl\u00e4ssigkeit und Pr\u00e4zision zu gew\u00e4hrleisten. <\/p><p>Bei Barbieri endet die Kundenbetreuung nicht mit dem Verkauf, sondern setzt sich mit einem hochwertigen After-Sales-Service fort, der darauf abzielt, Ihre Anlagen stets betriebsbereit und in perfektem Zustand zu halten.<\/p>\t\t\t\t\t\t\t\t<\/div>\n\t\t\t\t<\/div>\n\t\t\t\t<\/div>\n\t\t\t\t\t<\/div>\n\t\t\t\t<\/div>\n\t\t<div class=\"elementor-element elementor-element-5806e242 e-flex e-con-boxed e-con e-parent\" data-id=\"5806e242\" data-element_type=\"container\" data-e-type=\"container\" data-settings=\"{&quot;background_background&quot;:&quot;classic&quot;}\">\n\t\t\t\t\t<div class=\"e-con-inner\">\n\t\t\t\t<div class=\"elementor-element elementor-element-6803972c elementor-widget elementor-widget-heading\" data-id=\"6803972c\" data-element_type=\"widget\" data-e-type=\"widget\" data-widget_type=\"heading.default\">\n\t\t\t\t<div class=\"elementor-widget-container\">\n\t\t\t\t\t<h3 class=\"elementor-heading-title elementor-size-default\">CUSTOM BELT<\/h3>\t\t\t\t<\/div>\n\t\t\t\t<\/div>\n\t\t\t\t<div class=\"elementor-element elementor-element-28864a0d elementor-widget__width-initial elementor-widget elementor-widget-text-editor\" data-id=\"28864a0d\" data-element_type=\"widget\" data-e-type=\"widget\" data-widget_type=\"text-editor.default\">\n\t\t\t\t<div class=\"elementor-widget-container\">\n\t\t\t\t\t\t\t\t\t<h3><em><strong>F\u00dcR SIE GEFERTIGT<\/strong><\/em><\/h3><p>Ein vollst\u00e4ndig individualisiertes F\u00f6rderband, ma\u00dfgeschneidert f\u00fcr Ihre Anforderungen. Durch die Anbringung von L\u00e4ngs- und Querprofilen k\u00f6nnen wir das Band nach jeder Ihrer technischen Spezifikationen gestalten und garantieren eine einzigartige L\u00f6sung, die perfekt auf die Anforderungen Ihrer Anwendung abgestimmt ist. <\/p>\t\t\t\t\t\t\t\t<\/div>\n\t\t\t\t<\/div>\n\t\t\t\t<div class=\"elementor-element elementor-element-8cb4aa9 elementor-align-center elementor-widget elementor-widget-button\" data-id=\"8cb4aa9\" data-element_type=\"widget\" data-e-type=\"widget\" data-widget_type=\"button.default\">\n\t\t\t\t<div class=\"elementor-widget-container\">\n\t\t\t\t\t\t\t\t\t<div class=\"elementor-button-wrapper\">\n\t\t\t\t\t<a class=\"elementor-button elementor-button-link elementor-size-sm\" href=\"https:\/\/www.barbierispa.com\/categoria-prodotto\/custom-belt\/\">\n\t\t\t\t\t\t<span class=\"elementor-button-content-wrapper\">\n\t\t\t\t\t\t\t\t\t<span class=\"elementor-button-text\">Finden Sie mehr heraus<\/span>\n\t\t\t\t\t<\/span>\n\t\t\t\t\t<\/a>\n\t\t\t\t<\/div>\n\t\t\t\t\t\t\t\t<\/div>\n\t\t\t\t<\/div>\n\t\t\t\t\t<\/div>\n\t\t\t\t<\/div>\n\t\t\t\t<\/div>\n\t\t","protected":false},"excerpt":{"rendered":"<p>Service vor Ort Bei der Firma Barbieri ist die Kundenbetreuung ein grundlegender Pfeiler unserer Arbeit, da wir davon \u00fcberzeugt sind, dass ein exzellenter After-Sales-Service unerl\u00e4sslich ist, um die volle Zufriedenheit unserer Kunden zu gew\u00e4hrleisten. Aus diesem Grund bieten wir spezialisierte technische Unterst\u00fctzung mit einem Vor-Ort-Service an, um jedes Problem im Zusammenhang mit F\u00f6rderb\u00e4ndern direkt im [&hellip;]<\/p>\n","protected":false},"author":3,"featured_media":5155,"parent":5161,"menu_order":0,"comment_status":"closed","ping_status":"closed","template":"","meta":{"_acf_changed":false,"footnotes":""},"class_list":["post-5213","page","type-page","status-publish","has-post-thumbnail","hentry"],"acf":[],"yoast_head":"<!-- This site is optimized with the Yoast SEO plugin v27.2 - https:\/\/yoast.com\/product\/yoast-seo-wordpress\/ -->\n<title>Vor-Ort-Service f\u00fcr B\u00e4nder und Anlagen<\/title>\n<meta name=\"description\" content=\"Schnelle und spezialisierte Eins\u00e4tze direkt beim Kunden vor Ort. Vertrauen Sie auf die technische Erfahrung von Barbieri.\" \/>\n<meta name=\"robots\" content=\"index, follow, max-snippet:-1, max-image-preview:large, max-video-preview:-1\" \/>\n<link rel=\"canonical\" href=\"https:\/\/www.barbierispa.com\/de\/verarbeitung-und-dienstleistungen\/vor-ort-service\/\" \/>\n<meta property=\"og:locale\" content=\"de_DE\" \/>\n<meta property=\"og:type\" content=\"article\" \/>\n<meta property=\"og:title\" content=\"Vor-Ort-Service f\u00fcr B\u00e4nder und Anlagen\" \/>\n<meta property=\"og:description\" content=\"Schnelle und spezialisierte Eins\u00e4tze direkt beim Kunden vor Ort. Vertrauen Sie auf die technische Erfahrung von Barbieri.\" \/>\n<meta property=\"og:url\" content=\"https:\/\/www.barbierispa.com\/de\/verarbeitung-und-dienstleistungen\/vor-ort-service\/\" \/>\n<meta property=\"og:site_name\" content=\"Barbieri Spa\" \/>\n<meta property=\"article:modified_time\" content=\"2026-04-16T08:30:00+00:00\" \/>\n<meta property=\"og:image\" content=\"https:\/\/www.barbierispa.com\/wp-content\/uploads\/2025\/03\/Barbieri-trasporti-e-servizio-scaled.jpg\" \/>\n\t<meta property=\"og:image:width\" content=\"2560\" \/>\n\t<meta property=\"og:image:height\" content=\"1707\" \/>\n\t<meta property=\"og:image:type\" content=\"image\/jpeg\" \/>\n<meta name=\"twitter:card\" content=\"summary_large_image\" \/>\n<meta name=\"twitter:label1\" content=\"Gesch\u00e4tzte Lesezeit\" \/>\n\t<meta name=\"twitter:data1\" content=\"2\u00a0Minuten\" \/>\n<script type=\"application\/ld+json\" class=\"yoast-schema-graph\">{\"@context\":\"https:\/\/schema.org\",\"@graph\":[{\"@type\":\"WebPage\",\"@id\":\"https:\/\/www.barbierispa.com\/de\/verarbeitung-und-dienstleistungen\/vor-ort-service\/\",\"url\":\"https:\/\/www.barbierispa.com\/de\/verarbeitung-und-dienstleistungen\/vor-ort-service\/\",\"name\":\"Vor-Ort-Service f\u00fcr B\u00e4nder und Anlagen\",\"isPartOf\":{\"@id\":\"https:\/\/www.barbierispa.com\/de\/#website\"},\"primaryImageOfPage\":{\"@id\":\"https:\/\/www.barbierispa.com\/de\/verarbeitung-und-dienstleistungen\/vor-ort-service\/#primaryimage\"},\"image\":{\"@id\":\"https:\/\/www.barbierispa.com\/de\/verarbeitung-und-dienstleistungen\/vor-ort-service\/#primaryimage\"},\"thumbnailUrl\":\"https:\/\/www.barbierispa.com\/wp-content\/uploads\/2025\/03\/Barbieri-trasporti-e-servizio-scaled.jpg\",\"datePublished\":\"2025-03-06T11:41:21+00:00\",\"dateModified\":\"2026-04-16T08:30:00+00:00\",\"description\":\"Schnelle und spezialisierte Eins\u00e4tze direkt beim Kunden vor Ort. Vertrauen Sie auf die technische Erfahrung von Barbieri.\",\"breadcrumb\":{\"@id\":\"https:\/\/www.barbierispa.com\/de\/verarbeitung-und-dienstleistungen\/vor-ort-service\/#breadcrumb\"},\"inLanguage\":\"de\",\"potentialAction\":[{\"@type\":\"ReadAction\",\"target\":[\"https:\/\/www.barbierispa.com\/de\/verarbeitung-und-dienstleistungen\/vor-ort-service\/\"]}]},{\"@type\":\"ImageObject\",\"inLanguage\":\"de\",\"@id\":\"https:\/\/www.barbierispa.com\/de\/verarbeitung-und-dienstleistungen\/vor-ort-service\/#primaryimage\",\"url\":\"https:\/\/www.barbierispa.com\/wp-content\/uploads\/2025\/03\/Barbieri-trasporti-e-servizio-scaled.jpg\",\"contentUrl\":\"https:\/\/www.barbierispa.com\/wp-content\/uploads\/2025\/03\/Barbieri-trasporti-e-servizio-scaled.jpg\",\"width\":2560,\"height\":1707},{\"@type\":\"BreadcrumbList\",\"@id\":\"https:\/\/www.barbierispa.com\/de\/verarbeitung-und-dienstleistungen\/vor-ort-service\/#breadcrumb\",\"itemListElement\":[{\"@type\":\"ListItem\",\"position\":1,\"name\":\"Home\",\"item\":\"https:\/\/www.barbierispa.com\/de\/home\/\"},{\"@type\":\"ListItem\",\"position\":2,\"name\":\"Verarbeitung und Dienstleistungen\",\"item\":\"https:\/\/www.barbierispa.com\/de\/verarbeitung-und-dienstleistungen\/\"},{\"@type\":\"ListItem\",\"position\":3,\"name\":\"Vor-Ort-Service\"}]},{\"@type\":\"WebSite\",\"@id\":\"https:\/\/www.barbierispa.com\/de\/#website\",\"url\":\"https:\/\/www.barbierispa.com\/de\/\",\"name\":\"Barbieri Spa\",\"description\":\"\",\"publisher\":{\"@id\":\"https:\/\/www.barbierispa.com\/de\/#organization\"},\"potentialAction\":[{\"@type\":\"SearchAction\",\"target\":{\"@type\":\"EntryPoint\",\"urlTemplate\":\"https:\/\/www.barbierispa.com\/de\/?s={search_term_string}\"},\"query-input\":{\"@type\":\"PropertyValueSpecification\",\"valueRequired\":true,\"valueName\":\"search_term_string\"}}],\"inLanguage\":\"de\"},{\"@type\":\"Organization\",\"@id\":\"https:\/\/www.barbierispa.com\/de\/#organization\",\"name\":\"Barbieri Spa\",\"url\":\"https:\/\/www.barbierispa.com\/de\/\",\"logo\":{\"@type\":\"ImageObject\",\"inLanguage\":\"de\",\"@id\":\"https:\/\/www.barbierispa.com\/de\/#\/schema\/logo\/image\/\",\"url\":\"https:\/\/www.barbierispa.com\/wp-content\/uploads\/2025\/01\/barbieri-logo-2x.png\",\"contentUrl\":\"https:\/\/www.barbierispa.com\/wp-content\/uploads\/2025\/01\/barbieri-logo-2x.png\",\"width\":291,\"height\":188,\"caption\":\"Barbieri Spa\"},\"image\":{\"@id\":\"https:\/\/www.barbierispa.com\/de\/#\/schema\/logo\/image\/\"}}]}<\/script>\n<!-- \/ Yoast SEO plugin. -->","yoast_head_json":{"title":"Vor-Ort-Service f\u00fcr B\u00e4nder und Anlagen","description":"Schnelle und spezialisierte Eins\u00e4tze direkt beim Kunden vor Ort. Vertrauen Sie auf die technische Erfahrung von Barbieri.","robots":{"index":"index","follow":"follow","max-snippet":"max-snippet:-1","max-image-preview":"max-image-preview:large","max-video-preview":"max-video-preview:-1"},"canonical":"https:\/\/www.barbierispa.com\/de\/verarbeitung-und-dienstleistungen\/vor-ort-service\/","og_locale":"de_DE","og_type":"article","og_title":"Vor-Ort-Service f\u00fcr B\u00e4nder und Anlagen","og_description":"Schnelle und spezialisierte Eins\u00e4tze direkt beim Kunden vor Ort. Vertrauen Sie auf die technische Erfahrung von Barbieri.","og_url":"https:\/\/www.barbierispa.com\/de\/verarbeitung-und-dienstleistungen\/vor-ort-service\/","og_site_name":"Barbieri Spa","article_modified_time":"2026-04-16T08:30:00+00:00","og_image":[{"width":2560,"height":1707,"url":"https:\/\/www.barbierispa.com\/wp-content\/uploads\/2025\/03\/Barbieri-trasporti-e-servizio-scaled.jpg","type":"image\/jpeg"}],"twitter_card":"summary_large_image","twitter_misc":{"Gesch\u00e4tzte Lesezeit":"2\u00a0Minuten"},"schema":{"@context":"https:\/\/schema.org","@graph":[{"@type":"WebPage","@id":"https:\/\/www.barbierispa.com\/de\/verarbeitung-und-dienstleistungen\/vor-ort-service\/","url":"https:\/\/www.barbierispa.com\/de\/verarbeitung-und-dienstleistungen\/vor-ort-service\/","name":"Vor-Ort-Service f\u00fcr B\u00e4nder und Anlagen","isPartOf":{"@id":"https:\/\/www.barbierispa.com\/de\/#website"},"primaryImageOfPage":{"@id":"https:\/\/www.barbierispa.com\/de\/verarbeitung-und-dienstleistungen\/vor-ort-service\/#primaryimage"},"image":{"@id":"https:\/\/www.barbierispa.com\/de\/verarbeitung-und-dienstleistungen\/vor-ort-service\/#primaryimage"},"thumbnailUrl":"https:\/\/www.barbierispa.com\/wp-content\/uploads\/2025\/03\/Barbieri-trasporti-e-servizio-scaled.jpg","datePublished":"2025-03-06T11:41:21+00:00","dateModified":"2026-04-16T08:30:00+00:00","description":"Schnelle und spezialisierte Eins\u00e4tze direkt beim Kunden vor Ort. Vertrauen Sie auf die technische Erfahrung von Barbieri.","breadcrumb":{"@id":"https:\/\/www.barbierispa.com\/de\/verarbeitung-und-dienstleistungen\/vor-ort-service\/#breadcrumb"},"inLanguage":"de","potentialAction":[{"@type":"ReadAction","target":["https:\/\/www.barbierispa.com\/de\/verarbeitung-und-dienstleistungen\/vor-ort-service\/"]}]},{"@type":"ImageObject","inLanguage":"de","@id":"https:\/\/www.barbierispa.com\/de\/verarbeitung-und-dienstleistungen\/vor-ort-service\/#primaryimage","url":"https:\/\/www.barbierispa.com\/wp-content\/uploads\/2025\/03\/Barbieri-trasporti-e-servizio-scaled.jpg","contentUrl":"https:\/\/www.barbierispa.com\/wp-content\/uploads\/2025\/03\/Barbieri-trasporti-e-servizio-scaled.jpg","width":2560,"height":1707},{"@type":"BreadcrumbList","@id":"https:\/\/www.barbierispa.com\/de\/verarbeitung-und-dienstleistungen\/vor-ort-service\/#breadcrumb","itemListElement":[{"@type":"ListItem","position":1,"name":"Home","item":"https:\/\/www.barbierispa.com\/de\/home\/"},{"@type":"ListItem","position":2,"name":"Verarbeitung und Dienstleistungen","item":"https:\/\/www.barbierispa.com\/de\/verarbeitung-und-dienstleistungen\/"},{"@type":"ListItem","position":3,"name":"Vor-Ort-Service"}]},{"@type":"WebSite","@id":"https:\/\/www.barbierispa.com\/de\/#website","url":"https:\/\/www.barbierispa.com\/de\/","name":"Barbieri Spa","description":"","publisher":{"@id":"https:\/\/www.barbierispa.com\/de\/#organization"},"potentialAction":[{"@type":"SearchAction","target":{"@type":"EntryPoint","urlTemplate":"https:\/\/www.barbierispa.com\/de\/?s={search_term_string}"},"query-input":{"@type":"PropertyValueSpecification","valueRequired":true,"valueName":"search_term_string"}}],"inLanguage":"de"},{"@type":"Organization","@id":"https:\/\/www.barbierispa.com\/de\/#organization","name":"Barbieri Spa","url":"https:\/\/www.barbierispa.com\/de\/","logo":{"@type":"ImageObject","inLanguage":"de","@id":"https:\/\/www.barbierispa.com\/de\/#\/schema\/logo\/image\/","url":"https:\/\/www.barbierispa.com\/wp-content\/uploads\/2025\/01\/barbieri-logo-2x.png","contentUrl":"https:\/\/www.barbierispa.com\/wp-content\/uploads\/2025\/01\/barbieri-logo-2x.png","width":291,"height":188,"caption":"Barbieri Spa"},"image":{"@id":"https:\/\/www.barbierispa.com\/de\/#\/schema\/logo\/image\/"}}]}},"_links":{"self":[{"href":"https:\/\/www.barbierispa.com\/de\/wp-json\/wp\/v2\/pages\/5213","targetHints":{"allow":["GET"]}}],"collection":[{"href":"https:\/\/www.barbierispa.com\/de\/wp-json\/wp\/v2\/pages"}],"about":[{"href":"https:\/\/www.barbierispa.com\/de\/wp-json\/wp\/v2\/types\/page"}],"author":[{"embeddable":true,"href":"https:\/\/www.barbierispa.com\/de\/wp-json\/wp\/v2\/users\/3"}],"replies":[{"embeddable":true,"href":"https:\/\/www.barbierispa.com\/de\/wp-json\/wp\/v2\/comments?post=5213"}],"version-history":[{"count":1,"href":"https:\/\/www.barbierispa.com\/de\/wp-json\/wp\/v2\/pages\/5213\/revisions"}],"predecessor-version":[{"id":5214,"href":"https:\/\/www.barbierispa.com\/de\/wp-json\/wp\/v2\/pages\/5213\/revisions\/5214"}],"up":[{"embeddable":true,"href":"https:\/\/www.barbierispa.com\/de\/wp-json\/wp\/v2\/pages\/5161"}],"wp:featuredmedia":[{"embeddable":true,"href":"https:\/\/www.barbierispa.com\/de\/wp-json\/wp\/v2\/media\/5155"}],"wp:attachment":[{"href":"https:\/\/www.barbierispa.com\/de\/wp-json\/wp\/v2\/media?parent=5213"}],"curies":[{"name":"wp","href":"https:\/\/api.w.org\/{rel}","templated":true}]}}