{"id":5217,"date":"2025-03-06T11:36:30","date_gmt":"2025-03-06T11:36:30","guid":{"rendered":"https:\/\/www.barbierispa.com\/verarbeitung-und-dienstleistungen\/qualitatskontrolle\/"},"modified":"2026-04-16T08:31:57","modified_gmt":"2026-04-16T08:31:57","slug":"qualitatskontrolle","status":"publish","type":"page","link":"https:\/\/www.barbierispa.com\/de\/verarbeitung-und-dienstleistungen\/qualitatskontrolle\/","title":{"rendered":"Qualit\u00e4tskontrolle"},"content":{"rendered":"\t\t<div data-elementor-type=\"wp-page\" data-elementor-id=\"5217\" class=\"elementor elementor-5217 elementor-779\" data-elementor-post-type=\"page\">\n\t\t\t\t<div class=\"elementor-element elementor-element-c4152c3 e-con-full e-flex e-con e-parent\" data-id=\"c4152c3\" data-element_type=\"container\" data-e-type=\"container\">\n\t\t<div class=\"elementor-element elementor-element-d559e5d e-con-full e-flex e-con e-child\" data-id=\"d559e5d\" data-element_type=\"container\" data-e-type=\"container\" data-settings=\"{&quot;background_background&quot;:&quot;classic&quot;}\">\n\t\t\t\t<\/div>\n\t\t<div class=\"elementor-element elementor-element-a67cc75 e-con-full e-flex e-con e-child\" data-id=\"a67cc75\" data-element_type=\"container\" data-e-type=\"container\" data-settings=\"{&quot;background_background&quot;:&quot;classic&quot;}\">\n\t\t<div class=\"elementor-element elementor-element-0c502e2 e-con-full e-flex e-con e-child\" data-id=\"0c502e2\" data-element_type=\"container\" data-e-type=\"container\">\n\t\t\t\t<div class=\"elementor-element elementor-element-b7faf84 elementor-widget elementor-widget-heading\" data-id=\"b7faf84\" data-element_type=\"widget\" data-e-type=\"widget\" data-widget_type=\"heading.default\">\n\t\t\t\t<div class=\"elementor-widget-container\">\n\t\t\t\t\t<h1 class=\"elementor-heading-title elementor-size-default\">Qualit\u00e4tskontrolle<\/h1>\t\t\t\t<\/div>\n\t\t\t\t<\/div>\n\t\t\t\t<div class=\"elementor-element elementor-element-e62956b elementor-widget elementor-widget-text-editor\" data-id=\"e62956b\" data-element_type=\"widget\" data-e-type=\"widget\" data-widget_type=\"text-editor.default\">\n\t\t\t\t<div class=\"elementor-widget-container\">\n\t\t\t\t\t\t\t\t\t<p>Wir sind stolz auf unsere Arbeit und setzen uns kontinuierlich daf\u00fcr ein, dass unsere Kunden stets mit den von uns angebotenen Produkten zufrieden sind. Dank <strong>strenger und kontinuierlicher Qualit\u00e4tskontrollen<\/strong> in allen Produktionsphasen hat das Unternehmen Barbieri die Qualit\u00e4tszertifizierung <strong>UNI EN ISO 9001:2015<\/strong> erhalten, ein Meilenstein, der unser Engagement f\u00fcr kontinuierliche Verbesserung und stetige Weiterentwicklung zur Optimierung der Prozesse best\u00e4tigt, stets mit dem Ziel, die Anforderungen unserer Kunden bestm\u00f6glich zu erf\u00fcllen. <\/p><p><strong>Verbesserung<\/strong> ist die treibende Kraft, die das Unternehmen Barbieri dazu bewegt, seine integrierte Politik f\u00fcr Qualit\u00e4t und Sicherheit kontinuierlich zu perfektionieren und zu verfeinern, mit dem Ziel, immer h\u00f6here Standards zu erreichen. <\/p>\t\t\t\t\t\t\t\t<\/div>\n\t\t\t\t<\/div>\n\t\t\t\t<\/div>\n\t\t\t\t<\/div>\n\t\t\t\t<\/div>\n\t\t<div class=\"elementor-element elementor-element-19439b9 e-flex e-con-boxed e-con e-parent\" data-id=\"19439b9\" data-element_type=\"container\" data-e-type=\"container\">\n\t\t\t\t\t<div class=\"e-con-inner\">\n\t\t<div class=\"elementor-element elementor-element-8dc96eb e-con-full e-flex e-con e-child\" data-id=\"8dc96eb\" data-element_type=\"container\" data-e-type=\"container\" data-settings=\"{&quot;background_background&quot;:&quot;classic&quot;}\">\n\t\t\t\t<div class=\"elementor-element elementor-element-ce28de6 elementor-widget elementor-widget-heading\" data-id=\"ce28de6\" data-element_type=\"widget\" data-e-type=\"widget\" data-widget_type=\"heading.default\">\n\t\t\t\t<div class=\"elementor-widget-container\">\n\t\t\t\t\t<h2 class=\"elementor-heading-title elementor-size-default\">LABOR<\/h2>\t\t\t\t<\/div>\n\t\t\t\t<\/div>\n\t\t\t\t<div class=\"elementor-element elementor-element-6968baa elementor-widget elementor-widget-text-editor\" data-id=\"6968baa\" data-element_type=\"widget\" data-e-type=\"widget\" data-widget_type=\"text-editor.default\">\n\t\t\t\t<div class=\"elementor-widget-container\">\n\t\t\t\t\t\t\t\t\t<p>In unserem technischen Labor f\u00fchren wir t\u00e4glich umfassende und spezifische Tests durch, um sicherzustellen, dass jedes Produkt die geltenden Vorschriften vollst\u00e4ndig erf\u00fcllt und den h\u00f6chsten Qualit\u00e4tsstandards entspricht. Dank modernster Instrumente und der Kompetenz unseres Teams spezialisierter Techniker sind wir in der Lage, Materialien und Prozesse w\u00e4hrend aller Produktionsphasen kontinuierlich zu \u00fcberwachen. Dieser Ansatz erm\u00f6glicht es uns sicherzustellen, dass jedes Endprodukt optimale Leistung, Sicherheit und Zuverl\u00e4ssigkeit bietet und den Anforderungen und Erwartungen unserer Kunden entspricht.  <\/p>\t\t\t\t\t\t\t\t<\/div>\n\t\t\t\t<\/div>\n\t\t\t\t<\/div>\n\t\t<div class=\"elementor-element elementor-element-678aacf e-con-full e-flex e-con e-child\" data-id=\"678aacf\" data-element_type=\"container\" data-e-type=\"container\" data-settings=\"{&quot;background_background&quot;:&quot;classic&quot;}\">\n\t\t\t\t<\/div>\n\t\t\t\t\t<\/div>\n\t\t\t\t<\/div>\n\t\t<div class=\"elementor-element elementor-element-845a798 e-flex e-con-boxed e-con e-parent\" data-id=\"845a798\" data-element_type=\"container\" data-e-type=\"container\">\n\t\t\t\t\t<div class=\"e-con-inner\">\n\t\t<div class=\"elementor-element elementor-element-8788fdd e-con-full e-flex e-con e-child\" data-id=\"8788fdd\" data-element_type=\"container\" data-e-type=\"container\" data-settings=\"{&quot;background_background&quot;:&quot;classic&quot;}\">\n\t\t\t\t<\/div>\n\t\t<div class=\"elementor-element elementor-element-4e9dd69 e-con-full e-flex e-con e-child\" data-id=\"4e9dd69\" data-element_type=\"container\" data-e-type=\"container\" data-settings=\"{&quot;background_background&quot;:&quot;classic&quot;}\">\n\t\t\t\t<div class=\"elementor-element elementor-element-cfba512 elementor-widget elementor-widget-heading\" data-id=\"cfba512\" data-element_type=\"widget\" data-e-type=\"widget\" data-widget_type=\"heading.default\">\n\t\t\t\t<div class=\"elementor-widget-container\">\n\t\t\t\t\t<h3 class=\"elementor-heading-title elementor-size-default\">KENNZEICHNUNG DER B\u00c4NDER<\/h3>\t\t\t\t<\/div>\n\t\t\t\t<\/div>\n\t\t\t\t<div class=\"elementor-element elementor-element-dbf9871 elementor-widget elementor-widget-text-editor\" data-id=\"dbf9871\" data-element_type=\"widget\" data-e-type=\"widget\" data-widget_type=\"text-editor.default\">\n\t\t\t\t<div class=\"elementor-widget-container\">\n\t\t\t\t\t\t\t\t\t<p>Die Kennzeichnung der F\u00f6rderb\u00e4nder ist ein grundlegender Prozess, der sicherstellt, dass jedes vom Unternehmen gelieferte Produkt den spezifischen Qualit\u00e4ts- und Leistungsmerkmalen entspricht. Jedes produzierte F\u00f6rderband wird mit einem Handelsnamen gekennzeichnet, der seine Authentizit\u00e4t garantiert und seine technischen und leistungsbezogenen Eigenschaften zertifiziert. <\/p><p>Das Vorhandensein einer charakteristischen Kennzeichnung auf jedem Band ist eine Verpflichtung des Unternehmens, Transparenz und R\u00fcckverfolgbarkeit zu gew\u00e4hrleisten, sodass Kunden die Gewissheit haben, dass das erworbene Produkt alle zugesicherten Eigenschaften hinsichtlich Leistung, Haltbarkeit und Widerstandsf\u00e4higkeit erf\u00fcllt.<\/p><p>Im Wesentlichen ist die Kennzeichnung nicht nur ein Identifikationselement, sondern auch eine Qualit\u00e4tserkl\u00e4rung, die sicherstellt, dass jedes F\u00f6rderband den technischen Standards und den vom Kunden geforderten Spezifikationen vollst\u00e4ndig entspricht, um einen sicheren und zuverl\u00e4ssigen Einsatz in jeder Industrieanlage zu gew\u00e4hrleisten.<\/p>\t\t\t\t\t\t\t\t<\/div>\n\t\t\t\t<\/div>\n\t\t\t\t<\/div>\n\t\t\t\t\t<\/div>\n\t\t\t\t<\/div>\n\t\t<div class=\"elementor-element elementor-element-1261903 e-flex e-con-boxed e-con e-parent\" data-id=\"1261903\" data-element_type=\"container\" data-e-type=\"container\">\n\t\t\t\t\t<div class=\"e-con-inner\">\n\t\t<div class=\"elementor-element elementor-element-da97e8c e-con-full e-flex e-con e-child\" data-id=\"da97e8c\" data-element_type=\"container\" data-e-type=\"container\" data-settings=\"{&quot;background_background&quot;:&quot;classic&quot;}\">\n\t\t\t\t<div class=\"elementor-element elementor-element-d0f31e3 elementor-widget elementor-widget-heading\" data-id=\"d0f31e3\" data-element_type=\"widget\" data-e-type=\"widget\" data-widget_type=\"heading.default\">\n\t\t\t\t<div class=\"elementor-widget-container\">\n\t\t\t\t\t<h2 class=\"elementor-heading-title elementor-size-default\">R\u00dcCKVERFOLGBARKEIT DES PRODUKTS<\/h2>\t\t\t\t<\/div>\n\t\t\t\t<\/div>\n\t\t\t\t<div class=\"elementor-element elementor-element-ab5d314 elementor-widget elementor-widget-text-editor\" data-id=\"ab5d314\" data-element_type=\"widget\" data-e-type=\"widget\" data-widget_type=\"text-editor.default\">\n\t\t\t\t<div class=\"elementor-widget-container\">\n\t\t\t\t\t\t\t\t\t<p>Der Seriencode, der auf jedem Produkt angebracht wird, sowohl im Lager als auch bei verkauften Artikeln, stellt ein grundlegendes Instrument f\u00fcr die R\u00fcckverfolgbarkeit und das Qualit\u00e4tsmanagement des Produkts dar. Jeder Artikel wird mit einem eindeutigen Code versehen, der es erm\u00f6glicht, problemlos auf die Mutterrolle zur\u00fcckzuverfolgen, von der er stammt. Im Falle von Problemen mit einem Bandabschnitt erm\u00f6glicht der Seriencode die schnelle Identifizierung der Materialherkunft und erleichtert die Untersuchung und Behebung eventueller M\u00e4ngel oder Anomalien.  <\/p><p>Dar\u00fcber hinaus enth\u00e4lt der Seriencode wichtige Informationen zu den technischen Eigenschaften des Bandes, wie Materialzusammensetzung, Widerstandsspezifikationen, Abmessungen und alle anderen relevanten Eigenschaften f\u00fcr den ordnungsgem\u00e4\u00dfen Betrieb im industriellen Kontext. Dank dieses Codes k\u00f6nnen alle Eigenschaften des verwendeten Produkts schnell \u00fcberpr\u00fcft werden, wodurch sichergestellt wird, dass das Band den Qualit\u00e4tsstandards und den spezifischen Anforderungen des Kunden entspricht. <\/p><p>Diese R\u00fcckverfolgbarkeitspraxis verbessert nicht nur die Produktverwaltung, sondern gew\u00e4hrleistet auch gr\u00f6\u00dfere Transparenz und Zuverl\u00e4ssigkeit und gibt Kunden und Lieferanten die Gewissheit, dass jedes F\u00f6rderband streng hergestellt und \u00fcberwacht wurde, f\u00fcr einen stets sicheren und personalisierten Service.<\/p>\t\t\t\t\t\t\t\t<\/div>\n\t\t\t\t<\/div>\n\t\t\t\t<\/div>\n\t\t<div class=\"elementor-element elementor-element-c4d1977 e-con-full e-flex e-con e-child\" data-id=\"c4d1977\" data-element_type=\"container\" data-e-type=\"container\" data-settings=\"{&quot;background_background&quot;:&quot;classic&quot;}\">\n\t\t\t\t<\/div>\n\t\t\t\t\t<\/div>\n\t\t\t\t<\/div>\n\t\t<div class=\"elementor-element elementor-element-7171284f e-flex e-con-boxed e-con e-parent\" data-id=\"7171284f\" data-element_type=\"container\" data-e-type=\"container\" data-settings=\"{&quot;background_background&quot;:&quot;classic&quot;}\">\n\t\t\t\t\t<div class=\"e-con-inner\">\n\t\t\t\t<div class=\"elementor-element elementor-element-32e4824b elementor-widget elementor-widget-heading\" data-id=\"32e4824b\" data-element_type=\"widget\" data-e-type=\"widget\" data-widget_type=\"heading.default\">\n\t\t\t\t<div class=\"elementor-widget-container\">\n\t\t\t\t\t<h3 class=\"elementor-heading-title elementor-size-default\">CUSTOM BELT<\/h3>\t\t\t\t<\/div>\n\t\t\t\t<\/div>\n\t\t\t\t<div class=\"elementor-element elementor-element-727eee83 elementor-widget__width-initial elementor-widget elementor-widget-text-editor\" data-id=\"727eee83\" data-element_type=\"widget\" data-e-type=\"widget\" data-widget_type=\"text-editor.default\">\n\t\t\t\t<div class=\"elementor-widget-container\">\n\t\t\t\t\t\t\t\t\t<h3><em><strong>F\u00dcR SIE GEFERTIGT<\/strong><\/em><\/h3><p>Ein vollst\u00e4ndig individualisiertes F\u00f6rderband, ma\u00dfgeschneidert f\u00fcr Ihre Anforderungen. Durch die Anbringung von L\u00e4ngs- und Querprofilen k\u00f6nnen wir das Band nach jeder Ihrer technischen Spezifikationen gestalten und garantieren eine einzigartige L\u00f6sung, die perfekt auf die Anforderungen Ihrer Anwendung abgestimmt ist. <\/p>\t\t\t\t\t\t\t\t<\/div>\n\t\t\t\t<\/div>\n\t\t\t\t<div class=\"elementor-element elementor-element-46bbf568 elementor-align-center elementor-widget elementor-widget-button\" data-id=\"46bbf568\" data-element_type=\"widget\" data-e-type=\"widget\" data-widget_type=\"button.default\">\n\t\t\t\t<div class=\"elementor-widget-container\">\n\t\t\t\t\t\t\t\t\t<div class=\"elementor-button-wrapper\">\n\t\t\t\t\t<a class=\"elementor-button elementor-button-link elementor-size-sm\" href=\"https:\/\/www.barbierispa.com\/categoria-prodotto\/custom-belt\/\">\n\t\t\t\t\t\t<span class=\"elementor-button-content-wrapper\">\n\t\t\t\t\t\t\t\t\t<span class=\"elementor-button-text\">Finden Sie mehr heraus<\/span>\n\t\t\t\t\t<\/span>\n\t\t\t\t\t<\/a>\n\t\t\t\t<\/div>\n\t\t\t\t\t\t\t\t<\/div>\n\t\t\t\t<\/div>\n\t\t\t\t\t<\/div>\n\t\t\t\t<\/div>\n\t\t\t\t<\/div>\n\t\t","protected":false},"excerpt":{"rendered":"<p>Qualit\u00e4tskontrolle Wir sind stolz auf unsere Arbeit und setzen uns kontinuierlich daf\u00fcr ein, dass unsere Kunden stets mit den von uns angebotenen Produkten zufrieden sind. Dank strenger und kontinuierlicher Qualit\u00e4tskontrollen in allen Produktionsphasen hat das Unternehmen Barbieri die Qualit\u00e4tszertifizierung UNI EN ISO 9001:2015 erhalten, ein Meilenstein, der unser Engagement f\u00fcr kontinuierliche Verbesserung und stetige Weiterentwicklung [&hellip;]<\/p>\n","protected":false},"author":3,"featured_media":5215,"parent":5161,"menu_order":0,"comment_status":"closed","ping_status":"closed","template":"","meta":{"_acf_changed":false,"footnotes":""},"class_list":["post-5217","page","type-page","status-publish","has-post-thumbnail","hentry"],"acf":[],"yoast_head":"<!-- This site is optimized with the Yoast SEO plugin v27.2 - https:\/\/yoast.com\/product\/yoast-seo-wordpress\/ -->\n<title>ISO 9001-zertifizierte Qualit\u00e4tskontrolle<\/title>\n<meta name=\"description\" content=\"Materialpr\u00fcfungen, Mischungskontrollen und \u00fcberwachte Produktion: Qualit\u00e4t garantiert in jeder Phase des Prozesses.\" \/>\n<meta name=\"robots\" content=\"index, follow, max-snippet:-1, max-image-preview:large, max-video-preview:-1\" \/>\n<link rel=\"canonical\" href=\"https:\/\/www.barbierispa.com\/de\/verarbeitung-und-dienstleistungen\/qualitatskontrolle\/\" \/>\n<meta property=\"og:locale\" content=\"de_DE\" \/>\n<meta property=\"og:type\" content=\"article\" \/>\n<meta property=\"og:title\" content=\"ISO 9001-zertifizierte Qualit\u00e4tskontrolle\" \/>\n<meta property=\"og:description\" content=\"Materialpr\u00fcfungen, Mischungskontrollen und \u00fcberwachte Produktion: Qualit\u00e4t garantiert in jeder Phase des Prozesses.\" \/>\n<meta property=\"og:url\" content=\"https:\/\/www.barbierispa.com\/de\/verarbeitung-und-dienstleistungen\/qualitatskontrolle\/\" \/>\n<meta property=\"og:site_name\" content=\"Barbieri Spa\" \/>\n<meta property=\"article:modified_time\" content=\"2026-04-16T08:31:57+00:00\" \/>\n<meta property=\"og:image\" content=\"https:\/\/www.barbierispa.com\/wp-content\/uploads\/2025\/03\/Barbieri-foto-di-laboratorio.jpg\" \/>\n\t<meta property=\"og:image:width\" content=\"1440\" \/>\n\t<meta property=\"og:image:height\" content=\"960\" \/>\n\t<meta property=\"og:image:type\" content=\"image\/jpeg\" \/>\n<meta name=\"twitter:card\" content=\"summary_large_image\" \/>\n<meta name=\"twitter:label1\" content=\"Gesch\u00e4tzte Lesezeit\" \/>\n\t<meta name=\"twitter:data1\" content=\"3\u00a0Minuten\" \/>\n<script type=\"application\/ld+json\" class=\"yoast-schema-graph\">{\"@context\":\"https:\/\/schema.org\",\"@graph\":[{\"@type\":\"WebPage\",\"@id\":\"https:\/\/www.barbierispa.com\/de\/verarbeitung-und-dienstleistungen\/qualitatskontrolle\/\",\"url\":\"https:\/\/www.barbierispa.com\/de\/verarbeitung-und-dienstleistungen\/qualitatskontrolle\/\",\"name\":\"ISO 9001-zertifizierte Qualit\u00e4tskontrolle\",\"isPartOf\":{\"@id\":\"https:\/\/www.barbierispa.com\/de\/#website\"},\"primaryImageOfPage\":{\"@id\":\"https:\/\/www.barbierispa.com\/de\/verarbeitung-und-dienstleistungen\/qualitatskontrolle\/#primaryimage\"},\"image\":{\"@id\":\"https:\/\/www.barbierispa.com\/de\/verarbeitung-und-dienstleistungen\/qualitatskontrolle\/#primaryimage\"},\"thumbnailUrl\":\"https:\/\/www.barbierispa.com\/wp-content\/uploads\/2025\/03\/Barbieri-foto-di-laboratorio.jpg\",\"datePublished\":\"2025-03-06T11:36:30+00:00\",\"dateModified\":\"2026-04-16T08:31:57+00:00\",\"description\":\"Materialpr\u00fcfungen, Mischungskontrollen und \u00fcberwachte Produktion: Qualit\u00e4t garantiert in jeder Phase des Prozesses.\",\"breadcrumb\":{\"@id\":\"https:\/\/www.barbierispa.com\/de\/verarbeitung-und-dienstleistungen\/qualitatskontrolle\/#breadcrumb\"},\"inLanguage\":\"de\",\"potentialAction\":[{\"@type\":\"ReadAction\",\"target\":[\"https:\/\/www.barbierispa.com\/de\/verarbeitung-und-dienstleistungen\/qualitatskontrolle\/\"]}]},{\"@type\":\"ImageObject\",\"inLanguage\":\"de\",\"@id\":\"https:\/\/www.barbierispa.com\/de\/verarbeitung-und-dienstleistungen\/qualitatskontrolle\/#primaryimage\",\"url\":\"https:\/\/www.barbierispa.com\/wp-content\/uploads\/2025\/03\/Barbieri-foto-di-laboratorio.jpg\",\"contentUrl\":\"https:\/\/www.barbierispa.com\/wp-content\/uploads\/2025\/03\/Barbieri-foto-di-laboratorio.jpg\",\"width\":1440,\"height\":960},{\"@type\":\"BreadcrumbList\",\"@id\":\"https:\/\/www.barbierispa.com\/de\/verarbeitung-und-dienstleistungen\/qualitatskontrolle\/#breadcrumb\",\"itemListElement\":[{\"@type\":\"ListItem\",\"position\":1,\"name\":\"Home\",\"item\":\"https:\/\/www.barbierispa.com\/de\/home\/\"},{\"@type\":\"ListItem\",\"position\":2,\"name\":\"Verarbeitung und Dienstleistungen\",\"item\":\"https:\/\/www.barbierispa.com\/de\/verarbeitung-und-dienstleistungen\/\"},{\"@type\":\"ListItem\",\"position\":3,\"name\":\"Qualit\u00e4tskontrolle\"}]},{\"@type\":\"WebSite\",\"@id\":\"https:\/\/www.barbierispa.com\/de\/#website\",\"url\":\"https:\/\/www.barbierispa.com\/de\/\",\"name\":\"Barbieri Spa\",\"description\":\"\",\"publisher\":{\"@id\":\"https:\/\/www.barbierispa.com\/de\/#organization\"},\"potentialAction\":[{\"@type\":\"SearchAction\",\"target\":{\"@type\":\"EntryPoint\",\"urlTemplate\":\"https:\/\/www.barbierispa.com\/de\/?s={search_term_string}\"},\"query-input\":{\"@type\":\"PropertyValueSpecification\",\"valueRequired\":true,\"valueName\":\"search_term_string\"}}],\"inLanguage\":\"de\"},{\"@type\":\"Organization\",\"@id\":\"https:\/\/www.barbierispa.com\/de\/#organization\",\"name\":\"Barbieri Spa\",\"url\":\"https:\/\/www.barbierispa.com\/de\/\",\"logo\":{\"@type\":\"ImageObject\",\"inLanguage\":\"de\",\"@id\":\"https:\/\/www.barbierispa.com\/de\/#\/schema\/logo\/image\/\",\"url\":\"https:\/\/www.barbierispa.com\/wp-content\/uploads\/2025\/01\/barbieri-logo-2x.png\",\"contentUrl\":\"https:\/\/www.barbierispa.com\/wp-content\/uploads\/2025\/01\/barbieri-logo-2x.png\",\"width\":291,\"height\":188,\"caption\":\"Barbieri Spa\"},\"image\":{\"@id\":\"https:\/\/www.barbierispa.com\/de\/#\/schema\/logo\/image\/\"}}]}<\/script>\n<!-- \/ Yoast SEO plugin. -->","yoast_head_json":{"title":"ISO 9001-zertifizierte Qualit\u00e4tskontrolle","description":"Materialpr\u00fcfungen, Mischungskontrollen und \u00fcberwachte Produktion: Qualit\u00e4t garantiert in jeder Phase des Prozesses.","robots":{"index":"index","follow":"follow","max-snippet":"max-snippet:-1","max-image-preview":"max-image-preview:large","max-video-preview":"max-video-preview:-1"},"canonical":"https:\/\/www.barbierispa.com\/de\/verarbeitung-und-dienstleistungen\/qualitatskontrolle\/","og_locale":"de_DE","og_type":"article","og_title":"ISO 9001-zertifizierte Qualit\u00e4tskontrolle","og_description":"Materialpr\u00fcfungen, Mischungskontrollen und \u00fcberwachte Produktion: Qualit\u00e4t garantiert in jeder Phase des Prozesses.","og_url":"https:\/\/www.barbierispa.com\/de\/verarbeitung-und-dienstleistungen\/qualitatskontrolle\/","og_site_name":"Barbieri Spa","article_modified_time":"2026-04-16T08:31:57+00:00","og_image":[{"width":1440,"height":960,"url":"https:\/\/www.barbierispa.com\/wp-content\/uploads\/2025\/03\/Barbieri-foto-di-laboratorio.jpg","type":"image\/jpeg"}],"twitter_card":"summary_large_image","twitter_misc":{"Gesch\u00e4tzte Lesezeit":"3\u00a0Minuten"},"schema":{"@context":"https:\/\/schema.org","@graph":[{"@type":"WebPage","@id":"https:\/\/www.barbierispa.com\/de\/verarbeitung-und-dienstleistungen\/qualitatskontrolle\/","url":"https:\/\/www.barbierispa.com\/de\/verarbeitung-und-dienstleistungen\/qualitatskontrolle\/","name":"ISO 9001-zertifizierte Qualit\u00e4tskontrolle","isPartOf":{"@id":"https:\/\/www.barbierispa.com\/de\/#website"},"primaryImageOfPage":{"@id":"https:\/\/www.barbierispa.com\/de\/verarbeitung-und-dienstleistungen\/qualitatskontrolle\/#primaryimage"},"image":{"@id":"https:\/\/www.barbierispa.com\/de\/verarbeitung-und-dienstleistungen\/qualitatskontrolle\/#primaryimage"},"thumbnailUrl":"https:\/\/www.barbierispa.com\/wp-content\/uploads\/2025\/03\/Barbieri-foto-di-laboratorio.jpg","datePublished":"2025-03-06T11:36:30+00:00","dateModified":"2026-04-16T08:31:57+00:00","description":"Materialpr\u00fcfungen, Mischungskontrollen und \u00fcberwachte Produktion: Qualit\u00e4t garantiert in jeder Phase des Prozesses.","breadcrumb":{"@id":"https:\/\/www.barbierispa.com\/de\/verarbeitung-und-dienstleistungen\/qualitatskontrolle\/#breadcrumb"},"inLanguage":"de","potentialAction":[{"@type":"ReadAction","target":["https:\/\/www.barbierispa.com\/de\/verarbeitung-und-dienstleistungen\/qualitatskontrolle\/"]}]},{"@type":"ImageObject","inLanguage":"de","@id":"https:\/\/www.barbierispa.com\/de\/verarbeitung-und-dienstleistungen\/qualitatskontrolle\/#primaryimage","url":"https:\/\/www.barbierispa.com\/wp-content\/uploads\/2025\/03\/Barbieri-foto-di-laboratorio.jpg","contentUrl":"https:\/\/www.barbierispa.com\/wp-content\/uploads\/2025\/03\/Barbieri-foto-di-laboratorio.jpg","width":1440,"height":960},{"@type":"BreadcrumbList","@id":"https:\/\/www.barbierispa.com\/de\/verarbeitung-und-dienstleistungen\/qualitatskontrolle\/#breadcrumb","itemListElement":[{"@type":"ListItem","position":1,"name":"Home","item":"https:\/\/www.barbierispa.com\/de\/home\/"},{"@type":"ListItem","position":2,"name":"Verarbeitung und Dienstleistungen","item":"https:\/\/www.barbierispa.com\/de\/verarbeitung-und-dienstleistungen\/"},{"@type":"ListItem","position":3,"name":"Qualit\u00e4tskontrolle"}]},{"@type":"WebSite","@id":"https:\/\/www.barbierispa.com\/de\/#website","url":"https:\/\/www.barbierispa.com\/de\/","name":"Barbieri Spa","description":"","publisher":{"@id":"https:\/\/www.barbierispa.com\/de\/#organization"},"potentialAction":[{"@type":"SearchAction","target":{"@type":"EntryPoint","urlTemplate":"https:\/\/www.barbierispa.com\/de\/?s={search_term_string}"},"query-input":{"@type":"PropertyValueSpecification","valueRequired":true,"valueName":"search_term_string"}}],"inLanguage":"de"},{"@type":"Organization","@id":"https:\/\/www.barbierispa.com\/de\/#organization","name":"Barbieri Spa","url":"https:\/\/www.barbierispa.com\/de\/","logo":{"@type":"ImageObject","inLanguage":"de","@id":"https:\/\/www.barbierispa.com\/de\/#\/schema\/logo\/image\/","url":"https:\/\/www.barbierispa.com\/wp-content\/uploads\/2025\/01\/barbieri-logo-2x.png","contentUrl":"https:\/\/www.barbierispa.com\/wp-content\/uploads\/2025\/01\/barbieri-logo-2x.png","width":291,"height":188,"caption":"Barbieri Spa"},"image":{"@id":"https:\/\/www.barbierispa.com\/de\/#\/schema\/logo\/image\/"}}]}},"_links":{"self":[{"href":"https:\/\/www.barbierispa.com\/de\/wp-json\/wp\/v2\/pages\/5217","targetHints":{"allow":["GET"]}}],"collection":[{"href":"https:\/\/www.barbierispa.com\/de\/wp-json\/wp\/v2\/pages"}],"about":[{"href":"https:\/\/www.barbierispa.com\/de\/wp-json\/wp\/v2\/types\/page"}],"author":[{"embeddable":true,"href":"https:\/\/www.barbierispa.com\/de\/wp-json\/wp\/v2\/users\/3"}],"replies":[{"embeddable":true,"href":"https:\/\/www.barbierispa.com\/de\/wp-json\/wp\/v2\/comments?post=5217"}],"version-history":[{"count":1,"href":"https:\/\/www.barbierispa.com\/de\/wp-json\/wp\/v2\/pages\/5217\/revisions"}],"predecessor-version":[{"id":5219,"href":"https:\/\/www.barbierispa.com\/de\/wp-json\/wp\/v2\/pages\/5217\/revisions\/5219"}],"up":[{"embeddable":true,"href":"https:\/\/www.barbierispa.com\/de\/wp-json\/wp\/v2\/pages\/5161"}],"wp:featuredmedia":[{"embeddable":true,"href":"https:\/\/www.barbierispa.com\/de\/wp-json\/wp\/v2\/media\/5215"}],"wp:attachment":[{"href":"https:\/\/www.barbierispa.com\/de\/wp-json\/wp\/v2\/media?parent=5217"}],"curies":[{"name":"wp","href":"https:\/\/api.w.org\/{rel}","templated":true}]}}