{"id":5231,"date":"2025-03-10T17:05:47","date_gmt":"2025-03-10T17:05:47","guid":{"rendered":"https:\/\/www.barbierispa.com\/unternehmen\/qualitaets-und-sicherheitszertifizierungen\/"},"modified":"2026-04-16T08:33:13","modified_gmt":"2026-04-16T08:33:13","slug":"qualitaets-und-sicherheitszertifizierungen","status":"publish","type":"page","link":"https:\/\/www.barbierispa.com\/de\/unternehmen\/qualitaets-und-sicherheitszertifizierungen\/","title":{"rendered":"Qualit\u00e4ts- und Sicherheitszertifizierungen"},"content":{"rendered":"\t\t<div data-elementor-type=\"wp-page\" data-elementor-id=\"5231\" class=\"elementor elementor-5231 elementor-841\" data-elementor-post-type=\"page\">\n\t\t\t\t<div class=\"elementor-element elementor-element-7c6fa861 e-con-full e-flex e-con e-parent\" data-id=\"7c6fa861\" data-element_type=\"container\" data-e-type=\"container\">\n\t\t<div class=\"elementor-element elementor-element-5a7ce3b5 e-con-full e-flex e-con e-child\" data-id=\"5a7ce3b5\" data-element_type=\"container\" data-e-type=\"container\" data-settings=\"{&quot;background_background&quot;:&quot;classic&quot;}\">\n\t\t\t\t<\/div>\n\t\t<div class=\"elementor-element elementor-element-62037e67 e-con-full e-flex e-con e-child\" data-id=\"62037e67\" data-element_type=\"container\" data-e-type=\"container\" data-settings=\"{&quot;background_background&quot;:&quot;classic&quot;}\">\n\t\t<div class=\"elementor-element elementor-element-3c2dd10 e-con-full e-flex e-con e-child\" data-id=\"3c2dd10\" data-element_type=\"container\" data-e-type=\"container\">\n\t\t\t\t<div class=\"elementor-element elementor-element-39803538 elementor-widget elementor-widget-heading\" data-id=\"39803538\" data-element_type=\"widget\" data-e-type=\"widget\" data-widget_type=\"heading.default\">\n\t\t\t\t<div class=\"elementor-widget-container\">\n\t\t\t\t\t<h1 class=\"elementor-heading-title elementor-size-default\">QUALIT\u00c4TS- UND SICHERHEITSZERTIFIZIERUNGEN<\/h1>\t\t\t\t<\/div>\n\t\t\t\t<\/div>\n\t\t\t\t<div class=\"elementor-element elementor-element-4953874f elementor-widget elementor-widget-text-editor\" data-id=\"4953874f\" data-element_type=\"widget\" data-e-type=\"widget\" data-widget_type=\"text-editor.default\">\n\t\t\t\t<div class=\"elementor-widget-container\">\n\t\t\t\t\t\t\t\t\t<p>Seit jeher verpflichtet sich das Unternehmen, in jeder Phase des Produktionsprozesses h\u00f6chste Qualit\u00e4ts- und Sicherheitsstandards zu gew\u00e4hrleisten.<\/p>\t\t\t\t\t\t\t\t<\/div>\n\t\t\t\t<\/div>\n\t\t\t\t<\/div>\n\t\t\t\t<\/div>\n\t\t\t\t<\/div>\n\t\t<div class=\"elementor-element elementor-element-511c827 e-flex e-con-boxed e-con e-parent\" data-id=\"511c827\" data-element_type=\"container\" data-e-type=\"container\">\n\t\t\t\t\t<div class=\"e-con-inner\">\n\t\t<div class=\"elementor-element elementor-element-f11e193 e-con-full e-flex e-con e-child\" data-id=\"f11e193\" data-element_type=\"container\" data-e-type=\"container\">\n\t\t\t\t<div class=\"elementor-element elementor-element-5874c45 elementor-widget elementor-widget-text-editor\" data-id=\"5874c45\" data-element_type=\"widget\" data-e-type=\"widget\" data-widget_type=\"text-editor.default\">\n\t\t\t\t<div class=\"elementor-widget-container\">\n\t\t\t\t\t\t\t\t\t<p>Unsere Zertifizierungen belegen die Zuverl\u00e4ssigkeit, Konformit\u00e4t und das kontinuierliche Streben nach Exzellenz, indem sie internationalen Normen und den spezifischen Anforderungen unserer Kunden entsprechen. Jedes von uns hergestellte Produkt ist das Ergebnis einer strengen Qualit\u00e4tskontrolle, die darauf abzielt, hohe und dauerhafte Leistungen unter Einhaltung der Umwelt- und Sicherheitsvorschriften zu gew\u00e4hrleisten. <\/p>\t\t\t\t\t\t\t\t<\/div>\n\t\t\t\t<\/div>\n\t\t\t\t<\/div>\n\t\t\t\t\t<\/div>\n\t\t\t\t<\/div>\n\t\t<div class=\"elementor-element elementor-element-41a89de e-flex e-con-boxed e-con e-parent\" data-id=\"41a89de\" data-element_type=\"container\" data-e-type=\"container\">\n\t\t\t\t\t<div class=\"e-con-inner\">\n\t\t<div class=\"elementor-element elementor-element-bdb0013 e-con-full e-flex e-con e-child\" data-id=\"bdb0013\" data-element_type=\"container\" data-e-type=\"container\" data-settings=\"{&quot;background_background&quot;:&quot;classic&quot;}\">\n\t\t\t\t<div class=\"elementor-element elementor-element-0311ddb elementor-widget elementor-widget-heading\" data-id=\"0311ddb\" data-element_type=\"widget\" data-e-type=\"widget\" data-widget_type=\"heading.default\">\n\t\t\t\t<div class=\"elementor-widget-container\">\n\t\t\t\t\t<h3 class=\"elementor-heading-title elementor-size-default\">ZERTIFIZIERUNG UNI EN ISO 9001<\/h3>\t\t\t\t<\/div>\n\t\t\t\t<\/div>\n\t\t\t\t<div class=\"elementor-element elementor-element-f5e456a elementor-widget elementor-widget-text-editor\" data-id=\"f5e456a\" data-element_type=\"widget\" data-e-type=\"widget\" data-widget_type=\"text-editor.default\">\n\t\t\t\t<div class=\"elementor-widget-container\">\n\t\t\t\t\t\t\t\t\t<p>Die Zertifizierung UNI EN ISO 9001 ist einer der international anerkanntesten Standards f\u00fcr Qualit\u00e4tsmanagementsysteme. Sie bescheinigt, dass ein Unternehmen ein Managementsystem implementiert und aufrechterhalten hat, um sicherzustellen, dass seine Produkte und Dienstleistungen die Anforderungen der Kunden erf\u00fcllen und den geltenden gesetzlichen und regulatorischen Vorschriften entsprechen. <\/p>\n<p>Das Qualit\u00e4tsmanagementsystem ISO 9001 konzentriert sich auf Kundenzufriedenheit, F\u00fchrung, Engagement der Mitarbeiter, kontinuierliche Verbesserung und einen risikobasierten Ansatz, der Unternehmen dabei hilft, wettbewerbsf\u00e4higer zu sein und auf Marktherausforderungen zu reagieren.<\/p>\t\t\t\t\t\t\t\t<\/div>\n\t\t\t\t<\/div>\n\t\t\t\t<div class=\"elementor-element elementor-element-aa74dea elementor-widget elementor-widget-button\" data-id=\"aa74dea\" data-element_type=\"widget\" data-e-type=\"widget\" data-widget_type=\"button.default\">\n\t\t\t\t<div class=\"elementor-widget-container\">\n\t\t\t\t\t\t\t\t\t<div class=\"elementor-button-wrapper\">\n\t\t\t\t\t<a class=\"elementor-button elementor-button-link elementor-size-sm\" href=\"https:\/\/www.barbierispa.com\/wp-content\/uploads\/2026\/03\/CERT13851REV004-ITA-EN.pdf\">\n\t\t\t\t\t\t<span class=\"elementor-button-content-wrapper\">\n\t\t\t\t\t\t\t\t\t<span class=\"elementor-button-text\">Zertifikat herunterladen<\/span>\n\t\t\t\t\t<\/span>\n\t\t\t\t\t<\/a>\n\t\t\t\t<\/div>\n\t\t\t\t\t\t\t\t<\/div>\n\t\t\t\t<\/div>\n\t\t\t\t<\/div>\n\t\t<div class=\"elementor-element elementor-element-2eaf783 e-con-full e-flex e-con e-child\" data-id=\"2eaf783\" data-element_type=\"container\" data-e-type=\"container\" data-settings=\"{&quot;background_background&quot;:&quot;classic&quot;}\">\n\t\t\t\t<\/div>\n\t\t\t\t\t<\/div>\n\t\t\t\t<\/div>\n\t\t\t\t<\/div>\n\t\t","protected":false},"excerpt":{"rendered":"<p>QUALIT\u00c4TS- UND SICHERHEITSZERTIFIZIERUNGEN Seit jeher verpflichtet sich das Unternehmen, in jeder Phase des Produktionsprozesses h\u00f6chste Qualit\u00e4ts- und Sicherheitsstandards zu gew\u00e4hrleisten. Unsere Zertifizierungen belegen die Zuverl\u00e4ssigkeit, Konformit\u00e4t und das kontinuierliche Streben nach Exzellenz, indem sie internationalen Normen und den spezifischen Anforderungen unserer Kunden entsprechen. Jedes von uns hergestellte Produkt ist das Ergebnis einer strengen Qualit\u00e4tskontrolle, die [&hellip;]<\/p>\n","protected":false},"author":3,"featured_media":5123,"parent":5119,"menu_order":0,"comment_status":"closed","ping_status":"closed","template":"","meta":{"_acf_changed":false,"footnotes":""},"class_list":["post-5231","page","type-page","status-publish","has-post-thumbnail","hentry"],"acf":[],"yoast_head":"<!-- This site is optimized with the Yoast SEO plugin v27.2 - https:\/\/yoast.com\/product\/yoast-seo-wordpress\/ -->\n<title>ISO-Zertifizierungen und Prozessqualit\u00e4t<\/title>\n<meta name=\"description\" content=\"ISO 9001:2015-zertifizierte Qualit\u00e4t und hohe Sicherheitsstandards f\u00fcr jede Produktions- und Kontrollphase.\" \/>\n<meta name=\"robots\" content=\"index, follow, max-snippet:-1, max-image-preview:large, max-video-preview:-1\" \/>\n<link rel=\"canonical\" href=\"https:\/\/www.barbierispa.com\/de\/unternehmen\/qualitaets-und-sicherheitszertifizierungen\/\" \/>\n<meta property=\"og:locale\" content=\"de_DE\" \/>\n<meta property=\"og:type\" content=\"article\" \/>\n<meta property=\"og:title\" content=\"ISO-Zertifizierungen und Prozessqualit\u00e4t\" \/>\n<meta property=\"og:description\" content=\"ISO 9001:2015-zertifizierte Qualit\u00e4t und hohe Sicherheitsstandards f\u00fcr jede Produktions- und Kontrollphase.\" \/>\n<meta property=\"og:url\" content=\"https:\/\/www.barbierispa.com\/de\/unternehmen\/qualitaets-und-sicherheitszertifizierungen\/\" \/>\n<meta property=\"og:site_name\" content=\"Barbieri Spa\" \/>\n<meta property=\"article:modified_time\" content=\"2026-04-16T08:33:13+00:00\" \/>\n<meta property=\"og:image\" content=\"https:\/\/www.barbierispa.com\/wp-content\/uploads\/2025\/03\/Barbieri-certificazioni.jpg\" \/>\n\t<meta property=\"og:image:width\" content=\"660\" \/>\n\t<meta property=\"og:image:height\" content=\"440\" \/>\n\t<meta property=\"og:image:type\" content=\"image\/jpeg\" \/>\n<meta name=\"twitter:card\" content=\"summary_large_image\" \/>\n<meta name=\"twitter:label1\" content=\"Gesch\u00e4tzte Lesezeit\" \/>\n\t<meta name=\"twitter:data1\" content=\"1\u00a0Minute\" \/>\n<script type=\"application\/ld+json\" class=\"yoast-schema-graph\">{\"@context\":\"https:\/\/schema.org\",\"@graph\":[{\"@type\":\"WebPage\",\"@id\":\"https:\/\/www.barbierispa.com\/de\/unternehmen\/qualitaets-und-sicherheitszertifizierungen\/\",\"url\":\"https:\/\/www.barbierispa.com\/de\/unternehmen\/qualitaets-und-sicherheitszertifizierungen\/\",\"name\":\"ISO-Zertifizierungen und Prozessqualit\u00e4t\",\"isPartOf\":{\"@id\":\"https:\/\/www.barbierispa.com\/de\/#website\"},\"primaryImageOfPage\":{\"@id\":\"https:\/\/www.barbierispa.com\/de\/unternehmen\/qualitaets-und-sicherheitszertifizierungen\/#primaryimage\"},\"image\":{\"@id\":\"https:\/\/www.barbierispa.com\/de\/unternehmen\/qualitaets-und-sicherheitszertifizierungen\/#primaryimage\"},\"thumbnailUrl\":\"https:\/\/www.barbierispa.com\/wp-content\/uploads\/2025\/03\/Barbieri-certificazioni.jpg\",\"datePublished\":\"2025-03-10T17:05:47+00:00\",\"dateModified\":\"2026-04-16T08:33:13+00:00\",\"description\":\"ISO 9001:2015-zertifizierte Qualit\u00e4t und hohe Sicherheitsstandards f\u00fcr jede Produktions- und Kontrollphase.\",\"breadcrumb\":{\"@id\":\"https:\/\/www.barbierispa.com\/de\/unternehmen\/qualitaets-und-sicherheitszertifizierungen\/#breadcrumb\"},\"inLanguage\":\"de\",\"potentialAction\":[{\"@type\":\"ReadAction\",\"target\":[\"https:\/\/www.barbierispa.com\/de\/unternehmen\/qualitaets-und-sicherheitszertifizierungen\/\"]}]},{\"@type\":\"ImageObject\",\"inLanguage\":\"de\",\"@id\":\"https:\/\/www.barbierispa.com\/de\/unternehmen\/qualitaets-und-sicherheitszertifizierungen\/#primaryimage\",\"url\":\"https:\/\/www.barbierispa.com\/wp-content\/uploads\/2025\/03\/Barbieri-certificazioni.jpg\",\"contentUrl\":\"https:\/\/www.barbierispa.com\/wp-content\/uploads\/2025\/03\/Barbieri-certificazioni.jpg\",\"width\":660,\"height\":440},{\"@type\":\"BreadcrumbList\",\"@id\":\"https:\/\/www.barbierispa.com\/de\/unternehmen\/qualitaets-und-sicherheitszertifizierungen\/#breadcrumb\",\"itemListElement\":[{\"@type\":\"ListItem\",\"position\":1,\"name\":\"Home\",\"item\":\"https:\/\/www.barbierispa.com\/de\/home\/\"},{\"@type\":\"ListItem\",\"position\":2,\"name\":\"Unternehmen\",\"item\":\"https:\/\/www.barbierispa.com\/de\/unternehmen\/\"},{\"@type\":\"ListItem\",\"position\":3,\"name\":\"Qualit\u00e4ts- und Sicherheitszertifizierungen\"}]},{\"@type\":\"WebSite\",\"@id\":\"https:\/\/www.barbierispa.com\/de\/#website\",\"url\":\"https:\/\/www.barbierispa.com\/de\/\",\"name\":\"Barbieri Spa\",\"description\":\"\",\"publisher\":{\"@id\":\"https:\/\/www.barbierispa.com\/de\/#organization\"},\"potentialAction\":[{\"@type\":\"SearchAction\",\"target\":{\"@type\":\"EntryPoint\",\"urlTemplate\":\"https:\/\/www.barbierispa.com\/de\/?s={search_term_string}\"},\"query-input\":{\"@type\":\"PropertyValueSpecification\",\"valueRequired\":true,\"valueName\":\"search_term_string\"}}],\"inLanguage\":\"de\"},{\"@type\":\"Organization\",\"@id\":\"https:\/\/www.barbierispa.com\/de\/#organization\",\"name\":\"Barbieri Spa\",\"url\":\"https:\/\/www.barbierispa.com\/de\/\",\"logo\":{\"@type\":\"ImageObject\",\"inLanguage\":\"de\",\"@id\":\"https:\/\/www.barbierispa.com\/de\/#\/schema\/logo\/image\/\",\"url\":\"https:\/\/www.barbierispa.com\/wp-content\/uploads\/2025\/01\/barbieri-logo-2x.png\",\"contentUrl\":\"https:\/\/www.barbierispa.com\/wp-content\/uploads\/2025\/01\/barbieri-logo-2x.png\",\"width\":291,\"height\":188,\"caption\":\"Barbieri Spa\"},\"image\":{\"@id\":\"https:\/\/www.barbierispa.com\/de\/#\/schema\/logo\/image\/\"}}]}<\/script>\n<!-- \/ Yoast SEO plugin. -->","yoast_head_json":{"title":"ISO-Zertifizierungen und Prozessqualit\u00e4t","description":"ISO 9001:2015-zertifizierte Qualit\u00e4t und hohe Sicherheitsstandards f\u00fcr jede Produktions- und Kontrollphase.","robots":{"index":"index","follow":"follow","max-snippet":"max-snippet:-1","max-image-preview":"max-image-preview:large","max-video-preview":"max-video-preview:-1"},"canonical":"https:\/\/www.barbierispa.com\/de\/unternehmen\/qualitaets-und-sicherheitszertifizierungen\/","og_locale":"de_DE","og_type":"article","og_title":"ISO-Zertifizierungen und Prozessqualit\u00e4t","og_description":"ISO 9001:2015-zertifizierte Qualit\u00e4t und hohe Sicherheitsstandards f\u00fcr jede Produktions- und Kontrollphase.","og_url":"https:\/\/www.barbierispa.com\/de\/unternehmen\/qualitaets-und-sicherheitszertifizierungen\/","og_site_name":"Barbieri Spa","article_modified_time":"2026-04-16T08:33:13+00:00","og_image":[{"width":660,"height":440,"url":"https:\/\/www.barbierispa.com\/wp-content\/uploads\/2025\/03\/Barbieri-certificazioni.jpg","type":"image\/jpeg"}],"twitter_card":"summary_large_image","twitter_misc":{"Gesch\u00e4tzte Lesezeit":"1\u00a0Minute"},"schema":{"@context":"https:\/\/schema.org","@graph":[{"@type":"WebPage","@id":"https:\/\/www.barbierispa.com\/de\/unternehmen\/qualitaets-und-sicherheitszertifizierungen\/","url":"https:\/\/www.barbierispa.com\/de\/unternehmen\/qualitaets-und-sicherheitszertifizierungen\/","name":"ISO-Zertifizierungen und Prozessqualit\u00e4t","isPartOf":{"@id":"https:\/\/www.barbierispa.com\/de\/#website"},"primaryImageOfPage":{"@id":"https:\/\/www.barbierispa.com\/de\/unternehmen\/qualitaets-und-sicherheitszertifizierungen\/#primaryimage"},"image":{"@id":"https:\/\/www.barbierispa.com\/de\/unternehmen\/qualitaets-und-sicherheitszertifizierungen\/#primaryimage"},"thumbnailUrl":"https:\/\/www.barbierispa.com\/wp-content\/uploads\/2025\/03\/Barbieri-certificazioni.jpg","datePublished":"2025-03-10T17:05:47+00:00","dateModified":"2026-04-16T08:33:13+00:00","description":"ISO 9001:2015-zertifizierte Qualit\u00e4t und hohe Sicherheitsstandards f\u00fcr jede Produktions- und Kontrollphase.","breadcrumb":{"@id":"https:\/\/www.barbierispa.com\/de\/unternehmen\/qualitaets-und-sicherheitszertifizierungen\/#breadcrumb"},"inLanguage":"de","potentialAction":[{"@type":"ReadAction","target":["https:\/\/www.barbierispa.com\/de\/unternehmen\/qualitaets-und-sicherheitszertifizierungen\/"]}]},{"@type":"ImageObject","inLanguage":"de","@id":"https:\/\/www.barbierispa.com\/de\/unternehmen\/qualitaets-und-sicherheitszertifizierungen\/#primaryimage","url":"https:\/\/www.barbierispa.com\/wp-content\/uploads\/2025\/03\/Barbieri-certificazioni.jpg","contentUrl":"https:\/\/www.barbierispa.com\/wp-content\/uploads\/2025\/03\/Barbieri-certificazioni.jpg","width":660,"height":440},{"@type":"BreadcrumbList","@id":"https:\/\/www.barbierispa.com\/de\/unternehmen\/qualitaets-und-sicherheitszertifizierungen\/#breadcrumb","itemListElement":[{"@type":"ListItem","position":1,"name":"Home","item":"https:\/\/www.barbierispa.com\/de\/home\/"},{"@type":"ListItem","position":2,"name":"Unternehmen","item":"https:\/\/www.barbierispa.com\/de\/unternehmen\/"},{"@type":"ListItem","position":3,"name":"Qualit\u00e4ts- und Sicherheitszertifizierungen"}]},{"@type":"WebSite","@id":"https:\/\/www.barbierispa.com\/de\/#website","url":"https:\/\/www.barbierispa.com\/de\/","name":"Barbieri Spa","description":"","publisher":{"@id":"https:\/\/www.barbierispa.com\/de\/#organization"},"potentialAction":[{"@type":"SearchAction","target":{"@type":"EntryPoint","urlTemplate":"https:\/\/www.barbierispa.com\/de\/?s={search_term_string}"},"query-input":{"@type":"PropertyValueSpecification","valueRequired":true,"valueName":"search_term_string"}}],"inLanguage":"de"},{"@type":"Organization","@id":"https:\/\/www.barbierispa.com\/de\/#organization","name":"Barbieri Spa","url":"https:\/\/www.barbierispa.com\/de\/","logo":{"@type":"ImageObject","inLanguage":"de","@id":"https:\/\/www.barbierispa.com\/de\/#\/schema\/logo\/image\/","url":"https:\/\/www.barbierispa.com\/wp-content\/uploads\/2025\/01\/barbieri-logo-2x.png","contentUrl":"https:\/\/www.barbierispa.com\/wp-content\/uploads\/2025\/01\/barbieri-logo-2x.png","width":291,"height":188,"caption":"Barbieri Spa"},"image":{"@id":"https:\/\/www.barbierispa.com\/de\/#\/schema\/logo\/image\/"}}]}},"_links":{"self":[{"href":"https:\/\/www.barbierispa.com\/de\/wp-json\/wp\/v2\/pages\/5231","targetHints":{"allow":["GET"]}}],"collection":[{"href":"https:\/\/www.barbierispa.com\/de\/wp-json\/wp\/v2\/pages"}],"about":[{"href":"https:\/\/www.barbierispa.com\/de\/wp-json\/wp\/v2\/types\/page"}],"author":[{"embeddable":true,"href":"https:\/\/www.barbierispa.com\/de\/wp-json\/wp\/v2\/users\/3"}],"replies":[{"embeddable":true,"href":"https:\/\/www.barbierispa.com\/de\/wp-json\/wp\/v2\/comments?post=5231"}],"version-history":[{"count":1,"href":"https:\/\/www.barbierispa.com\/de\/wp-json\/wp\/v2\/pages\/5231\/revisions"}],"predecessor-version":[{"id":5236,"href":"https:\/\/www.barbierispa.com\/de\/wp-json\/wp\/v2\/pages\/5231\/revisions\/5236"}],"up":[{"embeddable":true,"href":"https:\/\/www.barbierispa.com\/de\/wp-json\/wp\/v2\/pages\/5119"}],"wp:featuredmedia":[{"embeddable":true,"href":"https:\/\/www.barbierispa.com\/de\/wp-json\/wp\/v2\/media\/5123"}],"wp:attachment":[{"href":"https:\/\/www.barbierispa.com\/de\/wp-json\/wp\/v2\/media?parent=5231"}],"curies":[{"name":"wp","href":"https:\/\/api.w.org\/{rel}","templated":true}]}}